{"id":7456,"date":"2025-04-08T11:23:46","date_gmt":"2025-04-08T11:23:46","guid":{"rendered":"https:\/\/www.happysunday.eu\/?post_type=product&#038;p=7456"},"modified":"2026-04-07T07:07:09","modified_gmt":"2026-04-07T07:07:09","slug":"iedeguma-veicinatajs-un-pastiprinatajs-175ml","status":"publish","type":"product","link":"https:\/\/www.happysunday.eu\/?product=iedeguma-veicinatajs-un-pastiprinatajs-175ml","title":{"rendered":"IEDEGUMA VEICIN\u0100T\u0100JS UN PASTIPRIN\u0100T\u0100JS 175ML"},"content":{"rendered":"<div id=\"product-title\">\n<p class=\"p1\"><span class=\"s1\">ALL IN ONE TAN ACCELERATOR IEDEGUMA VEICIN\u0100T\u0100JS UN PASTIPRIN\u0100T\u0100JS<\/span><\/p>\n<p class=\"p1\">\n<p class=\"p1\"><span class=\"s1\">Intens\u012bvs un vienm\u0113r\u012bgs iedegums \u2014 \u0101tr\u0101k nek\u0101 jebkad!<\/span><\/p>\n<p class=\"p1\"><span class=\"s2\">All-In-One Tan Accelerator ir \u012bpa\u0161i \u0101tras iedarb\u012bbas aerosols, kas veicina melan\u012bna dabisko ra\u017eo\u0161anos \u0101d\u0101, nodro\u0161inot vienm\u0113r\u012bgu, bag\u0101t\u012bgu un notur\u012bgu iedegumu.<\/span><\/p>\n<p class=\"p1\"><span class=\"s1\">Ko tas dara Tav\u0101 lab\u0101?<\/span><\/p>\n<p class=\"p3\"><span class=\"s2\">\u2022 Formula ar <\/span><span class=\"s1\">Unipertan\u00ae<\/span><span class=\"s2\"> \u2014 inovat\u012bvu biokompleksu, kas pa\u0101trina un pastiprina iedegumu<\/span><\/p>\n<p class=\"p3\"><span class=\"s2\">\u2022 <\/span><span class=\"s1\">Ka\u0146epju \u016bdens<\/span><span class=\"s2\"> \u2014 bag\u0101ts ar vitam\u012bniem un miner\u0101lviel\u0101m, baro \u0101du un pasarg\u0101 to no UV staru rad\u012btajiem boj\u0101jumiem<\/span><\/p>\n<p class=\"p3\"><span class=\"s2\">\u2022 <\/span><span class=\"s1\">Mentols<\/span><span class=\"s2\"> \u2014 pat\u012bkams svaiguma efekts saules iedarb\u012bbas laik\u0101<\/span><\/p>\n<p class=\"p1\"><span class=\"s1\">Viedais lieto\u0161anas princips:<\/span><\/p>\n<p class=\"p3\"><span class=\"s2\">\u2022 Lieto <\/span><span class=\"s1\">ned\u0113\u013cu pirms sau\u013co\u0161an\u0101s<\/span><span class=\"s2\">, lai sagatavotu \u0101du<\/span><\/p>\n<p class=\"p3\"><span class=\"s2\">\u2022 Lieto <\/span><span class=\"s1\">sau\u013cojoties sol\u0101rij\u0101 vai saul\u0113<\/span><span class=\"s2\">, lai pastiprin\u0101tu un pa\u0101trin\u0101tu iedegumu<\/span><\/p>\n<p class=\"p3\"><span class=\"s2\">\u2022 Redzami rezult\u0101ti jau p\u0113c pirm\u0101s lieto\u0161anas \u2014 samtaini maiga, dabiski iedegusi \u0101da<\/span><\/p>\n<p class=\"p1\"><span class=\"s1\">Sader\u012bgs ar visiem That\u2019so saules aizsargl\u012bdzek\u013ciem<\/span><span class=\"s2\"> \u2014 iedarb\u012bbas pastiprin\u0101\u0161anai.<\/span><\/p>\n<p class=\"p1\"><span class=\"s1\">Vasaras must-have!<\/span><\/p>\n<p class=\"p1\"><span class=\"s2\">Ja v\u0113lies ieg\u016bt skaistu, dzi\u013cu iedegumu bez kompromisiem un par\u016bp\u0113ties par savas \u0101das vesel\u012bbu \u2014 \u0161is akselerators ir tie\u0161i tas, kas Tev nepiecie\u0161ams \u0161ai vasarai!<\/span><\/p>\n<\/div>\n","protected":false},"excerpt":{"rendered":"<p>ALL IN ONE TAN ACCELERATOR IEDEGUMA VEICIN\u0100T\u0100JS UN PASTIPRIN\u0100T\u0100JS Intens\u012bvs un vienm\u0113r\u012bgs iedegums \u2014 \u0101tr\u0101k nek\u0101 jebkad! All-In-One Tan Accelerator ir \u012bpa\u0161i \u0101tras iedarb\u012bbas aerosols, kas veicina melan\u012bna dabisko ra\u017eo\u0161anos \u0101d\u0101, nodro\u0161inot vienm\u0113r\u012bgu, bag\u0101t\u012bgu un notur\u012bgu iedegumu. Ko tas dara Tav\u0101 lab\u0101? \u2022 Formula ar Unipertan\u00ae \u2014 inovat\u012bvu biokompleksu, kas pa\u0101trina un pastiprina iedegumu \u2022 Ka\u0146epju \u016bdens \u2014 bag\u0101ts ar vitam\u012bniem un miner\u0101lviel\u0101m, baro \u0101du un pasarg\u0101 to no UV staru rad\u012btajiem boj\u0101jumiem \u2022 Mentols \u2014 pat\u012bkams svaiguma efekts saules iedarb\u012bbas laik\u0101 Viedais lieto\u0161anas princips: \u2022 Lieto ned\u0113\u013cu pirms sau\u013co\u0161an\u0101s,&hellip;<\/p>\n","protected":false},"featured_media":7457,"template":"","meta":[],"product_brand":[],"product_cat":[33,84,34,83],"product_tag":[],"class_list":{"0":"post-7456","1":"product","2":"type-product","3":"status-publish","4":"has-post-thumbnail","6":"product_cat-uncategorized","7":"product_cat-saules-kosmetika","8":"product_cat-kosmetika","9":"product_cat-that-so","11":"first","12":"instock","13":"featured","14":"shipping-taxable","15":"purchasable","16":"product-type-simple"},"_links":{"self":[{"href":"https:\/\/www.happysunday.eu\/index.php?rest_route=\/wp\/v2\/product\/7456","targetHints":{"allow":["GET"]}}],"collection":[{"href":"https:\/\/www.happysunday.eu\/index.php?rest_route=\/wp\/v2\/product"}],"about":[{"href":"https:\/\/www.happysunday.eu\/index.php?rest_route=\/wp\/v2\/types\/product"}],"wp:featuredmedia":[{"embeddable":true,"href":"https:\/\/www.happysunday.eu\/index.php?rest_route=\/wp\/v2\/media\/7457"}],"wp:attachment":[{"href":"https:\/\/www.happysunday.eu\/index.php?rest_route=%2Fwp%2Fv2%2Fmedia&parent=7456"}],"wp:term":[{"taxonomy":"product_brand","embeddable":true,"href":"https:\/\/www.happysunday.eu\/index.php?rest_route=%2Fwp%2Fv2%2Fproduct_brand&post=7456"},{"taxonomy":"product_cat","embeddable":true,"href":"https:\/\/www.happysunday.eu\/index.php?rest_route=%2Fwp%2Fv2%2Fproduct_cat&post=7456"},{"taxonomy":"product_tag","embeddable":true,"href":"https:\/\/www.happysunday.eu\/index.php?rest_route=%2Fwp%2Fv2%2Fproduct_tag&post=7456"}],"curies":[{"name":"wp","href":"https:\/\/api.w.org\/{rel}","templated":true}]}}