{"id":7497,"date":"2025-06-04T18:09:23","date_gmt":"2025-06-04T18:09:23","guid":{"rendered":"https:\/\/www.happysunday.eu\/?post_type=product&#038;p=7497"},"modified":"2026-04-04T13:19:00","modified_gmt":"2026-04-04T13:19:00","slug":"hismile-toothpaste-kids-fluoride-free-blue-raspberry-60g","status":"publish","type":"product","link":"https:\/\/www.happysunday.eu\/?product=hismile-toothpaste-kids-fluoride-free-blue-raspberry-60g","title":{"rendered":"Hismile Toothpaste Kids Fluoride Free Blue Raspberry 60g"},"content":{"rendered":"<div id=\"product-title\">\n<p class=\"p1\"><span class=\"s1\">Hismile Zobu pasta b\u0113rniem bez fluora, zil\u0101 ave\u0146u gar\u0161a, 60g<\/span><\/p>\n<p class=\"p1\"><span class=\"s2\">Padariet zobu t\u012br\u012b\u0161anu jautru un pat\u012bkamu ar Hismile b\u0113rnu zobu pastu zil\u0101s ave\u0146u gar\u0161\u0101! \u0160\u012b zobu pasta ir izstr\u0101d\u0101ta speci\u0101li b\u0113rniem, tai ir gards aug\u013cu arom\u0101ts, un t\u0101 nesatur fluoru, padarot to piem\u0113rotu ar\u012b maz\u0101kiem b\u0113rniem. Maiga formula pal\u012bdz saudz\u012bgi t\u012br\u012bt zobus un smaganas, vienlaikus efekt\u012bvi no\u0146emot aplikumu.<\/span><\/p>\n<p class=\"p1\"><span class=\"s1\">Galven\u0101s \u012bpa\u0161\u012bbas:<\/span><\/p>\n<p class=\"p3\">\n<ul>\n<li>\n<p class=\"p1\"><span class=\"s1\">Piem\u0113rota b\u0113rniem<\/span><\/p>\n<\/li>\n<li>\n<p class=\"p1\"><span class=\"s1\">Bez fluora \u2013 dro\u0161a lieto\u0161anai b\u0113rniem<\/span><\/p>\n<\/li>\n<li>\n<p class=\"p1\"><span class=\"s1\">Zil\u0101s ave\u0146u gar\u0161a \u2013 gar\u0161\u012bga un uzmundrino\u0161a<\/span><\/p>\n<\/li>\n<li>\n<p class=\"p1\"><span class=\"s1\">Maiga formula ikdienas lieto\u0161anai<\/span><\/p>\n<\/li>\n<li>\n<p class=\"p1\"><span class=\"s1\">Tilpums: 60g<\/span><\/p>\n<\/li>\n<\/ul>\n<p>&nbsp;<\/p>\n<p class=\"p1\"><span class=\"s2\">R\u016bp\u0113jieties par sava b\u0113rna smaidu ar Hismile jautraj\u0101 un dro\u0161aj\u0101 veid\u0101!<\/span><\/p>\n<\/div>\n","protected":false},"excerpt":{"rendered":"<p>Hismile Zobu pasta b\u0113rniem bez fluora, zil\u0101 ave\u0146u gar\u0161a, 60g Padariet zobu t\u012br\u012b\u0161anu jautru un pat\u012bkamu ar Hismile b\u0113rnu zobu pastu zil\u0101s ave\u0146u gar\u0161\u0101! \u0160\u012b zobu pasta ir izstr\u0101d\u0101ta speci\u0101li b\u0113rniem, tai ir gards aug\u013cu arom\u0101ts, un t\u0101 nesatur fluoru, padarot to piem\u0113rotu ar\u012b maz\u0101kiem b\u0113rniem. Maiga formula pal\u012bdz saudz\u012bgi t\u012br\u012bt zobus un smaganas, vienlaikus efekt\u012bvi no\u0146emot aplikumu. Galven\u0101s \u012bpa\u0161\u012bbas: Piem\u0113rota b\u0113rniem Bez fluora \u2013 dro\u0161a lieto\u0161anai b\u0113rniem Zil\u0101s ave\u0146u gar\u0161a \u2013 gar\u0161\u012bga un uzmundrino\u0161a Maiga formula ikdienas lieto\u0161anai Tilpums: 60g &nbsp; R\u016bp\u0113jieties par sava b\u0113rna smaidu ar Hismile jautraj\u0101&hellip;<\/p>\n","protected":false},"featured_media":7498,"template":"","meta":[],"product_brand":[],"product_cat":[58],"product_tag":[],"class_list":{"0":"post-7497","1":"product","2":"type-product","3":"status-publish","4":"has-post-thumbnail","6":"product_cat-super-sale","8":"first","9":"instock","10":"sale","11":"shipping-taxable","12":"purchasable","13":"product-type-simple"},"_links":{"self":[{"href":"https:\/\/www.happysunday.eu\/index.php?rest_route=\/wp\/v2\/product\/7497","targetHints":{"allow":["GET"]}}],"collection":[{"href":"https:\/\/www.happysunday.eu\/index.php?rest_route=\/wp\/v2\/product"}],"about":[{"href":"https:\/\/www.happysunday.eu\/index.php?rest_route=\/wp\/v2\/types\/product"}],"wp:featuredmedia":[{"embeddable":true,"href":"https:\/\/www.happysunday.eu\/index.php?rest_route=\/wp\/v2\/media\/7498"}],"wp:attachment":[{"href":"https:\/\/www.happysunday.eu\/index.php?rest_route=%2Fwp%2Fv2%2Fmedia&parent=7497"}],"wp:term":[{"taxonomy":"product_brand","embeddable":true,"href":"https:\/\/www.happysunday.eu\/index.php?rest_route=%2Fwp%2Fv2%2Fproduct_brand&post=7497"},{"taxonomy":"product_cat","embeddable":true,"href":"https:\/\/www.happysunday.eu\/index.php?rest_route=%2Fwp%2Fv2%2Fproduct_cat&post=7497"},{"taxonomy":"product_tag","embeddable":true,"href":"https:\/\/www.happysunday.eu\/index.php?rest_route=%2Fwp%2Fv2%2Fproduct_tag&post=7497"}],"curies":[{"name":"wp","href":"https:\/\/api.w.org\/{rel}","templated":true}]}}