{"id":7501,"date":"2025-06-04T18:09:23","date_gmt":"2025-06-04T18:09:23","guid":{"rendered":"https:\/\/www.happysunday.eu\/?post_type=product&#038;p=7501"},"modified":"2026-04-07T07:07:41","modified_gmt":"2026-04-07T07:07:41","slug":"hismile-lupu-balzams-ar-zilas-avenu-aromatu","status":"publish","type":"product","link":"https:\/\/www.happysunday.eu\/?product=hismile-lupu-balzams-ar-zilas-avenu-aromatu","title":{"rendered":"Hismile L\u016bpu balzams ar zil\u0101s ave\u0146u arom\u0101tu"},"content":{"rendered":"<div id=\"product-title\">\n<p class=\"p1\"><span class=\"s1\">Hismile L\u016bpu balzams ar zil\u0101s ave\u0146u arom\u0101tu, 10g<\/span><\/p>\n<p class=\"p1\"><span class=\"s2\">Palutini savas l\u016bpas ar Hismile l\u016bpu balzamu zil\u0101s ave\u0146u gar\u0161\u0101! \u0160is arom\u0101tiskais un efekt\u012bvais l\u016bpu kop\u0161anas l\u012bdzeklis nodro\u0161ina intens\u012bvu mitrin\u0101\u0161anu, m\u012bkstina l\u016bpas un pie\u0161\u0137ir t\u0101m vieglu sp\u012bdumu. Ide\u0101li piem\u0113rots ikdienas lieto\u0161anai, \u012bpa\u0161i saus\u0101 vai v\u0113jain\u0101 laik\u0101.<\/span><\/p>\n<p class=\"p1\"><span class=\"s1\">Galven\u0101s \u012bpa\u0161\u012bbas:<\/span><\/p>\n<p class=\"p3\">\n<ul>\n<li>\n<p class=\"p1\"><span class=\"s1\">Zil\u0101s ave\u0146u arom\u0101ts \u2013 salds un k\u0101rdino\u0161s<\/span><\/p>\n<\/li>\n<li>\n<p class=\"p1\"><span class=\"s1\">Mitrina un m\u012bkstina l\u016bpas<\/span><\/p>\n<\/li>\n<li>\n<p class=\"p1\"><span class=\"s1\">Aizsardz\u012bba pret sausumu un plais\u0101\u0161anu<\/span><\/p>\n<\/li>\n<li>\n<p class=\"p1\"><span class=\"s1\">Kompakts izm\u0113rs \u2013 \u0113rti pa\u0146emt l\u012bdzi jebkur<\/span><\/p>\n<\/li>\n<li>\n<p class=\"p1\"><span class=\"s1\">Tilpums: 10g<\/span><\/p>\n<\/li>\n<\/ul>\n<p>&nbsp;<\/p>\n<p class=\"p1\"><span class=\"s2\">Skaistas, vesel\u012bgas l\u016bpas ar Hismile \u2013 katru dienu ar smaidu!<\/span><\/p>\n<\/div>\n","protected":false},"excerpt":{"rendered":"<p>Hismile L\u016bpu balzams ar zil\u0101s ave\u0146u arom\u0101tu, 10g Palutini savas l\u016bpas ar Hismile l\u016bpu balzamu zil\u0101s ave\u0146u gar\u0161\u0101! \u0160is arom\u0101tiskais un efekt\u012bvais l\u016bpu kop\u0161anas l\u012bdzeklis nodro\u0161ina intens\u012bvu mitrin\u0101\u0161anu, m\u012bkstina l\u016bpas un pie\u0161\u0137ir t\u0101m vieglu sp\u012bdumu. Ide\u0101li piem\u0113rots ikdienas lieto\u0161anai, \u012bpa\u0161i saus\u0101 vai v\u0113jain\u0101 laik\u0101. Galven\u0101s \u012bpa\u0161\u012bbas: Zil\u0101s ave\u0146u arom\u0101ts \u2013 salds un k\u0101rdino\u0161s Mitrina un m\u012bkstina l\u016bpas Aizsardz\u012bba pret sausumu un plais\u0101\u0161anu Kompakts izm\u0113rs \u2013 \u0113rti pa\u0146emt l\u012bdzi jebkur Tilpums: 10g &nbsp; Skaistas, vesel\u012bgas l\u016bpas ar Hismile \u2013 katru dienu ar smaidu!<\/p>\n","protected":false},"featured_media":7502,"template":"","meta":[],"product_brand":[],"product_cat":[58],"product_tag":[],"class_list":{"0":"post-7501","1":"product","2":"type-product","3":"status-publish","4":"has-post-thumbnail","6":"product_cat-super-sale","8":"first","9":"instock","10":"shipping-taxable","11":"purchasable","12":"product-type-simple"},"_links":{"self":[{"href":"https:\/\/www.happysunday.eu\/index.php?rest_route=\/wp\/v2\/product\/7501","targetHints":{"allow":["GET"]}}],"collection":[{"href":"https:\/\/www.happysunday.eu\/index.php?rest_route=\/wp\/v2\/product"}],"about":[{"href":"https:\/\/www.happysunday.eu\/index.php?rest_route=\/wp\/v2\/types\/product"}],"wp:featuredmedia":[{"embeddable":true,"href":"https:\/\/www.happysunday.eu\/index.php?rest_route=\/wp\/v2\/media\/7502"}],"wp:attachment":[{"href":"https:\/\/www.happysunday.eu\/index.php?rest_route=%2Fwp%2Fv2%2Fmedia&parent=7501"}],"wp:term":[{"taxonomy":"product_brand","embeddable":true,"href":"https:\/\/www.happysunday.eu\/index.php?rest_route=%2Fwp%2Fv2%2Fproduct_brand&post=7501"},{"taxonomy":"product_cat","embeddable":true,"href":"https:\/\/www.happysunday.eu\/index.php?rest_route=%2Fwp%2Fv2%2Fproduct_cat&post=7501"},{"taxonomy":"product_tag","embeddable":true,"href":"https:\/\/www.happysunday.eu\/index.php?rest_route=%2Fwp%2Fv2%2Fproduct_tag&post=7501"}],"curies":[{"name":"wp","href":"https:\/\/api.w.org\/{rel}","templated":true}]}}