{"id":764,"date":"2024-08-22T09:38:21","date_gmt":"2024-08-22T09:38:21","guid":{"rendered":"https:\/\/www.happysunday.eu\/?post_type=product&#038;p=764"},"modified":"2026-04-07T07:03:07","modified_gmt":"2026-04-07T07:03:07","slug":"soft-gelscrub-500ml","status":"publish","type":"product","link":"https:\/\/www.happysunday.eu\/?product=soft-gelscrub-500ml","title":{"rendered":"ATT\u012aRO\u0160S MAIGS SKRUBIS SEJAI AR M\u0100LIEM 500ML"},"content":{"rendered":"<div id=\"product-title\">\n<p><strong>EXFOLIATING SCRUB GENTLE WITH PURE CLAY AND CALENDULA\u00a0<\/strong><\/p>\n<p>Sejas proced\u016bra 2\u00a0vien\u0101: skrubis, lai atbr\u012bvotu \u0101du no virspus\u0113j\u0101s atmiru\u0161\u0101s \u0101das, un att\u012bro\u0161a maska, lai c\u012bn\u012btos ar net\u012briem \u0101das plankumiem. \u0100da izskat\u0101s vesel\u012bga un vienm\u0113r\u012bga.<br \/>\nVEG\u0100NU FORMULA &#8211; 87,54% Dab\u012bga<\/p>\n<p>Exfoliating Scrub Gentle ir produkts, ko var izmantot div\u0113j\u0101di: tas darbojas k\u0101 p\u012blings skrubis, bet ar\u012b k\u0101 att\u012bro\u0161a maska, vienlaikus saglab\u0101jot maigu un iev\u0113rojot \u0101das l\u012bdzsvaru. Ar dub\u013cu\/kr\u0113mveida tekst\u016bru Exfoliating Scrub Gentle palielina dabisko \u0161\u016bnu apriti, absorb\u0113 net\u012brumus, nomierina un atsvaidzina \u0101du, izvairoties no aps\u0101rtuma un kairin\u0101juma.<\/p>\n<p>Lieto\u0161ana:<\/p>\n<p>1. Izmantojiet Exfoliating Scrub Gentle uz t\u012bras, sausas \u0101das.<br \/>\n2. Uzkl\u0101jiet pl\u0101nu produkta k\u0101rtu uz sejas, kakla un dekolt\u0113.<br \/>\n3. Skrubja funkcija: iemas\u0113jiet l\u012bdzekli uz sejas, lai veicin\u0101tu meh\u0101nisku p\u012blingu.<br \/>\n4. Maskas funkcija: atst\u0101jiet produktu 5\/10 min\u016btes.<br \/>\n5. R\u016bp\u012bgi noskalojiet ar siltu \u016bdeni.<br \/>\n6. Izvairieties no saskares ar ac\u012bm.<\/p>\n<p>PURE CAY: miner\u0101lu avots, kam rakstur\u012bga lieliska att\u012bro\u0161a un mineraliz\u0113jo\u0161a iedarb\u012bba. Pateicoties apmai\u0146as procesam, m\u0101ls sp\u0113j absorb\u0113t net\u012brumus no \u0101das, izdalot miner\u0101ls\u0101\u013cus.<br \/>\nKli\u0146\u0123er\u012b\u0161u ekstrakts: ieg\u016bts, ekstrah\u0113jot kli\u0146\u0123er\u012b\u0161u auga ziedus, un tam rakstur\u012bgas m\u012bkstino\u0161as un nomierino\u0161as \u012bpa\u0161\u012bbas, paredz\u0113ts viegli uzbudin\u0101mai \u0101dai.<br \/>\nVULCANYL: pulveris, kas ieg\u016bts no vulk\u0101niskajiem akme\u0146iem, apvieno rakstur\u012bgu p\u012blinga efektu, kas noloba un toniz\u0113 \u0101das virsmu ar absorb\u0113jo\u0161u un att\u012bro\u0161u darb\u012bbu.<br \/>\nAL\u0122\u0112S: Fucus a\u013c\u0123u m\u012bkstino\u0161\u0101s un att\u012bro\u0161\u0101s \u012bpa\u0161\u012bbas tiek izmantotas, lai maigi nolob\u012btu \u0101du un izvair\u012btos no \u0101das sabiez\u0113\u0161anas (a\u013c\u0123es dabiski satur zemu joda procentu).<br \/>\nKumel\u012b\u0161u ekstrakts: kumel\u012bte ir augs, kas paz\u012bstams ar sav\u0101m nomierino\u0161aj\u0101m \u012bpa\u0161\u012bb\u0101m, un t\u0101s ekstrakts tiek izmantots t\u0101 nomierino\u0161ai iedarb\u012bbai, kas sp\u0113j nomierin\u0101t kairin\u0101jumu un aps\u0101rtumu.<br \/>\nAUGU GLICER\u012aNS: ieg\u016bts no augu e\u013c\u013c\u0101m un taukiem, piem\u012bt m\u012bkstino\u0161as \u012bpa\u0161\u012bbas.<\/p>\n<\/div>\n","protected":false},"excerpt":{"rendered":"<p>EXFOLIATING SCRUB GENTLE WITH PURE CLAY AND CALENDULA\u00a0 Sejas proced\u016bra 2\u00a0vien\u0101: skrubis, lai atbr\u012bvotu \u0101du no virspus\u0113j\u0101s atmiru\u0161\u0101s \u0101das, un att\u012bro\u0161a maska, lai c\u012bn\u012btos ar net\u012briem \u0101das plankumiem. \u0100da izskat\u0101s vesel\u012bga un vienm\u0113r\u012bga. VEG\u0100NU FORMULA &#8211; 87,54% Dab\u012bga Exfoliating Scrub Gentle ir produkts, ko var izmantot div\u0113j\u0101di: tas darbojas k\u0101 p\u012blings skrubis, bet ar\u012b k\u0101 att\u012bro\u0161a maska, vienlaikus saglab\u0101jot maigu un iev\u0113rojot \u0101das l\u012bdzsvaru. Ar dub\u013cu\/kr\u0113mveida tekst\u016bru Exfoliating Scrub Gentle palielina dabisko \u0161\u016bnu apriti, absorb\u0113 net\u012brumus, nomierina un atsvaidzina \u0101du, izvairoties no aps\u0101rtuma un kairin\u0101juma. Lieto\u0161ana: 1. Izmantojiet Exfoliating Scrub&hellip;<\/p>\n","protected":false},"featured_media":4091,"template":"","meta":[],"product_brand":[],"product_cat":[63],"product_tag":[],"class_list":{"0":"post-764","1":"product","2":"type-product","3":"status-publish","4":"has-post-thumbnail","6":"product_cat-kosmetologija","8":"first","9":"instock","10":"shipping-taxable","11":"purchasable","12":"product-type-simple"},"_links":{"self":[{"href":"https:\/\/www.happysunday.eu\/index.php?rest_route=\/wp\/v2\/product\/764","targetHints":{"allow":["GET"]}}],"collection":[{"href":"https:\/\/www.happysunday.eu\/index.php?rest_route=\/wp\/v2\/product"}],"about":[{"href":"https:\/\/www.happysunday.eu\/index.php?rest_route=\/wp\/v2\/types\/product"}],"wp:featuredmedia":[{"embeddable":true,"href":"https:\/\/www.happysunday.eu\/index.php?rest_route=\/wp\/v2\/media\/4091"}],"wp:attachment":[{"href":"https:\/\/www.happysunday.eu\/index.php?rest_route=%2Fwp%2Fv2%2Fmedia&parent=764"}],"wp:term":[{"taxonomy":"product_brand","embeddable":true,"href":"https:\/\/www.happysunday.eu\/index.php?rest_route=%2Fwp%2Fv2%2Fproduct_brand&post=764"},{"taxonomy":"product_cat","embeddable":true,"href":"https:\/\/www.happysunday.eu\/index.php?rest_route=%2Fwp%2Fv2%2Fproduct_cat&post=764"},{"taxonomy":"product_tag","embeddable":true,"href":"https:\/\/www.happysunday.eu\/index.php?rest_route=%2Fwp%2Fv2%2Fproduct_tag&post=764"}],"curies":[{"name":"wp","href":"https:\/\/api.w.org\/{rel}","templated":true}]}}