{"id":766,"date":"2021-01-21T14:03:12","date_gmt":"2021-01-21T14:03:12","guid":{"rendered":"https:\/\/www.happysunday.eu\/?post_type=product&#038;p=766"},"modified":"2026-04-07T06:53:34","modified_gmt":"2026-04-07T06:53:34","slug":"revitalizing-antiage-cream-500ml","status":"publish","type":"product","link":"https:\/\/www.happysunday.eu\/?product=revitalizing-antiage-cream-500ml","title":{"rendered":"SEJAS \u0100DAS ATJAUNOJO\u0160S PRETNOVECO\u0160AN\u0100S KR\u0112MS 500ML"},"content":{"rendered":"<p>DR KRAUT REVITALIZING ANTIAGE CREAM WITH HYALURONIC ACID AND VITAMIN E<\/p>\n<p>ATJAUNOJO\u0160S ANTIAGE KR\u0112MS AR HIALURONSK\u0100BI UN E VITAM\u012aNU.<br \/>\n\u012apa\u0161a formula, kas bag\u0101tin\u0101ta ar hialuronsk\u0101bi un E vitam\u012bnu, lai nov\u0113rstu un \u0101rst\u0113tu noveco\u0161an\u0101s paz\u012bmes. \u0100da izskat\u0101s elast\u012bg\u0101ka un tvirt\u0101k\u0101.<br \/>\nVEG\u0100NU FORMULA &#8211; 71,67% Dab\u012bga<\/p>\n<p>Sejas kr\u0113ms ar samtainu tekst\u016bru, kam ir efekt\u012bva profilaktiska pretnoveco\u0161an\u0101s darb\u012bba. Tas apvieno hialuronsk\u0101bes un E vitam\u012bna priek\u0161roc\u012bbas, nodro\u0161inot liel\u0101ku \u0101das elast\u012bbu un gludumu un aizsarg\u0101jot to no \u0101r\u0113jiem faktoriem un br\u012bvajiem radik\u0101\u013ciem, pateicoties antioksidanta iedarb\u012bbai.<\/p>\n<p>Revitalizing Antiage Cream ir ieteicams visiem \u0101das tipiem, kuriem nepiecie\u0161ama profilaktiska pretnoveco\u0161an\u0101s iedarb\u012bba un kuri v\u0113las vienm\u0113r\u012bgu sejas kr\u0101su,\u00a0toniz\u0113tu un elast\u012bgu \u0101du.<\/p>\n<p>Lieto\u0161ana: uzkl\u0101t nelielu daudzumu kr\u0113ma ar kust\u012bbu kust\u012bb\u0101m, l\u012bdz tas piln\u012bb\u0101 uzs\u016bcas.<\/p>\n<p>HIALURONSK\u0100BE: \u012bpa\u0161i paz\u012bstama ar sp\u0113ju notur\u0113t \u016bdens molekulas, t\u0101d\u0113j\u0101di uzturot \u0101du optim\u0101l\u0101 hidrat\u0101cijas st\u0101vokl\u012b. Nov\u0113r\u0161 tonusa zudumu, ko izraisa pak\u0101peniska hialuronsk\u0101bes ra\u017eo\u0161anas samazin\u0101\u0161an\u0101s organism\u0101.<br \/>\nE VITAM\u012aNS ACETATS: sp\u0113c\u012bgs antioksidants, c\u012bn\u0101s ar br\u012bvajiem radik\u0101\u013ciem un aizsarg\u0101 \u0101du no vides stresa.<br \/>\nSHEA sviests: sviests, kas ieg\u016bts no \u0161\u012b koka un sp\u0113j saglab\u0101t dabisko \u0101das elast\u012bbu un tonusu.<br \/>\nMANDE\u013bU E\u013b\u013bA: aukst\u0101 e\u013c\u013ca, kas ieg\u016bta no saldaj\u0101m mandel\u0113m un bag\u0101ta ar t\u0101diem mikroelementiem k\u0101 linolsk\u0101be un D vitam\u012bns, kas noder \u0101das elast\u012bbas saglab\u0101\u0161anai.<br \/>\nJOJOBAS E\u013b\u013bA: ieg\u016bta no siltaj\u0101m viet\u0101m rakstur\u012bg\u0101 kr\u016bma jojobas s\u0113kl\u0101m, kas ir bag\u0101ta ar nep\u0101rziepjojam\u0101m viel\u0101m, kas aizsarg\u0101 \u0101du, nov\u0113r\u0161ot \u0101das sausumu.<\/p>\n","protected":false},"excerpt":{"rendered":"<p>DR KRAUT REVITALIZING ANTIAGE CREAM WITH HYALURONIC ACID AND VITAMIN E ATJAUNOJO\u0160S ANTIAGE KR\u0112MS AR HIALURONSK\u0100BI UN E VITAM\u012aNU. \u012apa\u0161a formula, kas bag\u0101tin\u0101ta ar hialuronsk\u0101bi un E vitam\u012bnu, lai nov\u0113rstu un \u0101rst\u0113tu noveco\u0161an\u0101s paz\u012bmes. \u0100da izskat\u0101s elast\u012bg\u0101ka un tvirt\u0101k\u0101. VEG\u0100NU FORMULA &#8211; 71,67% Dab\u012bga Sejas kr\u0113ms ar samtainu tekst\u016bru, kam ir efekt\u012bva profilaktiska pretnoveco\u0161an\u0101s darb\u012bba. Tas apvieno hialuronsk\u0101bes un E vitam\u012bna priek\u0161roc\u012bbas, nodro\u0161inot liel\u0101ku \u0101das elast\u012bbu un gludumu un aizsarg\u0101jot to no \u0101r\u0113jiem faktoriem un br\u012bvajiem radik\u0101\u013ciem, pateicoties antioksidanta iedarb\u012bbai. Revitalizing Antiage Cream ir ieteicams visiem \u0101das tipiem, kuriem nepiecie\u0161ama&hellip;<\/p>\n","protected":false},"featured_media":745,"template":"","meta":[],"product_brand":[],"product_cat":[63],"product_tag":[],"class_list":{"0":"post-766","1":"product","2":"type-product","3":"status-publish","4":"has-post-thumbnail","6":"product_cat-kosmetologija","8":"first","9":"instock","10":"shipping-taxable","11":"purchasable","12":"product-type-simple"},"_links":{"self":[{"href":"https:\/\/www.happysunday.eu\/index.php?rest_route=\/wp\/v2\/product\/766","targetHints":{"allow":["GET"]}}],"collection":[{"href":"https:\/\/www.happysunday.eu\/index.php?rest_route=\/wp\/v2\/product"}],"about":[{"href":"https:\/\/www.happysunday.eu\/index.php?rest_route=\/wp\/v2\/types\/product"}],"wp:featuredmedia":[{"embeddable":true,"href":"https:\/\/www.happysunday.eu\/index.php?rest_route=\/wp\/v2\/media\/745"}],"wp:attachment":[{"href":"https:\/\/www.happysunday.eu\/index.php?rest_route=%2Fwp%2Fv2%2Fmedia&parent=766"}],"wp:term":[{"taxonomy":"product_brand","embeddable":true,"href":"https:\/\/www.happysunday.eu\/index.php?rest_route=%2Fwp%2Fv2%2Fproduct_brand&post=766"},{"taxonomy":"product_cat","embeddable":true,"href":"https:\/\/www.happysunday.eu\/index.php?rest_route=%2Fwp%2Fv2%2Fproduct_cat&post=766"},{"taxonomy":"product_tag","embeddable":true,"href":"https:\/\/www.happysunday.eu\/index.php?rest_route=%2Fwp%2Fv2%2Fproduct_tag&post=766"}],"curies":[{"name":"wp","href":"https:\/\/api.w.org\/{rel}","templated":true}]}}