{"id":767,"date":"2021-01-21T14:10:20","date_gmt":"2021-01-21T14:10:20","guid":{"rendered":"https:\/\/www.happysunday.eu\/?post_type=product&#038;p=767"},"modified":"2026-04-07T06:53:34","modified_gmt":"2026-04-07T06:53:34","slug":"intensive-antiage-active-6x6ml","status":"publish","type":"product","link":"https:\/\/www.happysunday.eu\/?product=intensive-antiage-active-6x6ml","title":{"rendered":"INTENS\u012aVS S\u0112JAS SERUMS KOMPLEKTS PRET \u0100DAS NOVECO\u0160ANU 6x6ml"},"content":{"rendered":"<div id=\"product-title\">\n<p><strong>DR KRAUT NTENSIVE ANTIAGE ACTIVE Attivo\u00a0WITH SOY AND ACACIA EXTRACT<\/strong><\/p>\n<p>Intens\u012bvs pretnoveco\u0161an\u0101s serums ar sojas un ak\u0101cijas ekstraktiem\u00a0ar vieglu un viegli uzs\u016bcas tekst\u016bru, kas izstr\u0101d\u0101ts, lai pal\u012bdz\u0113tu nov\u0113rst un \u0101rst\u0113t noveco\u0161an\u0101s paz\u012bmes. Sojas un ak\u0101cijas ekstrakts pie\u0161\u0137ir \u0101dai tvirtumu un gludumu.<br \/>\n91,17% dab\u012bgs<\/p>\n<p>Antiage koncentr\u0101ts ar vieglu tekst\u016bru un viegli ies\u016bcas, lai nov\u0113rstu \u0101das noveco\u0161anos un pie\u0161\u0137irtu \u0101dai elast\u012bbu un gludumu. Past\u0101v\u012bga akt\u012bv\u0101s vielas lieto\u0161ana saglab\u0101 \u0101das jaun\u012bbu, padarot to redzami kompaktu un spilgtu.<\/p>\n<p>Intensive Antiage Active paredz\u0113ts nobriedu\u0161as, noguru\u0161as, nepietiekamas tonusa un \u0101das noveco\u0161anas paz\u012bmju \u0101rst\u0113\u0161anai.<\/p>\n<p>Lieto\u0161ana: pirms lieto\u0161anas sakrat\u012bt, ar mas\u0101\u017eas kust\u012bb\u0101m uzkl\u0101t uz att\u012br\u012btas sejas \u0101das, l\u012bdz t\u0101 piln\u012bb\u0101 uzs\u016bcas. J\u016bs varat pielietot aparat\u016bras kosmetolo\u0123iju ar ultraska\u0146u, mikrocirkul\u0101cijas terapiju, fonofor\u0113zi, elektropor\u0101ciju. Tas labi der ar algin\u0101tu mask\u0101m.<\/p>\n<p>Akt\u012bvie komponenti:<\/p>\n<p>SOJAS UN AK\u0100CIJAS EKSTRAKTS: ekstrakts, kas sp\u0113j nov\u0113rst \u0101das noveco\u0161an\u0101s paz\u012bmju veido\u0161anos. Tas nostiprina dabisko \u0101das barjeru un veicina intens\u012bvu pretnoveco\u0161an\u0101s darb\u012bbu, pie\u0161\u0137irot \u0101dai jaun\u0101ku un dz\u012bv\u012bg\u0101ku izskatu.<br \/>\nHAMAMELIS \u016aDENS: nomierino\u0161s ziedu ekstrakts, kas piem\u0113rots pat visjut\u012bg\u0101kajai \u0101dai, \u0146emot v\u0113r\u0101 t\u0101 izcil\u0101s nomierino\u0161\u0101s \u012bpa\u0161\u012bbas.<br \/>\nVANI\u013bAS EKSTRAKTS: ekstrakts ar izl\u012bdzino\u0161\u0101m un m\u012bkstino\u0161\u0101m \u012bpa\u0161\u012bb\u0101m, pie\u0161\u0137ir \u0101dai maigumu, pasarg\u0101jot to no priek\u0161laic\u012bgas \u0101das noveco\u0161an\u0101s.<\/p>\n<\/div>\n","protected":false},"excerpt":{"rendered":"<p>DR KRAUT NTENSIVE ANTIAGE ACTIVE Attivo\u00a0WITH SOY AND ACACIA EXTRACT Intens\u012bvs pretnoveco\u0161an\u0101s serums ar sojas un ak\u0101cijas ekstraktiem\u00a0ar vieglu un viegli uzs\u016bcas tekst\u016bru, kas izstr\u0101d\u0101ts, lai pal\u012bdz\u0113tu nov\u0113rst un \u0101rst\u0113t noveco\u0161an\u0101s paz\u012bmes. Sojas un ak\u0101cijas ekstrakts pie\u0161\u0137ir \u0101dai tvirtumu un gludumu. 91,17% dab\u012bgs Antiage koncentr\u0101ts ar vieglu tekst\u016bru un viegli ies\u016bcas, lai nov\u0113rstu \u0101das noveco\u0161anos un pie\u0161\u0137irtu \u0101dai elast\u012bbu un gludumu. Past\u0101v\u012bga akt\u012bv\u0101s vielas lieto\u0161ana saglab\u0101 \u0101das jaun\u012bbu, padarot to redzami kompaktu un spilgtu. Intensive Antiage Active paredz\u0113ts nobriedu\u0161as, noguru\u0161as, nepietiekamas tonusa un \u0101das noveco\u0161anas paz\u012bmju \u0101rst\u0113\u0161anai. Lieto\u0161ana: pirms lieto\u0161anas&hellip;<\/p>\n","protected":false},"featured_media":4491,"template":"","meta":[],"product_brand":[],"product_cat":[71,63],"product_tag":[],"class_list":{"0":"post-767","1":"product","2":"type-product","3":"status-publish","4":"has-post-thumbnail","6":"product_cat-davanas","7":"product_cat-kosmetologija","9":"first","10":"instock","11":"shipping-taxable","12":"purchasable","13":"product-type-simple"},"_links":{"self":[{"href":"https:\/\/www.happysunday.eu\/index.php?rest_route=\/wp\/v2\/product\/767","targetHints":{"allow":["GET"]}}],"collection":[{"href":"https:\/\/www.happysunday.eu\/index.php?rest_route=\/wp\/v2\/product"}],"about":[{"href":"https:\/\/www.happysunday.eu\/index.php?rest_route=\/wp\/v2\/types\/product"}],"wp:featuredmedia":[{"embeddable":true,"href":"https:\/\/www.happysunday.eu\/index.php?rest_route=\/wp\/v2\/media\/4491"}],"wp:attachment":[{"href":"https:\/\/www.happysunday.eu\/index.php?rest_route=%2Fwp%2Fv2%2Fmedia&parent=767"}],"wp:term":[{"taxonomy":"product_brand","embeddable":true,"href":"https:\/\/www.happysunday.eu\/index.php?rest_route=%2Fwp%2Fv2%2Fproduct_brand&post=767"},{"taxonomy":"product_cat","embeddable":true,"href":"https:\/\/www.happysunday.eu\/index.php?rest_route=%2Fwp%2Fv2%2Fproduct_cat&post=767"},{"taxonomy":"product_tag","embeddable":true,"href":"https:\/\/www.happysunday.eu\/index.php?rest_route=%2Fwp%2Fv2%2Fproduct_tag&post=767"}],"curies":[{"name":"wp","href":"https:\/\/api.w.org\/{rel}","templated":true}]}}