{"id":7682,"date":"2025-04-30T12:21:56","date_gmt":"2025-04-30T12:21:56","guid":{"rendered":"https:\/\/www.happysunday.eu\/?post_type=product&#038;p=7682"},"modified":"2026-05-05T07:28:02","modified_gmt":"2026-05-05T07:28:02","slug":"semi-di-lino-gold-filler-botox-10ml-x-9gb","status":"publish","type":"product","link":"https:\/\/www.happysunday.eu\/?product=semi-di-lino-gold-filler-botox-10ml-x-9gb","title":{"rendered":"SEMI DI LINO GOLD FILLER BOTOX 10ML x 9gb"},"content":{"rendered":"<p class=\"p1\"><span class=\"s1\">Profesion\u0101l\u0101 matu kosm\u0113tikas l\u012bnija <\/span><span class=\"s2\">Kleral System<\/span><span class=\"s1\"> (It\u0101lija) ir izstr\u0101d\u0101jusi unik\u0101lu l\u012bdzekli dzi\u013cai matu atjauno\u0161anai \u2014 <\/span><span class=\"s2\">Gold Filler Collagen Hair Botox<\/span><span class=\"s1\"> ar zelta b\u0101zi. \u0160is ir augsti efekt\u012bvs kop\u0161anas l\u012bdzeklis boj\u0101tu, bl\u0101vu, trauslu un \u0161\u0137eltu matu galu atjauno\u0161anai.<\/span><\/p>\n<p class=\"p1\"><span class=\"s2\">Matu botokss<\/span><span class=\"s1\"> nav saist\u012bts ar injekcij\u0101m \u2013 tas ir \u0101r\u012bgi lietojams l\u012bdzeklis, kas tiek uzkl\u0101ts uz matiem, dzi\u013ci ies\u016bcas to strukt\u016br\u0101 un atjauno tos no iek\u0161puses. \u012apa\u0161\u0101 formula veicina matu sabiez\u0113\u0161anu \u2013 mitrumam iztvaikojot, akt\u012bv\u0101s sast\u0101vda\u013cas veido stingru karkasu, kas atbalsta matus vis\u0101 garum\u0101. Rezult\u0101t\u0101 mati k\u013c\u016bst glud\u0101ki, m\u012bkst\u0101ki, sp\u012bd\u012bg\u0101ki un vizu\u0101li biez\u0101ki jau p\u0113c pirm\u0101s lieto\u0161anas reizes.<\/span><\/p>\n<p class=\"p3\">\n<h3><span class=\"s1\">Lieto\u0161anas efekti:<\/span><\/h3>\n<p class=\"p1\"><span class=\"s1\">Matu strukt\u016bras atjauno\u0161ana<\/span><\/p>\n<ul>\n<li>\n<p class=\"p1\"><span class=\"s1\">Matu stiprin\u0101\u0161ana un sabiez\u0113\u0161ana vis\u0101 garum\u0101<\/span><\/p>\n<\/li>\n<li>\n<p class=\"p1\"><span class=\"s1\">Sp\u012bduma, gluduma un elast\u012bbas pie\u0161\u0137ir\u0161ana<\/span><\/p>\n<\/li>\n<li>\n<p class=\"p1\"><span class=\"s1\">Kop\u0113j\u0101 matu izskata uzlabo\u0161ana<\/span><\/p>\n<\/li>\n<\/ul>\n<p class=\"p3\">\n<h3><span class=\"s1\">Lieto\u0161anas instrukcija:<\/span><\/h3>\n<p class=\"p1\"><span class=\"s1\">Uzkl\u0101jiet l\u012bdzekli uz t\u012briem, nedaudz mitriem matiem, \u012bpa\u0161u uzman\u012bbu piev\u0113r\u0161ot porain\u0101m un boj\u0101t\u0101m viet\u0101m. Izvairieties no uzkl\u0101\u0161anas matu sakn\u0113s. P\u0113c uzkl\u0101\u0161anas iz\u017e\u0101v\u0113jiet matus ar f\u0113nu un, ja nepiecie\u0161ams, iztaisnojiet ar gludekli, lai aktiviz\u0113tu sast\u0101vu. Ieteicamais kurss \u2013 5 l\u012bdz 10 proced\u016bras.<\/span><\/p>\n<p class=\"p1\"><strong><span class=\"s2\">Ra\u017eots It\u0101lij\u0101<\/span><\/strong><\/p>\n","protected":false},"excerpt":{"rendered":"<p>Profesion\u0101l\u0101 matu kosm\u0113tikas l\u012bnija Kleral System (It\u0101lija) ir izstr\u0101d\u0101jusi unik\u0101lu l\u012bdzekli dzi\u013cai matu atjauno\u0161anai \u2014 Gold Filler Collagen Hair Botox ar zelta b\u0101zi. \u0160is ir augsti efekt\u012bvs kop\u0161anas l\u012bdzeklis boj\u0101tu, bl\u0101vu, trauslu un \u0161\u0137eltu matu galu atjauno\u0161anai. Matu botokss nav saist\u012bts ar injekcij\u0101m \u2013 tas ir \u0101r\u012bgi lietojams l\u012bdzeklis, kas tiek uzkl\u0101ts uz matiem, dzi\u013ci ies\u016bcas to strukt\u016br\u0101 un atjauno tos no iek\u0161puses. \u012apa\u0161\u0101 formula veicina matu sabiez\u0113\u0161anu \u2013 mitrumam iztvaikojot, akt\u012bv\u0101s sast\u0101vda\u013cas veido stingru karkasu, kas atbalsta matus vis\u0101 garum\u0101. Rezult\u0101t\u0101 mati k\u013c\u016bst glud\u0101ki, m\u012bkst\u0101ki, sp\u012bd\u012bg\u0101ki un vizu\u0101li biez\u0101ki&hellip;<\/p>\n","protected":false},"featured_media":7683,"template":"","meta":[],"product_brand":[],"product_cat":[33,69],"product_tag":[],"class_list":{"0":"post-7682","1":"product","2":"type-product","3":"status-publish","4":"has-post-thumbnail","6":"product_cat-uncategorized","7":"product_cat-matu-kopsana-2","9":"first","10":"instock","11":"shipping-taxable","12":"purchasable","13":"product-type-simple"},"_links":{"self":[{"href":"https:\/\/www.happysunday.eu\/index.php?rest_route=\/wp\/v2\/product\/7682","targetHints":{"allow":["GET"]}}],"collection":[{"href":"https:\/\/www.happysunday.eu\/index.php?rest_route=\/wp\/v2\/product"}],"about":[{"href":"https:\/\/www.happysunday.eu\/index.php?rest_route=\/wp\/v2\/types\/product"}],"wp:featuredmedia":[{"embeddable":true,"href":"https:\/\/www.happysunday.eu\/index.php?rest_route=\/wp\/v2\/media\/7683"}],"wp:attachment":[{"href":"https:\/\/www.happysunday.eu\/index.php?rest_route=%2Fwp%2Fv2%2Fmedia&parent=7682"}],"wp:term":[{"taxonomy":"product_brand","embeddable":true,"href":"https:\/\/www.happysunday.eu\/index.php?rest_route=%2Fwp%2Fv2%2Fproduct_brand&post=7682"},{"taxonomy":"product_cat","embeddable":true,"href":"https:\/\/www.happysunday.eu\/index.php?rest_route=%2Fwp%2Fv2%2Fproduct_cat&post=7682"},{"taxonomy":"product_tag","embeddable":true,"href":"https:\/\/www.happysunday.eu\/index.php?rest_route=%2Fwp%2Fv2%2Fproduct_tag&post=7682"}],"curies":[{"name":"wp","href":"https:\/\/api.w.org\/{rel}","templated":true}]}}