{"id":7687,"date":"2025-04-30T12:30:47","date_gmt":"2025-04-30T12:30:47","guid":{"rendered":"https:\/\/www.happysunday.eu\/?post_type=product&#038;p=7687"},"modified":"2026-04-07T07:07:43","modified_gmt":"2026-04-07T07:07:43","slug":"orchid-oil-sun-maska-ar-uva-uvb-aizsardzibu-250ml","status":"publish","type":"product","link":"https:\/\/www.happysunday.eu\/?product=orchid-oil-sun-maska-ar-uva-uvb-aizsardzibu-250ml","title":{"rendered":"ORCHID OIL SUN MASKA ar UVA\/UVB AIZSARDZ\u012aBU 250ML"},"content":{"rendered":"<p class=\"p1\"><span class=\"s1\">Kleral System Orchid Sun Cream \u2013 Aizsardz\u012bba un kop\u0161ana saul\u0113<\/span><\/p>\n<p class=\"p1\"><span class=\"s2\">Izbaudiet sauli ar p\u0101rliec\u012bbu, pateicoties <\/span><span class=\"s1\">Kleral System Orchid Sun Cream<\/span><span class=\"s2\"> \u2013 \u012bpa\u0161i izstr\u0101d\u0101tam saules aizsargkr\u0113mam, kas bag\u0101tin\u0101ts ar orhideju ekstraktu. \u0160is kr\u0113ms efekt\u012bvi aizsarg\u0101 matus un \u0101du no kait\u012bgajiem UV stariem, vienlaikus nodro\u0161inot mitrin\u0101\u0161anu un baro\u0161anu. Ide\u0101li piem\u0113rots lieto\u0161anai pludmal\u0113, basein\u0101 vai ikdienas pastaig\u0101s saul\u0113.<\/span><\/p>\n<p class=\"p1\"><span class=\"s1\">Galven\u0101s \u012bpa\u0161\u012bbas:<\/span><\/p>\n<ul>\n<li>\n<p class=\"p1\"><span class=\"s1\">Satur orhideju ekstraktu, kas atjauno un m\u012bkstina<\/span><\/p>\n<\/li>\n<li>\n<p class=\"p1\"><span class=\"s1\">Aizsarg\u0101 pret UV starojumu un br\u012bvajiem radik\u0101\u013ciem<\/span><\/p>\n<\/li>\n<li>\n<p class=\"p1\"><span class=\"s1\">Viegls, nemat\u0113jo\u0161s sast\u0101vs \u2013 piem\u0113rots visiem matu un \u0101das tipiem<\/span><\/p>\n<\/li>\n<li>\n<p class=\"p1\"><span class=\"s1\">Ide\u0101li piem\u0113rots vasaras sezonai<\/span><\/p>\n<\/li>\n<\/ul>\n<p>&nbsp;<\/p>\n<p class=\"p1\"><span class=\"s2\">Aizsarg\u0101jiet savu skaistumu \u2013 izv\u0113lieties <\/span><span class=\"s1\">Kleral System Orchid Sun Cream<\/span><span class=\"s2\">!<\/span><\/p>\n<p>RA\u017dOTS IT\u0100LIJ\u0100<\/p>\n<p>&nbsp;<\/p>\n","protected":false},"excerpt":{"rendered":"<p>Kleral System Orchid Sun Cream \u2013 Aizsardz\u012bba un kop\u0161ana saul\u0113 Izbaudiet sauli ar p\u0101rliec\u012bbu, pateicoties Kleral System Orchid Sun Cream \u2013 \u012bpa\u0161i izstr\u0101d\u0101tam saules aizsargkr\u0113mam, kas bag\u0101tin\u0101ts ar orhideju ekstraktu. \u0160is kr\u0113ms efekt\u012bvi aizsarg\u0101 matus un \u0101du no kait\u012bgajiem UV stariem, vienlaikus nodro\u0161inot mitrin\u0101\u0161anu un baro\u0161anu. Ide\u0101li piem\u0113rots lieto\u0161anai pludmal\u0113, basein\u0101 vai ikdienas pastaig\u0101s saul\u0113. Galven\u0101s \u012bpa\u0161\u012bbas: Satur orhideju ekstraktu, kas atjauno un m\u012bkstina Aizsarg\u0101 pret UV starojumu un br\u012bvajiem radik\u0101\u013ciem Viegls, nemat\u0113jo\u0161s sast\u0101vs \u2013 piem\u0113rots visiem matu un \u0101das tipiem Ide\u0101li piem\u0113rots vasaras sezonai &nbsp; Aizsarg\u0101jiet savu skaistumu \u2013&hellip;<\/p>\n","protected":false},"featured_media":7689,"template":"","meta":[],"product_brand":[],"product_cat":[33,69,58],"product_tag":[],"class_list":{"0":"post-7687","1":"product","2":"type-product","3":"status-publish","4":"has-post-thumbnail","6":"product_cat-uncategorized","7":"product_cat-matu-kopsana-2","8":"product_cat-super-sale","10":"first","11":"instock","12":"shipping-taxable","13":"purchasable","14":"product-type-simple"},"_links":{"self":[{"href":"https:\/\/www.happysunday.eu\/index.php?rest_route=\/wp\/v2\/product\/7687","targetHints":{"allow":["GET"]}}],"collection":[{"href":"https:\/\/www.happysunday.eu\/index.php?rest_route=\/wp\/v2\/product"}],"about":[{"href":"https:\/\/www.happysunday.eu\/index.php?rest_route=\/wp\/v2\/types\/product"}],"wp:featuredmedia":[{"embeddable":true,"href":"https:\/\/www.happysunday.eu\/index.php?rest_route=\/wp\/v2\/media\/7689"}],"wp:attachment":[{"href":"https:\/\/www.happysunday.eu\/index.php?rest_route=%2Fwp%2Fv2%2Fmedia&parent=7687"}],"wp:term":[{"taxonomy":"product_brand","embeddable":true,"href":"https:\/\/www.happysunday.eu\/index.php?rest_route=%2Fwp%2Fv2%2Fproduct_brand&post=7687"},{"taxonomy":"product_cat","embeddable":true,"href":"https:\/\/www.happysunday.eu\/index.php?rest_route=%2Fwp%2Fv2%2Fproduct_cat&post=7687"},{"taxonomy":"product_tag","embeddable":true,"href":"https:\/\/www.happysunday.eu\/index.php?rest_route=%2Fwp%2Fv2%2Fproduct_tag&post=7687"}],"curies":[{"name":"wp","href":"https:\/\/api.w.org\/{rel}","templated":true}]}}