{"id":7692,"date":"2025-04-30T12:39:50","date_gmt":"2025-04-30T12:39:50","guid":{"rendered":"https:\/\/www.happysunday.eu\/?post_type=product&#038;p=7692"},"modified":"2026-05-01T15:52:28","modified_gmt":"2026-05-01T15:52:28","slug":"retinol-sampuns-1000ml","status":"publish","type":"product","link":"https:\/\/www.happysunday.eu\/?product=retinol-sampuns-1000ml","title":{"rendered":"RETINOL \u0160AMP\u016aNS 1000ML"},"content":{"rendered":"<p class=\"p1\"><span class=\"s1\">Kleral System RETINOL \u0161amp\u016bns<\/span><\/p>\n<p class=\"p1\"><span class=\"s2\">Intens\u012bvs kop\u0161anas \u0161amp\u016bns ar retinolu, kas dzi\u013ci att\u012bra galvas \u0101du un matus, vienlaikus stimul\u0113jot \u0161\u016bnu atjauno\u0161anos un uzlabojot matu vesel\u012bbu. <\/span><span class=\"s1\">Retinols<\/span><span class=\"s2\">, paz\u012bstams k\u0101 A vitam\u012bna atvasin\u0101jums, veicina \u0101das un matu folikulu atjauno\u0161anos, regul\u0113 sebuma izdal\u012b\u0161anos un pal\u012bdz atbr\u012bvot poras. Tas uzlabo galvas \u0101das mikrocirkul\u0101ciju, stiprina matu saknes un veicina jaunu, vesel\u012bgu matu aug\u0161anu.<\/span><\/p>\n<p class=\"p1\"><span class=\"s1\">Galven\u0101s \u012bpa\u0161\u012bbas:<\/span><\/p>\n<ul>\n<li>\n<p class=\"p1\"><span class=\"s1\">Bag\u0101tin\u0101ts ar retinolu akt\u012bvai matu un galvas \u0101das kop\u0161anai<\/span><\/p>\n<\/li>\n<li>\n<p class=\"p1\"><span class=\"s1\">Stimul\u0113 \u0161\u016bnu atjauno\u0161anos un uzlabo matu strukt\u016bru<\/span><\/p>\n<\/li>\n<li>\n<p class=\"p1\"><span class=\"s1\">Samazina matu izkri\u0161anu un stiprina folikulus<\/span><\/p>\n<\/li>\n<li>\n<p class=\"p1\"><span class=\"s1\">Regul\u0113 tauku dziedzeru darb\u012bbu un att\u012bra poras<\/span><\/p>\n<\/li>\n<li>\n<p class=\"p1\"><span class=\"s1\">Nodro\u0161ina matiem elast\u012bbu, sp\u012bdumu un vitalit\u0101ti<\/span><\/p>\n<\/li>\n<\/ul>\n<p>&nbsp;<\/p>\n<p class=\"p1\"><span class=\"s2\">Ide\u0101li piem\u0113rots trausliem, pl\u0101niem vai boj\u0101tiem matiem, k\u0101 ar\u012b ikdienas lieto\u0161anai vesel\u012bg\u0101ku un stipr\u0101ku matu ieg\u016b\u0161anai.<\/span><\/p>\n<p>RA\u017dOTS IT\u0100LIJ\u0100<\/p>\n<p>&nbsp;<\/p>\n","protected":false},"excerpt":{"rendered":"<p>Kleral System RETINOL \u0161amp\u016bns Intens\u012bvs kop\u0161anas \u0161amp\u016bns ar retinolu, kas dzi\u013ci att\u012bra galvas \u0101du un matus, vienlaikus stimul\u0113jot \u0161\u016bnu atjauno\u0161anos un uzlabojot matu vesel\u012bbu. Retinols, paz\u012bstams k\u0101 A vitam\u012bna atvasin\u0101jums, veicina \u0101das un matu folikulu atjauno\u0161anos, regul\u0113 sebuma izdal\u012b\u0161anos un pal\u012bdz atbr\u012bvot poras. Tas uzlabo galvas \u0101das mikrocirkul\u0101ciju, stiprina matu saknes un veicina jaunu, vesel\u012bgu matu aug\u0161anu. Galven\u0101s \u012bpa\u0161\u012bbas: Bag\u0101tin\u0101ts ar retinolu akt\u012bvai matu un galvas \u0101das kop\u0161anai Stimul\u0113 \u0161\u016bnu atjauno\u0161anos un uzlabo matu strukt\u016bru Samazina matu izkri\u0161anu un stiprina folikulus Regul\u0113 tauku dziedzeru darb\u012bbu un att\u012bra poras Nodro\u0161ina matiem&hellip;<\/p>\n","protected":false},"featured_media":7693,"template":"","meta":[],"product_brand":[],"product_cat":[33,69],"product_tag":[],"class_list":{"0":"post-7692","1":"product","2":"type-product","3":"status-publish","4":"has-post-thumbnail","6":"product_cat-uncategorized","7":"product_cat-matu-kopsana-2","9":"first","10":"instock","11":"sale","12":"shipping-taxable","13":"purchasable","14":"product-type-simple"},"_links":{"self":[{"href":"https:\/\/www.happysunday.eu\/index.php?rest_route=\/wp\/v2\/product\/7692","targetHints":{"allow":["GET"]}}],"collection":[{"href":"https:\/\/www.happysunday.eu\/index.php?rest_route=\/wp\/v2\/product"}],"about":[{"href":"https:\/\/www.happysunday.eu\/index.php?rest_route=\/wp\/v2\/types\/product"}],"wp:featuredmedia":[{"embeddable":true,"href":"https:\/\/www.happysunday.eu\/index.php?rest_route=\/wp\/v2\/media\/7693"}],"wp:attachment":[{"href":"https:\/\/www.happysunday.eu\/index.php?rest_route=%2Fwp%2Fv2%2Fmedia&parent=7692"}],"wp:term":[{"taxonomy":"product_brand","embeddable":true,"href":"https:\/\/www.happysunday.eu\/index.php?rest_route=%2Fwp%2Fv2%2Fproduct_brand&post=7692"},{"taxonomy":"product_cat","embeddable":true,"href":"https:\/\/www.happysunday.eu\/index.php?rest_route=%2Fwp%2Fv2%2Fproduct_cat&post=7692"},{"taxonomy":"product_tag","embeddable":true,"href":"https:\/\/www.happysunday.eu\/index.php?rest_route=%2Fwp%2Fv2%2Fproduct_tag&post=7692"}],"curies":[{"name":"wp","href":"https:\/\/api.w.org\/{rel}","templated":true}]}}