{"id":7694,"date":"2025-04-30T12:43:14","date_gmt":"2025-04-30T12:43:14","guid":{"rendered":"https:\/\/www.happysunday.eu\/?post_type=product&#038;p=7694"},"modified":"2026-05-01T15:52:28","modified_gmt":"2026-05-01T15:52:28","slug":"retinol-maska-1000ml","status":"publish","type":"product","link":"https:\/\/www.happysunday.eu\/?product=retinol-maska-1000ml","title":{"rendered":"RETINOL MASKA 1000ML"},"content":{"rendered":"<p class=\"p1\"><span class=\"s1\">Kleral System RETINOL matu maska<\/span><\/p>\n<p class=\"p1\"><span class=\"s2\">Intens\u012bvi atjaunojo\u0161a matu maska ar retinolu, kas dzi\u013ci baro, mitrina un stiprina matus no sakn\u0113m l\u012bdz galiem. <\/span><span class=\"s1\">Retinols<\/span><span class=\"s2\"> \u2013 sp\u0113c\u012bgs A vitam\u012bna atvasin\u0101jums \u2013 veicina galvas \u0101das \u0161\u016bnu atjauno\u0161anos, uzlabo mikrocirkul\u0101ciju un pal\u012bdz nostiprin\u0101t matu folikulus. Tas stimul\u0113 vesel\u012bgu matu aug\u0161anu, vienlaikus padarot matus m\u012bkstus, gludus un sp\u012bd\u012bgus.<\/span><\/p>\n<p class=\"p1\"><span class=\"s1\">Galven\u0101s \u012bpa\u0161\u012bbas:<\/span><\/p>\n<ul>\n<li>\n<p class=\"p1\"><span class=\"s1\">Intens\u012bva kop\u0161ana ar retinolu boj\u0101tiem un nov\u0101jin\u0101tiem matiem<\/span><\/p>\n<\/li>\n<li>\n<p class=\"p1\"><span class=\"s1\">Stiprina matu strukt\u016bru un samazina l\u016b\u0161anu<\/span><\/p>\n<\/li>\n<li>\n<p class=\"p1\"><span class=\"s1\">Veicina \u0161\u016bnu atjauno\u0161anos un uzlabo galvas \u0101das vesel\u012bbu<\/span><\/p>\n<\/li>\n<li>\n<p class=\"p1\"><span class=\"s1\">Padara matus iev\u0113rojami glud\u0101kus, m\u012bkst\u0101kus un viegl\u0101k ieveidojamus<\/span><\/p>\n<\/li>\n<li>\n<p class=\"p1\"><span class=\"s1\">Piem\u0113rota visiem matu tipiem, \u012bpa\u0161i sausiem un apstr\u0101d\u0101tiem matiem<\/span><\/p>\n<\/li>\n<\/ul>\n<p>&nbsp;<\/p>\n<p class=\"p1\"><span class=\"s1\">Lieto\u0161anas veids:<\/span><\/p>\n<p class=\"p1\"><span class=\"s2\">Uzkl\u0101t uz t\u012briem, mitriem matiem, vienm\u0113r\u012bgi sadalot pa visu garumu. Atst\u0101t iedarboties 5\u201310 min\u016btes, p\u0113c tam r\u016bp\u012bgi izskalot ar siltu \u016bdeni.<\/span><\/p>\n<p>RA\u017dOTS IT\u0100LIJ\u0100<\/p>\n<p>&nbsp;<\/p>\n","protected":false},"excerpt":{"rendered":"<p>Kleral System RETINOL matu maska Intens\u012bvi atjaunojo\u0161a matu maska ar retinolu, kas dzi\u013ci baro, mitrina un stiprina matus no sakn\u0113m l\u012bdz galiem. Retinols \u2013 sp\u0113c\u012bgs A vitam\u012bna atvasin\u0101jums \u2013 veicina galvas \u0101das \u0161\u016bnu atjauno\u0161anos, uzlabo mikrocirkul\u0101ciju un pal\u012bdz nostiprin\u0101t matu folikulus. Tas stimul\u0113 vesel\u012bgu matu aug\u0161anu, vienlaikus padarot matus m\u012bkstus, gludus un sp\u012bd\u012bgus. Galven\u0101s \u012bpa\u0161\u012bbas: Intens\u012bva kop\u0161ana ar retinolu boj\u0101tiem un nov\u0101jin\u0101tiem matiem Stiprina matu strukt\u016bru un samazina l\u016b\u0161anu Veicina \u0161\u016bnu atjauno\u0161anos un uzlabo galvas \u0101das vesel\u012bbu Padara matus iev\u0113rojami glud\u0101kus, m\u012bkst\u0101kus un viegl\u0101k ieveidojamus Piem\u0113rota visiem matu tipiem, \u012bpa\u0161i&hellip;<\/p>\n","protected":false},"featured_media":7696,"template":"","meta":[],"product_brand":[],"product_cat":[33,69],"product_tag":[],"class_list":{"0":"post-7694","1":"product","2":"type-product","3":"status-publish","4":"has-post-thumbnail","6":"product_cat-uncategorized","7":"product_cat-matu-kopsana-2","9":"first","10":"instock","11":"sale","12":"shipping-taxable","13":"purchasable","14":"product-type-simple"},"_links":{"self":[{"href":"https:\/\/www.happysunday.eu\/index.php?rest_route=\/wp\/v2\/product\/7694","targetHints":{"allow":["GET"]}}],"collection":[{"href":"https:\/\/www.happysunday.eu\/index.php?rest_route=\/wp\/v2\/product"}],"about":[{"href":"https:\/\/www.happysunday.eu\/index.php?rest_route=\/wp\/v2\/types\/product"}],"wp:featuredmedia":[{"embeddable":true,"href":"https:\/\/www.happysunday.eu\/index.php?rest_route=\/wp\/v2\/media\/7696"}],"wp:attachment":[{"href":"https:\/\/www.happysunday.eu\/index.php?rest_route=%2Fwp%2Fv2%2Fmedia&parent=7694"}],"wp:term":[{"taxonomy":"product_brand","embeddable":true,"href":"https:\/\/www.happysunday.eu\/index.php?rest_route=%2Fwp%2Fv2%2Fproduct_brand&post=7694"},{"taxonomy":"product_cat","embeddable":true,"href":"https:\/\/www.happysunday.eu\/index.php?rest_route=%2Fwp%2Fv2%2Fproduct_cat&post=7694"},{"taxonomy":"product_tag","embeddable":true,"href":"https:\/\/www.happysunday.eu\/index.php?rest_route=%2Fwp%2Fv2%2Fproduct_tag&post=7694"}],"curies":[{"name":"wp","href":"https:\/\/api.w.org\/{rel}","templated":true}]}}