{"id":7697,"date":"2025-04-30T12:45:04","date_gmt":"2025-04-30T12:45:04","guid":{"rendered":"https:\/\/www.happysunday.eu\/?post_type=product&#038;p=7697"},"modified":"2026-04-07T07:07:42","modified_gmt":"2026-04-07T07:07:42","slug":"retinol-absolute-fluid-100ml","status":"publish","type":"product","link":"https:\/\/www.happysunday.eu\/?product=retinol-absolute-fluid-100ml","title":{"rendered":"RETINOL ABSOLUTE FLUID 100ML"},"content":{"rendered":"<p class=\"p1\"><span class=\"s1\">Kleral System RETINOL ABSOLUTE FLUID serums<\/span><\/p>\n<p class=\"p1\"><span class=\"s2\">Luksusa kop\u0161anas l\u012bdzeklis ar augstu koncentr\u0101ciju akt\u012bvo sast\u0101vda\u013cu, kas dzi\u013ci atjauno un aizsarg\u0101 matus. <\/span><span class=\"s1\">Absolute Fluid<\/span><span class=\"s2\">serums izl\u012bdzina matu virsmu, nov\u0113r\u0161 \u0161\u0137el\u0161anos un padara matus z\u012bdaini gludus un sp\u012bd\u012bgus. Tas veido aizsargk\u0101rtu pret \u0101r\u0113jiem faktoriem, piem\u0113ram, karstumu, mitrumu un pies\u0101r\u0146ojumu, vienlaikus barojot matus no iek\u0161puses.<\/span><\/p>\n<p class=\"p1\"><span class=\"s1\">Galven\u0101s \u012bpa\u0161\u012bbas:<\/span><\/p>\n<ul>\n<li>\n<p class=\"p1\"><span class=\"s1\">Intensi\u0304va matu mitrina\u0304s\u030cana un baros\u030cana<\/span><\/p>\n<\/li>\n<li>\n<p class=\"p1\"><span class=\"s1\">Nov\u0113r\u0161 \u0161\u0137el\u0161anos un l\u016b\u0161anu<\/span><\/p>\n<\/li>\n<li>\n<p class=\"p1\"><span class=\"s1\">Pie\u0161\u0137ir t\u016bl\u012bt\u0113ju sp\u012bdumu un gludumu bez noslogo\u0161anas<\/span><\/p>\n<\/li>\n<li>\n<p class=\"p1\"><span class=\"s1\">Aizsarg\u0101 matus no karstuma iedarb\u012bbas un apk\u0101rt\u0113j\u0101s vides kait\u012bg\u0101s ietekmes<\/span><\/p>\n<\/li>\n<li>\n<p class=\"p1\"><span class=\"s1\">Ide\u0101li piem\u0113rots sausiem, boj\u0101tiem vai kr\u0101sotiem matiem<\/span><\/p>\n<\/li>\n<\/ul>\n<p>&nbsp;<\/p>\n<p class=\"p1\"><span class=\"s1\">Lieto\u0161anas veids:<\/span><\/p>\n<p class=\"p1\"><span class=\"s2\">Uzkl\u0101t nelielu daudzumu uz mitriem vai sausiem matiem, \u012bpa\u0161i piev\u0113r\u0161ot uzman\u012bbu matu galiem. Nenoskalot. Var izmantot ar\u012b pirms matu taisno\u0161anas vai f\u0113no\u0161anas, lai pasarg\u0101tu matus no karstuma.<\/span><\/p>\n<p>RA\u017dOTS IT\u0100LIJ\u0100<\/p>\n<p>&nbsp;<\/p>\n","protected":false},"excerpt":{"rendered":"<p>Kleral System RETINOL ABSOLUTE FLUID serums Luksusa kop\u0161anas l\u012bdzeklis ar augstu koncentr\u0101ciju akt\u012bvo sast\u0101vda\u013cu, kas dzi\u013ci atjauno un aizsarg\u0101 matus. Absolute Fluidserums izl\u012bdzina matu virsmu, nov\u0113r\u0161 \u0161\u0137el\u0161anos un padara matus z\u012bdaini gludus un sp\u012bd\u012bgus. Tas veido aizsargk\u0101rtu pret \u0101r\u0113jiem faktoriem, piem\u0113ram, karstumu, mitrumu un pies\u0101r\u0146ojumu, vienlaikus barojot matus no iek\u0161puses. Galven\u0101s \u012bpa\u0161\u012bbas: Intensi\u0304va matu mitrina\u0304s\u030cana un baros\u030cana Nov\u0113r\u0161 \u0161\u0137el\u0161anos un l\u016b\u0161anu Pie\u0161\u0137ir t\u016bl\u012bt\u0113ju sp\u012bdumu un gludumu bez noslogo\u0161anas Aizsarg\u0101 matus no karstuma iedarb\u012bbas un apk\u0101rt\u0113j\u0101s vides kait\u012bg\u0101s ietekmes Ide\u0101li piem\u0113rots sausiem, boj\u0101tiem vai kr\u0101sotiem matiem &nbsp; Lieto\u0161anas veids: Uzkl\u0101t nelielu&hellip;<\/p>\n","protected":false},"featured_media":7698,"template":"","meta":[],"product_brand":[],"product_cat":[71,33,69,58],"product_tag":[],"class_list":{"0":"post-7697","1":"product","2":"type-product","3":"status-publish","4":"has-post-thumbnail","6":"product_cat-davanas","7":"product_cat-uncategorized","8":"product_cat-matu-kopsana-2","9":"product_cat-super-sale","11":"first","12":"instock","13":"shipping-taxable","14":"purchasable","15":"product-type-simple"},"_links":{"self":[{"href":"https:\/\/www.happysunday.eu\/index.php?rest_route=\/wp\/v2\/product\/7697","targetHints":{"allow":["GET"]}}],"collection":[{"href":"https:\/\/www.happysunday.eu\/index.php?rest_route=\/wp\/v2\/product"}],"about":[{"href":"https:\/\/www.happysunday.eu\/index.php?rest_route=\/wp\/v2\/types\/product"}],"wp:featuredmedia":[{"embeddable":true,"href":"https:\/\/www.happysunday.eu\/index.php?rest_route=\/wp\/v2\/media\/7698"}],"wp:attachment":[{"href":"https:\/\/www.happysunday.eu\/index.php?rest_route=%2Fwp%2Fv2%2Fmedia&parent=7697"}],"wp:term":[{"taxonomy":"product_brand","embeddable":true,"href":"https:\/\/www.happysunday.eu\/index.php?rest_route=%2Fwp%2Fv2%2Fproduct_brand&post=7697"},{"taxonomy":"product_cat","embeddable":true,"href":"https:\/\/www.happysunday.eu\/index.php?rest_route=%2Fwp%2Fv2%2Fproduct_cat&post=7697"},{"taxonomy":"product_tag","embeddable":true,"href":"https:\/\/www.happysunday.eu\/index.php?rest_route=%2Fwp%2Fv2%2Fproduct_tag&post=7697"}],"curies":[{"name":"wp","href":"https:\/\/api.w.org\/{rel}","templated":true}]}}