{"id":7699,"date":"2025-04-30T12:48:03","date_gmt":"2025-04-30T12:48:03","guid":{"rendered":"https:\/\/www.happysunday.eu\/?post_type=product&#038;p=7699"},"modified":"2026-04-07T07:07:42","modified_gmt":"2026-04-07T07:07:42","slug":"retinol-3-phase-light-spray-50ml","status":"publish","type":"product","link":"https:\/\/www.happysunday.eu\/?product=retinol-3-phase-light-spray-50ml","title":{"rendered":"RETINOL 3 PHASE LIGHT SPRAY 50ML"},"content":{"rendered":"<p class=\"p1\"><span class=\"s1\">Kleral System 3 PHASE LIGHT SPRAY<\/span><\/p>\n<p class=\"p1\"><span class=\"s2\">Tr\u012bspak\u0101pju kop\u0161anas sprejs ar vieglu formulu, kas nodro\u0161ina t\u016bl\u012bt\u0113ju matu atjauno\u0161anu, mitrin\u0101\u0161anu un aizsardz\u012bbu. \u0160is unik\u0101lais tr\u012bs f\u0101\u017eu sprejs apvieno barojo\u0161as e\u013c\u013cas, mitrino\u0161us komponentus un aizsarg\u0101jo\u0161as vielas, kas kop\u0101 sniedz z\u012bdainu vieglumu, sp\u012bdumu un matu viegl\u0101ku iz\u0137emm\u0113\u0161anu. Ide\u0101li piem\u0113rots trausliem, sausiem vai apstr\u0101d\u0101tiem matiem.<\/span><\/p>\n<p class=\"p1\"><span class=\"s1\">Galven\u0101s \u012bpa\u0161\u012bbas:<\/span><\/p>\n<ul>\n<li>\n<p class=\"p1\"><span class=\"s1\">Tr\u012bsk\u0101r\u0161a iedarb\u012bba: mitrina, aizsarg\u0101 un atjauno<\/span><\/p>\n<\/li>\n<li>\n<p class=\"p1\"><span class=\"s1\">Veicina matu m\u012bkstumu un sp\u012bdumu, nesataisot tos smagus<\/span><\/p>\n<\/li>\n<li>\n<p class=\"p1\"><span class=\"s1\">Atvieglo iz\u0137emm\u0113\u0161anu un nov\u0113r\u0161 savel\u0161anos<\/span><\/p>\n<\/li>\n<li>\n<p class=\"p1\"><span class=\"s1\">Veido aizsargbarjeru pret karstuma un apk\u0101rt\u0113j\u0101s vides iedarb\u012bbu<\/span><\/p>\n<\/li>\n<li>\n<p class=\"p1\"><span class=\"s1\">Piem\u0113rots visiem matu tipiem, \u012bpa\u0161i sausiem un nespodriem<\/span><\/p>\n<\/li>\n<\/ul>\n<p>&nbsp;<\/p>\n<p class=\"p1\"><span class=\"s1\">Lieto\u0161anas veids:<\/span><\/p>\n<p class=\"p1\"><span class=\"s2\">Pirms lieto\u0161anas labi sakrat\u012bt, lai apvienotu visas tr\u012bs f\u0101zes. Izsmidzin\u0101t uz mitriem vai sausiem matiem. Neizskalot. Var lietot pirms ieveido\u0161anas vai k\u0101 ikdienas kop\u0161anas l\u012bdzekli.<\/span><\/p>\n<p>RA\u017dOTS IT\u0100LIJ\u0100<\/p>\n<p>&nbsp;<\/p>\n","protected":false},"excerpt":{"rendered":"<p>Kleral System 3 PHASE LIGHT SPRAY Tr\u012bspak\u0101pju kop\u0161anas sprejs ar vieglu formulu, kas nodro\u0161ina t\u016bl\u012bt\u0113ju matu atjauno\u0161anu, mitrin\u0101\u0161anu un aizsardz\u012bbu. \u0160is unik\u0101lais tr\u012bs f\u0101\u017eu sprejs apvieno barojo\u0161as e\u013c\u013cas, mitrino\u0161us komponentus un aizsarg\u0101jo\u0161as vielas, kas kop\u0101 sniedz z\u012bdainu vieglumu, sp\u012bdumu un matu viegl\u0101ku iz\u0137emm\u0113\u0161anu. Ide\u0101li piem\u0113rots trausliem, sausiem vai apstr\u0101d\u0101tiem matiem. Galven\u0101s \u012bpa\u0161\u012bbas: Tr\u012bsk\u0101r\u0161a iedarb\u012bba: mitrina, aizsarg\u0101 un atjauno Veicina matu m\u012bkstumu un sp\u012bdumu, nesataisot tos smagus Atvieglo iz\u0137emm\u0113\u0161anu un nov\u0113r\u0161 savel\u0161anos Veido aizsargbarjeru pret karstuma un apk\u0101rt\u0113j\u0101s vides iedarb\u012bbu Piem\u0113rots visiem matu tipiem, \u012bpa\u0161i sausiem un nespodriem &nbsp; Lieto\u0161anas veids:&hellip;<\/p>\n","protected":false},"featured_media":7701,"template":"","meta":[],"product_brand":[],"product_cat":[33,69,58],"product_tag":[],"class_list":{"0":"post-7699","1":"product","2":"type-product","3":"status-publish","4":"has-post-thumbnail","6":"product_cat-uncategorized","7":"product_cat-matu-kopsana-2","8":"product_cat-super-sale","10":"first","11":"instock","12":"shipping-taxable","13":"purchasable","14":"product-type-simple"},"_links":{"self":[{"href":"https:\/\/www.happysunday.eu\/index.php?rest_route=\/wp\/v2\/product\/7699","targetHints":{"allow":["GET"]}}],"collection":[{"href":"https:\/\/www.happysunday.eu\/index.php?rest_route=\/wp\/v2\/product"}],"about":[{"href":"https:\/\/www.happysunday.eu\/index.php?rest_route=\/wp\/v2\/types\/product"}],"wp:featuredmedia":[{"embeddable":true,"href":"https:\/\/www.happysunday.eu\/index.php?rest_route=\/wp\/v2\/media\/7701"}],"wp:attachment":[{"href":"https:\/\/www.happysunday.eu\/index.php?rest_route=%2Fwp%2Fv2%2Fmedia&parent=7699"}],"wp:term":[{"taxonomy":"product_brand","embeddable":true,"href":"https:\/\/www.happysunday.eu\/index.php?rest_route=%2Fwp%2Fv2%2Fproduct_brand&post=7699"},{"taxonomy":"product_cat","embeddable":true,"href":"https:\/\/www.happysunday.eu\/index.php?rest_route=%2Fwp%2Fv2%2Fproduct_cat&post=7699"},{"taxonomy":"product_tag","embeddable":true,"href":"https:\/\/www.happysunday.eu\/index.php?rest_route=%2Fwp%2Fv2%2Fproduct_tag&post=7699"}],"curies":[{"name":"wp","href":"https:\/\/api.w.org\/{rel}","templated":true}]}}