{"id":771,"date":"2021-01-21T17:14:37","date_gmt":"2021-01-21T17:14:37","guid":{"rendered":"https:\/\/www.happysunday.eu\/?post_type=product&#038;p=771"},"modified":"2026-04-07T06:53:34","modified_gmt":"2026-04-07T06:53:34","slug":"intensive-hydrating-cream-500ml","status":"publish","type":"product","link":"https:\/\/www.happysunday.eu\/?product=intensive-hydrating-cream-500ml","title":{"rendered":"INTENS\u012aVS MITRINO\u0160S KR\u0112MS 500ML"},"content":{"rendered":"<div id=\"product-title\">\n<p><strong>DR. KRAUT Intensive Hydrating Cream<\/strong><\/p>\n<p>INTENS\u012aVI HIDR\u0112JO\u0160S KR\u0112MS AR HIALURONSK\u0100BI UN J\u016aRAS KOLAG\u0112NU.\u00a0Kr\u0113ms, kas atjauno un uztur pareizu \u0101das mitruma l\u012bmeni, pateicoties hialuronsk\u0101bes, j\u016bras kolag\u0113na un j\u016bras elast\u012bna apvienotajai darb\u012bbai. Tas \u0101rst\u0113 \u0101das sausumu, sniedzot t\u016bl\u012bt\u0113ju komfortu sausai un bl\u0101vai \u0101dai.<br \/>\n70,02% dab\u012bgs<\/p>\n<p>Intens\u012bvais mitrino\u0161ais kr\u0113ms ir piem\u0113rots visiem \u0101du tipiem, \u012bpa\u0161i norm\u0101lai un sausai \u0101dai, kam nepiecie\u0161ama liel\u0101ka mitrin\u0101\u0161ana. Turkl\u0101t pareiza \u0101das hidrat\u0101cijas l\u012bme\u0146a uztur\u0113\u0161ana ir svar\u012bga jau no mazotnes, jo dehidrat\u0101cija ir saist\u012bta ar priek\u0161laic\u012bgu \u0101das noveco\u0161anos, grumbu veido\u0161anos, pl\u0101n\u0101ku \u0101du un noguruma paz\u012bmes.<\/p>\n<p>K\u0101 lietot: Uzkl\u0101jiet uz t\u012bras \u0101das un iemas\u0113jiet, l\u012bdz t\u0101 piln\u012bb\u0101 uzs\u016bcas.<\/p>\n<p>Profesion\u0101l\u0101 kosm\u0113tika kosmetolo\u0123iskaj\u0101m proced\u016br\u0101m.<\/p>\n<p>HIALURONSK\u0100BE: \u012bpa\u0161i paz\u012bstama ar sp\u0113ju notur\u0113t \u016bdens molekulas, t\u0101d\u0113j\u0101di uzturot \u0101du optim\u0101l\u0101 hidrat\u0101cijas st\u0101vokl\u012b. Nov\u0113r\u0161 tonusa zudumu, ko izraisa pak\u0101peniska hialuronsk\u0101bes ra\u017eo\u0161anas samazin\u0101\u0161an\u0101s organism\u0101.<br \/>\nJ\u016aRAS KOLAG\u0112NS: pateicoties iev\u0113rojamajai afinit\u0101tei ar cilv\u0113ka kolag\u0113na strukt\u016bru, j\u016bras kolag\u0113ns saist\u0101s ar \u0101das kerat\u012bna sl\u0101\u0146iem, saglab\u0101jot \u016bdens molekulas un pie\u0161\u0137irot \u0101das virsmai glud\u0101ku un glud\u0101ku.<br \/>\nJ\u016aRAS ELAST\u012aNS: Elast\u012bns ir dermas saistaudu atbalsta strukt\u016bra, un to raksturo molekul\u0101r\u0101 \u0137\u0113de, kas ir vienm\u0113r\u012bgi sadal\u012bta uz \u0101das raga sl\u0101\u0146a, veidojot aizsargpl\u0113vi un uzturot \u0101du mitrin\u0101tu.<br \/>\nSHEA sviests: sviests, kas ieg\u016bts no \u0161\u012b koka un sp\u0113j saglab\u0101t dabisko \u0101das elast\u012bbu un tonusu.<br \/>\nJOJOBAS E\u013b\u013bA: ieg\u016bta no siltaj\u0101m viet\u0101m rakstur\u012bg\u0101 kr\u016bma jojobas s\u0113kl\u0101m, kas ir bag\u0101ta ar nep\u0101rziepjojam\u0101m viel\u0101m, kas aizsarg\u0101 \u0101du, nov\u0113r\u0161ot \u0101das sausumu.<\/p>\n<\/div>\n","protected":false},"excerpt":{"rendered":"<p>DR. KRAUT Intensive Hydrating Cream INTENS\u012aVI HIDR\u0112JO\u0160S KR\u0112MS AR HIALURONSK\u0100BI UN J\u016aRAS KOLAG\u0112NU.\u00a0Kr\u0113ms, kas atjauno un uztur pareizu \u0101das mitruma l\u012bmeni, pateicoties hialuronsk\u0101bes, j\u016bras kolag\u0113na un j\u016bras elast\u012bna apvienotajai darb\u012bbai. Tas \u0101rst\u0113 \u0101das sausumu, sniedzot t\u016bl\u012bt\u0113ju komfortu sausai un bl\u0101vai \u0101dai. 70,02% dab\u012bgs Intens\u012bvais mitrino\u0161ais kr\u0113ms ir piem\u0113rots visiem \u0101du tipiem, \u012bpa\u0161i norm\u0101lai un sausai \u0101dai, kam nepiecie\u0161ama liel\u0101ka mitrin\u0101\u0161ana. Turkl\u0101t pareiza \u0101das hidrat\u0101cijas l\u012bme\u0146a uztur\u0113\u0161ana ir svar\u012bga jau no mazotnes, jo dehidrat\u0101cija ir saist\u012bta ar priek\u0161laic\u012bgu \u0101das noveco\u0161anos, grumbu veido\u0161anos, pl\u0101n\u0101ku \u0101du un noguruma paz\u012bmes. K\u0101 lietot: Uzkl\u0101jiet uz&hellip;<\/p>\n","protected":false},"featured_media":751,"template":"","meta":[],"product_brand":[],"product_cat":[63],"product_tag":[],"class_list":{"0":"post-771","1":"product","2":"type-product","3":"status-publish","4":"has-post-thumbnail","6":"product_cat-kosmetologija","8":"first","9":"instock","10":"shipping-taxable","11":"purchasable","12":"product-type-simple"},"_links":{"self":[{"href":"https:\/\/www.happysunday.eu\/index.php?rest_route=\/wp\/v2\/product\/771","targetHints":{"allow":["GET"]}}],"collection":[{"href":"https:\/\/www.happysunday.eu\/index.php?rest_route=\/wp\/v2\/product"}],"about":[{"href":"https:\/\/www.happysunday.eu\/index.php?rest_route=\/wp\/v2\/types\/product"}],"wp:featuredmedia":[{"embeddable":true,"href":"https:\/\/www.happysunday.eu\/index.php?rest_route=\/wp\/v2\/media\/751"}],"wp:attachment":[{"href":"https:\/\/www.happysunday.eu\/index.php?rest_route=%2Fwp%2Fv2%2Fmedia&parent=771"}],"wp:term":[{"taxonomy":"product_brand","embeddable":true,"href":"https:\/\/www.happysunday.eu\/index.php?rest_route=%2Fwp%2Fv2%2Fproduct_brand&post=771"},{"taxonomy":"product_cat","embeddable":true,"href":"https:\/\/www.happysunday.eu\/index.php?rest_route=%2Fwp%2Fv2%2Fproduct_cat&post=771"},{"taxonomy":"product_tag","embeddable":true,"href":"https:\/\/www.happysunday.eu\/index.php?rest_route=%2Fwp%2Fv2%2Fproduct_tag&post=771"}],"curies":[{"name":"wp","href":"https:\/\/api.w.org\/{rel}","templated":true}]}}