{"id":773,"date":"2021-01-21T17:19:33","date_gmt":"2021-01-21T17:19:33","guid":{"rendered":"https:\/\/www.happysunday.eu\/?post_type=product&#038;p=773"},"modified":"2026-04-07T06:53:34","modified_gmt":"2026-04-07T06:53:34","slug":"intensive-hydrating-active-6x6ml","status":"publish","type":"product","link":"https:\/\/www.happysunday.eu\/?product=intensive-hydrating-active-6x6ml","title":{"rendered":"INTENS\u012aVS S\u0112JAS SERUMS KOMPLEKTS \u0100DAS MITRIN\u0100\u0160ANAI 6x6ml"},"content":{"rendered":"<div id=\"product-title\">\n<p><strong>Intensive Hydrating Active Attivo\u00a0<\/strong><strong>Intens\u012bvs mitrino\u0161s koncentr\u0101ts ar akt\u012bvo hialuronsk\u0101bi<br \/>\n<\/strong><\/p>\n<p>Hialuronsk\u0101bes koncentr\u0101ts ir m\u0113r\u0137tiec\u012bgi sp\u0113c\u012bga iedarb\u012bba uz \u0101du. Samazina eso\u0161\u0101s un nov\u0113r\u0161 ar\u012b jaunu grumbu veido\u0161anos. Glikozaminoglik\u0101nu, j\u016bras kolag\u0113na un elast\u012bna intens\u012bvs biolo\u0123iskais komplekss atjauno dabiskos hidrat\u0101cijas meh\u0101nismus, veicina mitruma uzkr\u0101\u0161anos un saglab\u0101\u0161anu epiderm\u0101. D\u0101rze\u0146u glicer\u012bna un raganu lazdu \u016bdens saturs atsvaidzina un pie\u0161\u0137ir \u0101dai z\u012bdain\u012bbu. To var izmantot profesion\u0101laj\u0101 un m\u0101jas apr\u016bp\u0113.<\/p>\n<p>Lieto\u0161ana: pirms lieto\u0161anas sakrat\u012bt, da\u017eus pilienus uzkl\u0101t un ar mas\u0101\u017eas kust\u012bb\u0101m izdal\u012bt, l\u012bdz tas piln\u012bb\u0101 uzs\u016bcas. To var izmantot aparat\u016bras kosmetolo\u0123ij\u0101 ar ultraska\u0146u, mikrovi\u013c\u0146u terapiju, fonofor\u0113zi, elektropor\u0101ciju. Tas ir labi apvienots vien\u0101 proced\u016br\u0101 ar algin\u0101tu mask\u0101m.<\/p>\n<p>Akt\u012bv\u0101s sast\u0101vda\u013cas: glikozaminoglik\u0101ni (hialuronsk\u0101be), j\u016bras kolag\u0113ns, j\u016bras elast\u012bns, augu glicer\u012bns, raganu \u016bdens.<\/p>\n<\/div>\n","protected":false},"excerpt":{"rendered":"<p>Intensive Hydrating Active Attivo\u00a0Intens\u012bvs mitrino\u0161s koncentr\u0101ts ar akt\u012bvo hialuronsk\u0101bi Hialuronsk\u0101bes koncentr\u0101ts ir m\u0113r\u0137tiec\u012bgi sp\u0113c\u012bga iedarb\u012bba uz \u0101du. Samazina eso\u0161\u0101s un nov\u0113r\u0161 ar\u012b jaunu grumbu veido\u0161anos. Glikozaminoglik\u0101nu, j\u016bras kolag\u0113na un elast\u012bna intens\u012bvs biolo\u0123iskais komplekss atjauno dabiskos hidrat\u0101cijas meh\u0101nismus, veicina mitruma uzkr\u0101\u0161anos un saglab\u0101\u0161anu epiderm\u0101. D\u0101rze\u0146u glicer\u012bna un raganu lazdu \u016bdens saturs atsvaidzina un pie\u0161\u0137ir \u0101dai z\u012bdain\u012bbu. To var izmantot profesion\u0101laj\u0101 un m\u0101jas apr\u016bp\u0113. Lieto\u0161ana: pirms lieto\u0161anas sakrat\u012bt, da\u017eus pilienus uzkl\u0101t un ar mas\u0101\u017eas kust\u012bb\u0101m izdal\u012bt, l\u012bdz tas piln\u012bb\u0101 uzs\u016bcas. To var izmantot aparat\u016bras kosmetolo\u0123ij\u0101 ar ultraska\u0146u, mikrovi\u013c\u0146u terapiju, fonofor\u0113zi, elektropor\u0101ciju. Tas&hellip;<\/p>\n","protected":false},"featured_media":4490,"template":"","meta":[],"product_brand":[],"product_cat":[71,63],"product_tag":[],"class_list":{"0":"post-773","1":"product","2":"type-product","3":"status-publish","4":"has-post-thumbnail","6":"product_cat-davanas","7":"product_cat-kosmetologija","9":"first","10":"instock","11":"shipping-taxable","12":"purchasable","13":"product-type-simple"},"_links":{"self":[{"href":"https:\/\/www.happysunday.eu\/index.php?rest_route=\/wp\/v2\/product\/773","targetHints":{"allow":["GET"]}}],"collection":[{"href":"https:\/\/www.happysunday.eu\/index.php?rest_route=\/wp\/v2\/product"}],"about":[{"href":"https:\/\/www.happysunday.eu\/index.php?rest_route=\/wp\/v2\/types\/product"}],"wp:featuredmedia":[{"embeddable":true,"href":"https:\/\/www.happysunday.eu\/index.php?rest_route=\/wp\/v2\/media\/4490"}],"wp:attachment":[{"href":"https:\/\/www.happysunday.eu\/index.php?rest_route=%2Fwp%2Fv2%2Fmedia&parent=773"}],"wp:term":[{"taxonomy":"product_brand","embeddable":true,"href":"https:\/\/www.happysunday.eu\/index.php?rest_route=%2Fwp%2Fv2%2Fproduct_brand&post=773"},{"taxonomy":"product_cat","embeddable":true,"href":"https:\/\/www.happysunday.eu\/index.php?rest_route=%2Fwp%2Fv2%2Fproduct_cat&post=773"},{"taxonomy":"product_tag","embeddable":true,"href":"https:\/\/www.happysunday.eu\/index.php?rest_route=%2Fwp%2Fv2%2Fproduct_tag&post=773"}],"curies":[{"name":"wp","href":"https:\/\/api.w.org\/{rel}","templated":true}]}}