{"id":775,"date":"2021-01-21T17:23:46","date_gmt":"2021-01-21T17:23:46","guid":{"rendered":"https:\/\/www.happysunday.eu\/?post_type=product&#038;p=775"},"modified":"2026-04-07T06:53:33","modified_gmt":"2026-04-07T06:53:33","slug":"massage-cream-neutral-500ml","status":"publish","type":"product","link":"https:\/\/www.happysunday.eu\/?product=massage-cream-neutral-500ml","title":{"rendered":"SEJAS PROF MAS\u0100\u017dAS KR\u0112MS 500ml"},"content":{"rendered":"<div id=\"product-title\">\n<p><strong>Massage Cream Neutral.\u00a0<\/strong><\/p>\n<p>Bag\u0101t\u012bgs un samtains kr\u0113ms, pateicoties mas\u0101\u017eas pa\u0146\u0113mieniem, nodro\u0161ina toks\u012bnu izvad\u012b\u0161anai.<\/p>\n<p>K\u0101 lietot: Uzkl\u0101jiet uz t\u012bras \u0101das un veiciet sejas mas\u0101\u017eu. Var pievienot e\u013c\u013cas efekta uzlabo\u0161anai.<\/p>\n<p>Profesion\u0101l\u0101 kosm\u0113tika kosmetolo\u0123iskaj\u0101m proced\u016br\u0101m.<\/p>\n<\/div>\n","protected":false},"excerpt":{"rendered":"<p>Massage Cream Neutral.\u00a0 Bag\u0101t\u012bgs un samtains kr\u0113ms, pateicoties mas\u0101\u017eas pa\u0146\u0113mieniem, nodro\u0161ina toks\u012bnu izvad\u012b\u0161anai. K\u0101 lietot: Uzkl\u0101jiet uz t\u012bras \u0101das un veiciet sejas mas\u0101\u017eu. Var pievienot e\u013c\u013cas efekta uzlabo\u0161anai. Profesion\u0101l\u0101 kosm\u0113tika kosmetolo\u0123iskaj\u0101m proced\u016br\u0101m.<\/p>\n","protected":false},"featured_media":743,"template":"","meta":[],"product_brand":[],"product_cat":[73,63],"product_tag":[],"class_list":{"0":"post-775","1":"product","2":"type-product","3":"status-publish","4":"has-post-thumbnail","6":"product_cat-masaza","7":"product_cat-kosmetologija","9":"first","10":"instock","11":"shipping-taxable","12":"purchasable","13":"product-type-simple"},"_links":{"self":[{"href":"https:\/\/www.happysunday.eu\/index.php?rest_route=\/wp\/v2\/product\/775","targetHints":{"allow":["GET"]}}],"collection":[{"href":"https:\/\/www.happysunday.eu\/index.php?rest_route=\/wp\/v2\/product"}],"about":[{"href":"https:\/\/www.happysunday.eu\/index.php?rest_route=\/wp\/v2\/types\/product"}],"wp:featuredmedia":[{"embeddable":true,"href":"https:\/\/www.happysunday.eu\/index.php?rest_route=\/wp\/v2\/media\/743"}],"wp:attachment":[{"href":"https:\/\/www.happysunday.eu\/index.php?rest_route=%2Fwp%2Fv2%2Fmedia&parent=775"}],"wp:term":[{"taxonomy":"product_brand","embeddable":true,"href":"https:\/\/www.happysunday.eu\/index.php?rest_route=%2Fwp%2Fv2%2Fproduct_brand&post=775"},{"taxonomy":"product_cat","embeddable":true,"href":"https:\/\/www.happysunday.eu\/index.php?rest_route=%2Fwp%2Fv2%2Fproduct_cat&post=775"},{"taxonomy":"product_tag","embeddable":true,"href":"https:\/\/www.happysunday.eu\/index.php?rest_route=%2Fwp%2Fv2%2Fproduct_tag&post=775"}],"curies":[{"name":"wp","href":"https:\/\/api.w.org\/{rel}","templated":true}]}}