{"id":776,"date":"2021-01-21T17:26:47","date_gmt":"2021-01-21T17:26:47","guid":{"rendered":"https:\/\/www.happysunday.eu\/?post_type=product&#038;p=776"},"modified":"2026-04-07T06:54:43","modified_gmt":"2026-04-07T06:54:43","slug":"exfoliating-scrub-gentle-500ml","status":"publish","type":"product","link":"https:\/\/www.happysunday.eu\/?product=exfoliating-scrub-gentle-500ml","title":{"rendered":"M\u012aKSTS GELSKRUBIS SEJAI AR DAB\u012aG\u0100M MIKROGRANUL\u0100M 500ml"},"content":{"rendered":"<div id=\"product-title\">\n<h5>DR KRAUT <strong>SOFT GELSCRUB WITH NATURAL MICROGRANULES<\/strong><\/h5>\n<p>Skrubis g\u0113ls ar dab\u012bg\u0101m mikrogranul\u0101m, kas veicina vieglu virspus\u0113ju p\u012blingu. \u0100da izskat\u012bsies gluda un gai\u0161a.<br \/>\n95,74% dab\u012bgs<\/p>\n<p>Soft Gelscrub ir meh\u0101nisks p\u012blings, kas nodro\u0161ina efekt\u012bvu p\u012blinga darb\u012bbu, bet taj\u0101 pa\u0161\u0101 laik\u0101 maigu, pateicoties dab\u012bgaj\u0101m mikrogranul\u0101m, kas izl\u012bdzina \u0101du uz virsmas, veicinot dabisko \u0161\u016bnu apriti. Produkta lieto\u0161ana \u013cauj maigi nolob\u012bt epidermu, izsmalcin\u0101t \u0101das tekst\u016bru un izl\u012bdzin\u0101t un padar\u012bt gai\u0161\u0101ku sejas kr\u0101su.<\/p>\n<p>Soft Gelscrub ir piem\u0113rots visiem \u0101das tipiem un to var lietot jebkur\u0101 vecum\u0101. Pateicoties p\u012blinga un m\u012bkstino\u0161u elementu mais\u012bjumam, to panes pat visjut\u012bg\u0101k\u0101 \u0101da.<\/p>\n<p>K\u0101 lietot:<\/p>\n<p>1. Lietojiet produktu p\u0113c r\u016bp\u012bgas \u0101das att\u012br\u012b\u0161anas.<br \/>\n2. Pirms uzkl\u0101\u0161anas samaisiet ar l\u0101psti\u0146u, l\u012bdz ieg\u016bts viendab\u012bgs mais\u012bjums.<br \/>\n3. Lai ieg\u016btu maig\u0101ku p\u012blingu, uzkl\u0101jiet produktu uz mitras \u0101das.<br \/>\n4. Lai ieg\u016btu intens\u012bv\u0101ku p\u012blingu, uzkl\u0101jiet produktu uz sausas \u0101das.<br \/>\n5. Uzkl\u0101jiet uz \u0101das virsmas, izvairoties no acu kont\u016bras, un maigi iemas\u0113jiet ar ap\u013cveida kust\u012bb\u0101m.<br \/>\n6. Atst\u0101jiet da\u017eas min\u016btes un r\u016bp\u012bgi noskalojiet ar siltu \u016bdeni.<\/p>\n<p>DAB\u012aG\u0100S MIKROGRANULAS: augu mikrogranulas, kas ieg\u016btas no celulozes, kas ieg\u016bta no kokiem. To dabisk\u0101 izl\u012bdzino\u0161\u0101 darb\u012bba maigi noloba \u0101du.<br \/>\nBLUE PEELOBA: dabiskas sf\u0113ras, kas ieg\u016btas no jojobas auga. Tie izraisa vieglu, nekairino\u0161u meh\u0101nisku p\u012blingu uz \u0101das virsmas sl\u0101\u0146a un p\u0113c tam maigi iz\u0161\u0137\u012bst un atbr\u012bvo funkcion\u0101l\u0101s m\u012bkstino\u0161as sast\u0101vda\u013cas, kas rakstur\u012bgas jojobai.<br \/>\nPANTENOLS: paz\u012bstams ar\u012b k\u0101 B5 vitam\u012bns, kam rakstur\u012bgas re\u0123ener\u0113jo\u0161as un nomierino\u0161as \u012bpa\u0161\u012bbas, saglab\u0101jot \u0101du elast\u012bgu un aizsarg\u0101tu.<br \/>\nHAMAMELIS \u016aDENS: nomierino\u0161s ziedu ekstrakts, kas piem\u0113rots pat visjut\u012bg\u0101kajai \u0101dai, \u0146emot v\u0113r\u0101 t\u0101 izcil\u0101s nomierino\u0161\u0101s \u012bpa\u0161\u012bbas.<br \/>\nCOLLAGENE MARINO: grazie alla notevole affinit\u00e0 con la struttura del collagene umano, il collagene marino si lega agli strati di cheratina cutanei, trattenendo le molecole di acqua e donando alla superficie cutanea un aspetto pi\u00f9 levigato e turgi.<br \/>\nALOE VERA: paz\u012bstama ar sav\u0101m nomierino\u0161aj\u0101m, m\u012bkstino\u0161aj\u0101m un mitrino\u0161aj\u0101m \u012bpa\u0161\u012bb\u0101m. M\u012bkstina un atsvaidzina \u0101du. AUGU GLICER\u012aNS: ieg\u016bts no augu e\u013c\u013c\u0101m un taukiem, piem\u012bt m\u012bkstino\u0161as \u012bpa\u0161\u012bbas.<\/p>\n<\/div>\n","protected":false},"excerpt":{"rendered":"<p>DR KRAUT SOFT GELSCRUB WITH NATURAL MICROGRANULES Skrubis g\u0113ls ar dab\u012bg\u0101m mikrogranul\u0101m, kas veicina vieglu virspus\u0113ju p\u012blingu. \u0100da izskat\u012bsies gluda un gai\u0161a. 95,74% dab\u012bgs Soft Gelscrub ir meh\u0101nisks p\u012blings, kas nodro\u0161ina efekt\u012bvu p\u012blinga darb\u012bbu, bet taj\u0101 pa\u0161\u0101 laik\u0101 maigu, pateicoties dab\u012bgaj\u0101m mikrogranul\u0101m, kas izl\u012bdzina \u0101du uz virsmas, veicinot dabisko \u0161\u016bnu apriti. Produkta lieto\u0161ana \u013cauj maigi nolob\u012bt epidermu, izsmalcin\u0101t \u0101das tekst\u016bru un izl\u012bdzin\u0101t un padar\u012bt gai\u0161\u0101ku sejas kr\u0101su. Soft Gelscrub ir piem\u0113rots visiem \u0101das tipiem un to var lietot jebkur\u0101 vecum\u0101. Pateicoties p\u012blinga un m\u012bkstino\u0161u elementu mais\u012bjumam, to panes pat visjut\u012bg\u0101k\u0101&hellip;<\/p>\n","protected":false},"featured_media":4089,"template":"","meta":[],"product_brand":[],"product_cat":[63],"product_tag":[],"class_list":{"0":"post-776","1":"product","2":"type-product","3":"status-publish","4":"has-post-thumbnail","6":"product_cat-kosmetologija","8":"first","9":"instock","10":"shipping-taxable","11":"purchasable","12":"product-type-simple"},"_links":{"self":[{"href":"https:\/\/www.happysunday.eu\/index.php?rest_route=\/wp\/v2\/product\/776","targetHints":{"allow":["GET"]}}],"collection":[{"href":"https:\/\/www.happysunday.eu\/index.php?rest_route=\/wp\/v2\/product"}],"about":[{"href":"https:\/\/www.happysunday.eu\/index.php?rest_route=\/wp\/v2\/types\/product"}],"wp:featuredmedia":[{"embeddable":true,"href":"https:\/\/www.happysunday.eu\/index.php?rest_route=\/wp\/v2\/media\/4089"}],"wp:attachment":[{"href":"https:\/\/www.happysunday.eu\/index.php?rest_route=%2Fwp%2Fv2%2Fmedia&parent=776"}],"wp:term":[{"taxonomy":"product_brand","embeddable":true,"href":"https:\/\/www.happysunday.eu\/index.php?rest_route=%2Fwp%2Fv2%2Fproduct_brand&post=776"},{"taxonomy":"product_cat","embeddable":true,"href":"https:\/\/www.happysunday.eu\/index.php?rest_route=%2Fwp%2Fv2%2Fproduct_cat&post=776"},{"taxonomy":"product_tag","embeddable":true,"href":"https:\/\/www.happysunday.eu\/index.php?rest_route=%2Fwp%2Fv2%2Fproduct_tag&post=776"}],"curies":[{"name":"wp","href":"https:\/\/api.w.org\/{rel}","templated":true}]}}