{"id":777,"date":"2021-01-21T17:36:50","date_gmt":"2021-01-21T17:36:50","guid":{"rendered":"https:\/\/www.happysunday.eu\/?post_type=product&#038;p=777"},"modified":"2026-04-07T06:54:43","modified_gmt":"2026-04-07T06:54:43","slug":"purifying-cream-500ml","status":"publish","type":"product","link":"https:\/\/www.happysunday.eu\/?product=purifying-cream-500ml","title":{"rendered":"SEJAS KR\u0112MS TAUKAINAI UN KOMBIN\u0112TAI 500ml"},"content":{"rendered":"<p>Purifying Cream with Tea Tree Oil and Aloe Vera<br \/>\nKr\u0113ms ir paredz\u0113ts kombin\u0113tai un taukainai \u0101dai. Pa\u0161regul\u0113jo\u0161s komplekss: me\u013ca un sambuca kombin\u0101cij\u0101 ar alvejas \u017eeleju un salvijas ekstraktu l\u012bdzsvaro, att\u012bra un dzied\u0113 \u0101du. Aloe Vera \u017eeleja ir pies\u0101tin\u0101ta ar biolo\u0123iski akt\u012bv\u0101m viel\u0101m, ieskaitot polisahar\u012bdus, aminosk\u0101bes, vitam\u012bnus A, C, B, kam piem\u012bt mitrino\u0161as un antioksidanta \u012bpa\u0161\u012bbas. Kr\u0113mam ir svaigs arom\u0101ts, tas viegli uzs\u016bcas un no\u0146em \u0101das taukaino sp\u012bdumu. Profesion\u0101li to var izmantot k\u0101 kr\u0113mu un k\u0101 masku.<\/p>\n<p>Lieto\u0161ana: uzkl\u0101t uz att\u012br\u012btas \u0101das ar kust\u012bbu kust\u012bb\u0101m, l\u012bdz t\u0101 piln\u012bb\u0101 uzs\u016bcas.<\/p>\n<p>Akt\u012bv\u0101s sast\u0101vda\u013cas: Aloe Vera \u017eeleja, salvijas hidroglikola ekstrakts, sambuca hidroglikola ekstrakts, malvas hidroglikola ekstrakts.<\/p>\n","protected":false},"excerpt":{"rendered":"<p>Purifying Cream with Tea Tree Oil and Aloe Vera Kr\u0113ms ir paredz\u0113ts kombin\u0113tai un taukainai \u0101dai. Pa\u0161regul\u0113jo\u0161s komplekss: me\u013ca un sambuca kombin\u0101cij\u0101 ar alvejas \u017eeleju un salvijas ekstraktu l\u012bdzsvaro, att\u012bra un dzied\u0113 \u0101du. Aloe Vera \u017eeleja ir pies\u0101tin\u0101ta ar biolo\u0123iski akt\u012bv\u0101m viel\u0101m, ieskaitot polisahar\u012bdus, aminosk\u0101bes, vitam\u012bnus A, C, B, kam piem\u012bt mitrino\u0161as un antioksidanta \u012bpa\u0161\u012bbas. Kr\u0113mam ir svaigs arom\u0101ts, tas viegli uzs\u016bcas un no\u0146em \u0101das taukaino sp\u012bdumu. Profesion\u0101li to var izmantot k\u0101 kr\u0113mu un k\u0101 masku. Lieto\u0161ana: uzkl\u0101t uz att\u012br\u012btas \u0101das ar kust\u012bbu kust\u012bb\u0101m, l\u012bdz t\u0101 piln\u012bb\u0101 uzs\u016bcas. Akt\u012bv\u0101s sast\u0101vda\u013cas:&hellip;<\/p>\n","protected":false},"featured_media":753,"template":"","meta":[],"product_brand":[],"product_cat":[63],"product_tag":[],"class_list":{"0":"post-777","1":"product","2":"type-product","3":"status-publish","4":"has-post-thumbnail","6":"product_cat-kosmetologija","8":"first","9":"instock","10":"shipping-taxable","11":"purchasable","12":"product-type-simple"},"_links":{"self":[{"href":"https:\/\/www.happysunday.eu\/index.php?rest_route=\/wp\/v2\/product\/777","targetHints":{"allow":["GET"]}}],"collection":[{"href":"https:\/\/www.happysunday.eu\/index.php?rest_route=\/wp\/v2\/product"}],"about":[{"href":"https:\/\/www.happysunday.eu\/index.php?rest_route=\/wp\/v2\/types\/product"}],"wp:featuredmedia":[{"embeddable":true,"href":"https:\/\/www.happysunday.eu\/index.php?rest_route=\/wp\/v2\/media\/753"}],"wp:attachment":[{"href":"https:\/\/www.happysunday.eu\/index.php?rest_route=%2Fwp%2Fv2%2Fmedia&parent=777"}],"wp:term":[{"taxonomy":"product_brand","embeddable":true,"href":"https:\/\/www.happysunday.eu\/index.php?rest_route=%2Fwp%2Fv2%2Fproduct_brand&post=777"},{"taxonomy":"product_cat","embeddable":true,"href":"https:\/\/www.happysunday.eu\/index.php?rest_route=%2Fwp%2Fv2%2Fproduct_cat&post=777"},{"taxonomy":"product_tag","embeddable":true,"href":"https:\/\/www.happysunday.eu\/index.php?rest_route=%2Fwp%2Fv2%2Fproduct_tag&post=777"}],"curies":[{"name":"wp","href":"https:\/\/api.w.org\/{rel}","templated":true}]}}