{"id":778,"date":"2021-01-21T17:39:41","date_gmt":"2021-01-21T17:39:41","guid":{"rendered":"https:\/\/www.happysunday.eu\/?post_type=product&#038;p=778"},"modified":"2026-04-07T06:54:43","modified_gmt":"2026-04-07T06:54:43","slug":"softening-gel-with-calendula-500ml","status":"publish","type":"product","link":"https:\/\/www.happysunday.eu\/?product=softening-gel-with-calendula-500ml","title":{"rendered":"PROF \u0100DU M\u012aKSTINO\u0160S GELS  500ml"},"content":{"rendered":"<div id=\"product-title\">\n<p><strong>Softening Gel with Calendula. <\/strong>M\u012bkstino\u0161s g\u0113ls ar kli\u0146\u0123er\u012bti, \u012apa\u0161a formula, kurai rakstur\u012bgs maigs p\u012blings, kas pal\u012bdz atv\u0113rt \u0101das poras. Ide\u0101li \u0101das t\u012br\u012b\u0161anai manu\u0101li vai ar est\u0113tisku apr\u012bkojumu (piem\u0113ram, ar ultraska\u0146u). \u0100da k\u013c\u016bst uz\u0146\u0113m\u012bg\u0101ka, un \u0161\u0101das proced\u016bras ir efekt\u012bv\u0101kas.36.90<\/p>\n<p>Lieto\u0161ana: uzkl\u0101t uz t\u012bras \u0101das un mas\u0113t. Lai veiktu sejas saunu, iesai\u0146ojiet seju ar pl\u0113vi un \u013caujiet tai iedarboties 2-3 min\u016btes uz sausas \u0101das vai 5-6 min\u016btes uz taukainas \/ jauktas \u0101das. Lai ieg\u016btu intens\u012bv\u0101ku p\u012blinga efektu, turpiniet ar suku. Noskalo ar \u016bdeni. Izvairieties no acu zonas.<\/p>\n<p>Profesion\u0101l\u0101 kosm\u0113tika kosmetolo\u0123iskaj\u0101m proced\u016br\u0101m.<\/p>\n<\/div>\n","protected":false},"excerpt":{"rendered":"<p>Softening Gel with Calendula. M\u012bkstino\u0161s g\u0113ls ar kli\u0146\u0123er\u012bti, \u012apa\u0161a formula, kurai rakstur\u012bgs maigs p\u012blings, kas pal\u012bdz atv\u0113rt \u0101das poras. Ide\u0101li \u0101das t\u012br\u012b\u0161anai manu\u0101li vai ar est\u0113tisku apr\u012bkojumu (piem\u0113ram, ar ultraska\u0146u). \u0100da k\u013c\u016bst uz\u0146\u0113m\u012bg\u0101ka, un \u0161\u0101das proced\u016bras ir efekt\u012bv\u0101kas.36.90 Lieto\u0161ana: uzkl\u0101t uz t\u012bras \u0101das un mas\u0113t. Lai veiktu sejas saunu, iesai\u0146ojiet seju ar pl\u0113vi un \u013caujiet tai iedarboties 2-3 min\u016btes uz sausas \u0101das vai 5-6 min\u016btes uz taukainas \/ jauktas \u0101das. Lai ieg\u016btu intens\u012bv\u0101ku p\u012blinga efektu, turpiniet ar suku. Noskalo ar \u016bdeni. Izvairieties no acu zonas. Profesion\u0101l\u0101 kosm\u0113tika kosmetolo\u0123iskaj\u0101m proced\u016br\u0101m.<\/p>\n","protected":false},"featured_media":759,"template":"","meta":[],"product_brand":[],"product_cat":[63],"product_tag":[],"class_list":{"0":"post-778","1":"product","2":"type-product","3":"status-publish","4":"has-post-thumbnail","6":"product_cat-kosmetologija","8":"first","9":"instock","10":"shipping-taxable","11":"purchasable","12":"product-type-simple"},"_links":{"self":[{"href":"https:\/\/www.happysunday.eu\/index.php?rest_route=\/wp\/v2\/product\/778","targetHints":{"allow":["GET"]}}],"collection":[{"href":"https:\/\/www.happysunday.eu\/index.php?rest_route=\/wp\/v2\/product"}],"about":[{"href":"https:\/\/www.happysunday.eu\/index.php?rest_route=\/wp\/v2\/types\/product"}],"wp:featuredmedia":[{"embeddable":true,"href":"https:\/\/www.happysunday.eu\/index.php?rest_route=\/wp\/v2\/media\/759"}],"wp:attachment":[{"href":"https:\/\/www.happysunday.eu\/index.php?rest_route=%2Fwp%2Fv2%2Fmedia&parent=778"}],"wp:term":[{"taxonomy":"product_brand","embeddable":true,"href":"https:\/\/www.happysunday.eu\/index.php?rest_route=%2Fwp%2Fv2%2Fproduct_brand&post=778"},{"taxonomy":"product_cat","embeddable":true,"href":"https:\/\/www.happysunday.eu\/index.php?rest_route=%2Fwp%2Fv2%2Fproduct_cat&post=778"},{"taxonomy":"product_tag","embeddable":true,"href":"https:\/\/www.happysunday.eu\/index.php?rest_route=%2Fwp%2Fv2%2Fproduct_tag&post=778"}],"curies":[{"name":"wp","href":"https:\/\/api.w.org\/{rel}","templated":true}]}}