{"id":779,"date":"2021-01-21T17:44:50","date_gmt":"2021-01-21T17:44:50","guid":{"rendered":"https:\/\/www.happysunday.eu\/?post_type=product&#038;p=779"},"modified":"2026-04-07T06:54:43","modified_gmt":"2026-04-07T06:54:43","slug":"purifying-gel-mask-500ml","status":"publish","type":"product","link":"https:\/\/www.happysunday.eu\/?product=purifying-gel-mask-500ml","title":{"rendered":"ATT\u012aR\u014c\u0160A GELA MASKA AR T\u0112JAS KOKU E\u013b\u013bU UN LAVANDU 500ml"},"content":{"rendered":"<p><strong>DR KRAUT PURIFYING GEL MASK WITH TEA TREE OIL AND LAVENDER 500ML<\/strong><\/p>\n<p>T\u0113jas koka e\u013c\u013ca un lavanda att\u012bra poras un pal\u012bdz uztur\u0113t pareizu fiziolo\u0123isko sebuma l\u012bmeni, \u0101rst\u0113jot taukainai un kombin\u0113tai \u0101dai rakstur\u012bgos plankumus. \u0100da b\u016bs gluda ar vienm\u0113r\u012bgu sejas kr\u0101su.<br \/>\n92,48% dab\u012bgs<\/p>\n<p>Maska \u017eelejas sast\u0101v\u0101, lai sniegtu jauktai un taukainai \u0101dai svaigumu un labsaj\u016btu. Maskas lieto\u0161ana pal\u012bdz saglab\u0101t sebuma fiziolo\u0123isko l\u012bmeni, vienlaikus saglab\u0101jot \u0101du samtainu, att\u012br\u012btu un bl\u0101vu. T\u0101s formula, kas bag\u0101tin\u0101ta ar sarkanaj\u0101m a\u013c\u0123\u0113m, ko raksturo m\u012bkstino\u0161a iedarb\u012bba, padara \u0101du maigu un pat\u012bkamu pieskarties.<\/p>\n<p>Att\u012bro\u0161\u0101 g\u0113la maska \u200b\u200btika rad\u012bta \u012bpa\u0161i jauktai un taukainai \u0101dai, kurai rakstur\u012bga p\u0101rm\u0113r\u012bga sebuma ra\u017eo\u0161ana un \u0101das nepiln\u012bbas, piem\u0113ram, p\u016bt\u012btes un melni punkti\u0146i.<\/p>\n<p>Lieto\u0161ana:<\/p>\n<p>1. Izmantojiet Purifying Gel Mask p\u0113c r\u016bp\u012bgas \u0101das att\u012br\u012b\u0161anas.<br \/>\n2. Uzkl\u0101jiet produkta sl\u0101ni uz sejas, piev\u0113r\u0161ot uzman\u012bbu acu zonai.<br \/>\n3. Atst\u0101jiet iedarboties apm\u0113ram 10 min\u016btes.<br \/>\n4. Noskalojiet ar siltu \u016bdeni.<\/p>\n<p>T\u0112JAS KOKA E\u013b\u013bA: \u0113terisk\u0101 e\u013c\u013ca ar re\u0123ener\u0113jo\u0161\u0101m un atsvaidzino\u0161\u0101m \u012bpa\u0161\u012bb\u0101m, kas ieg\u016bta, destil\u0113jot Melaleuca lapas ar tvaiku. Piem\u0113rots net\u012brai un aknes \u0101dai, att\u012bra \u0101du, saglab\u0101jot dabisk\u0101s \u0101das funkcijas un dabisko lip\u012bdu l\u012bdzsvaru.<br \/>\nLAVANDAS \u0112TERISK\u0100 E\u013b\u013bA: ekstrakts no lavandas ziediem, piem\u012bt savelko\u0161as, att\u012bro\u0161as, nomierino\u0161as un atsvaidzino\u0161as \u012bpa\u0161\u012bbas, kas piem\u0113rotas net\u012brai un maigai \u0101dai.<br \/>\nSARKAN\u0100S AL\u0122\u0112S: Klus\u0101 oke\u0101na a\u013c\u0123es, kur\u0101m ir rakstur\u012bga m\u012bkstino\u0161a iedarb\u012bba, saglab\u0101 \u0101du stingru un elast\u012bgu un nov\u0113r\u0161 \u0101das sausumu. Sarkan\u0101s a\u013c\u0123es ir paz\u012bstamas ar\u012b ar sav\u0101m antioksidanta \u012bpa\u0161\u012bb\u0101m. (A\u013c\u0123es dabiski satur zemu joda procentu).<br \/>\nAUGU GLICER\u012aNS: ieg\u016bts no augu e\u013c\u013c\u0101m un taukiem, piem\u012bt m\u012bkstino\u0161as \u012bpa\u0161\u012bbas.<\/p>\n","protected":false},"excerpt":{"rendered":"<p>DR KRAUT PURIFYING GEL MASK WITH TEA TREE OIL AND LAVENDER 500ML T\u0113jas koka e\u013c\u013ca un lavanda att\u012bra poras un pal\u012bdz uztur\u0113t pareizu fiziolo\u0123isko sebuma l\u012bmeni, \u0101rst\u0113jot taukainai un kombin\u0113tai \u0101dai rakstur\u012bgos plankumus. \u0100da b\u016bs gluda ar vienm\u0113r\u012bgu sejas kr\u0101su. 92,48% dab\u012bgs Maska \u017eelejas sast\u0101v\u0101, lai sniegtu jauktai un taukainai \u0101dai svaigumu un labsaj\u016btu. Maskas lieto\u0161ana pal\u012bdz saglab\u0101t sebuma fiziolo\u0123isko l\u012bmeni, vienlaikus saglab\u0101jot \u0101du samtainu, att\u012br\u012btu un bl\u0101vu. T\u0101s formula, kas bag\u0101tin\u0101ta ar sarkanaj\u0101m a\u013c\u0123\u0113m, ko raksturo m\u012bkstino\u0161a iedarb\u012bba, padara \u0101du maigu un pat\u012bkamu pieskarties. Att\u012bro\u0161\u0101 g\u0113la maska \u200b\u200btika rad\u012bta&hellip;<\/p>\n","protected":false},"featured_media":758,"template":"","meta":[],"product_brand":[],"product_cat":[63],"product_tag":[],"class_list":{"0":"post-779","1":"product","2":"type-product","3":"status-publish","4":"has-post-thumbnail","6":"product_cat-kosmetologija","8":"first","9":"instock","10":"shipping-taxable","11":"purchasable","12":"product-type-simple"},"_links":{"self":[{"href":"https:\/\/www.happysunday.eu\/index.php?rest_route=\/wp\/v2\/product\/779","targetHints":{"allow":["GET"]}}],"collection":[{"href":"https:\/\/www.happysunday.eu\/index.php?rest_route=\/wp\/v2\/product"}],"about":[{"href":"https:\/\/www.happysunday.eu\/index.php?rest_route=\/wp\/v2\/types\/product"}],"wp:featuredmedia":[{"embeddable":true,"href":"https:\/\/www.happysunday.eu\/index.php?rest_route=\/wp\/v2\/media\/758"}],"wp:attachment":[{"href":"https:\/\/www.happysunday.eu\/index.php?rest_route=%2Fwp%2Fv2%2Fmedia&parent=779"}],"wp:term":[{"taxonomy":"product_brand","embeddable":true,"href":"https:\/\/www.happysunday.eu\/index.php?rest_route=%2Fwp%2Fv2%2Fproduct_brand&post=779"},{"taxonomy":"product_cat","embeddable":true,"href":"https:\/\/www.happysunday.eu\/index.php?rest_route=%2Fwp%2Fv2%2Fproduct_cat&post=779"},{"taxonomy":"product_tag","embeddable":true,"href":"https:\/\/www.happysunday.eu\/index.php?rest_route=%2Fwp%2Fv2%2Fproduct_tag&post=779"}],"curies":[{"name":"wp","href":"https:\/\/api.w.org\/{rel}","templated":true}]}}