{"id":7941,"date":"2026-05-04T07:34:26","date_gmt":"2026-05-04T07:34:26","guid":{"rendered":"https:\/\/www.happysunday.eu\/?post_type=product&#038;p=7941"},"modified":"2026-05-05T07:26:38","modified_gmt":"2026-05-05T07:26:38","slug":"first-class-luxury-accelerator-400ml","status":"publish","type":"product","link":"https:\/\/www.happysunday.eu\/?product=first-class-luxury-accelerator-400ml","title":{"rendered":"First Class Luxury Accelerator 400ml"},"content":{"rendered":"<div id=\"product-title\">\n<p class=\"p1\"><strong><span class=\"s1\">Tan Asz U First Class Luxury Advanced Tanning Accelerator Losjons, 400ml<\/span><\/strong><\/p>\n<p class=\"p1\"><span class=\"s2\">Piedz\u012bvo augst\u0101k\u0101s klases sau\u013co\u0161an\u0101s pieredzi ar <\/span><span class=\"s1\">Tan Asz U First Class Luxury Accelerator<\/span><span class=\"s2\"> \u2013 greznu un efekt\u012bvu losjonu, kas izstr\u0101d\u0101ts, lai pa\u0101trin\u0101tu un padzi\u013cin\u0101tu iedeguma rezult\u0101tus. T\u0101 inovat\u012bv\u0101 formula pal\u012bdz aktiviz\u0113t dabisko melan\u012bna ra\u017eo\u0161anu, vienlaikus intens\u012bvi mitrinot un m\u012bkstinot \u0101du.<\/span><\/p>\n<p class=\"p1\"><strong><span class=\"s1\">Galven\u0101s \u012bpa\u0161\u012bbas:<\/span><\/strong><\/p>\n<ul>\n<li>\n<p class=\"p1\"><span class=\"s1\">Pa\u0101trina dabisk\u0101 iedeguma veido\u0161anos bez pa\u0161ton\u0113jo\u0161iem l\u012bdzek\u013ciem<\/span><\/p>\n<\/li>\n<li>\n<p class=\"p1\"><span class=\"s1\">Bag\u0101tin\u0101ts ar luksusa \u0101das kop\u0161anas sast\u0101vda\u013c\u0101m<\/span><\/p>\n<\/li>\n<li>\n<p class=\"p1\"><span class=\"s1\">Sniedz gludu, starojo\u0161u un mitrin\u0101tu \u0101du<\/span><\/p>\n<\/li>\n<li>\n<p class=\"p1\"><span class=\"s1\">Pat\u012bkams, elegants arom\u0101ts<\/span><\/p>\n<\/li>\n<li>\n<p class=\"p1\"><span class=\"s1\">Ide\u0101li piem\u0113rots lieto\u0161anai sol\u0101rij\u0101<\/span><\/p>\n<\/li>\n<li><\/li>\n<\/ul>\n<p class=\"p1\"><span class=\"s1\">Lieto\u0161ana:<\/span><span class=\"s2\"> Uzkl\u0101jiet vienm\u0113r\u012bgi uz t\u012bras \u0101das pirms sau\u013co\u0161an\u0101s. Tikai \u0101r\u0113jai lieto\u0161anai.<\/span><\/p>\n<p style=\"font-weight: 400;\"><strong>Ra\u017eots ASV.\u00a0<\/strong><\/p>\n<\/div>\n","protected":false},"excerpt":{"rendered":"<p>Tan Asz U First Class Luxury Advanced Tanning Accelerator Losjons, 400ml Piedz\u012bvo augst\u0101k\u0101s klases sau\u013co\u0161an\u0101s pieredzi ar Tan Asz U First Class Luxury Accelerator \u2013 greznu un efekt\u012bvu losjonu, kas izstr\u0101d\u0101ts, lai pa\u0101trin\u0101tu un padzi\u013cin\u0101tu iedeguma rezult\u0101tus. T\u0101 inovat\u012bv\u0101 formula pal\u012bdz aktiviz\u0113t dabisko melan\u012bna ra\u017eo\u0161anu, vienlaikus intens\u012bvi mitrinot un m\u012bkstinot \u0101du. Galven\u0101s \u012bpa\u0161\u012bbas: Pa\u0101trina dabisk\u0101 iedeguma veido\u0161anos bez pa\u0161ton\u0113jo\u0161iem l\u012bdzek\u013ciem Bag\u0101tin\u0101ts ar luksusa \u0101das kop\u0161anas sast\u0101vda\u013c\u0101m Sniedz gludu, starojo\u0161u un mitrin\u0101tu \u0101du Pat\u012bkams, elegants arom\u0101ts Ide\u0101li piem\u0113rots lieto\u0161anai sol\u0101rij\u0101 Lieto\u0161ana: Uzkl\u0101jiet vienm\u0113r\u012bgi uz t\u012bras \u0101das pirms sau\u013co\u0161an\u0101s. Tikai \u0101r\u0113jai lieto\u0161anai.&hellip;<\/p>\n","protected":false},"featured_media":7942,"template":"","meta":[],"product_brand":[],"product_cat":[34],"product_tag":[],"class_list":{"0":"post-7941","1":"product","2":"type-product","3":"status-publish","4":"has-post-thumbnail","6":"product_cat-kosmetika","8":"first","9":"outofstock","10":"shipping-taxable","11":"purchasable","12":"product-type-simple"},"_links":{"self":[{"href":"https:\/\/www.happysunday.eu\/index.php?rest_route=\/wp\/v2\/product\/7941","targetHints":{"allow":["GET"]}}],"collection":[{"href":"https:\/\/www.happysunday.eu\/index.php?rest_route=\/wp\/v2\/product"}],"about":[{"href":"https:\/\/www.happysunday.eu\/index.php?rest_route=\/wp\/v2\/types\/product"}],"wp:featuredmedia":[{"embeddable":true,"href":"https:\/\/www.happysunday.eu\/index.php?rest_route=\/wp\/v2\/media\/7942"}],"wp:attachment":[{"href":"https:\/\/www.happysunday.eu\/index.php?rest_route=%2Fwp%2Fv2%2Fmedia&parent=7941"}],"wp:term":[{"taxonomy":"product_brand","embeddable":true,"href":"https:\/\/www.happysunday.eu\/index.php?rest_route=%2Fwp%2Fv2%2Fproduct_brand&post=7941"},{"taxonomy":"product_cat","embeddable":true,"href":"https:\/\/www.happysunday.eu\/index.php?rest_route=%2Fwp%2Fv2%2Fproduct_cat&post=7941"},{"taxonomy":"product_tag","embeddable":true,"href":"https:\/\/www.happysunday.eu\/index.php?rest_route=%2Fwp%2Fv2%2Fproduct_tag&post=7941"}],"curies":[{"name":"wp","href":"https:\/\/api.w.org\/{rel}","templated":true}]}}