{"id":7946,"date":"2026-05-04T07:34:26","date_gmt":"2026-05-04T07:34:26","guid":{"rendered":"https:\/\/www.happysunday.eu\/?post_type=product&#038;p=7946"},"modified":"2026-05-05T07:26:38","modified_gmt":"2026-05-05T07:26:38","slug":"aloha-pink-advanced-dark-clean-beauty-400ml","status":"publish","type":"product","link":"https:\/\/www.happysunday.eu\/?product=aloha-pink-advanced-dark-clean-beauty-400ml","title":{"rendered":"ALOHA PINK Advanced Dark Clean Beauty 400ml"},"content":{"rendered":"<div id=\"product-title\">\n<p class=\"p1\"><strong><span class=\"s1\">ALOHA PINK Advanced Dark Clean Beauty Tanning Lotion \u2013 Sau\u013co\u0161an\u0101s losjons, 400 ml<\/span><\/strong><\/p>\n<p class=\"p1\"><span class=\"s2\">SOL\u0100RIJA KR\u0112MS!<\/span><\/p>\n<p class=\"p1\"><span class=\"s2\">Izbaudi nevainojamu, intens\u012bvu iedegumu ar <\/span><span class=\"s1\">ALOHA PINK Advanced Dark Clean Beauty Tanning Lotion<\/span><span class=\"s2\">! \u0160is augstas kvalit\u0101tes sau\u013co\u0161an\u0101s losjons ir rad\u012bts, lai nodro\u0161in\u0101tu perfektu, tum\u0161u iedegumu, vienlaikus r\u016bp\u0113joties par \u0101das vesel\u012bbu un izskatu.<\/span><\/p>\n<p class=\"p1\"><strong><span class=\"s1\">Galven\u0101s \u012bpa\u0161\u012bbas:<\/span><\/strong><\/p>\n<ul>\n<li>\n<p class=\"p1\"><span class=\"s1\">Advanced Dark Complex<\/span><span class=\"s2\">: nodro\u0161ina intens\u012bvu, vienm\u0113r\u012bgu iedegumu bez oran\u017e\u0101m nokr\u0101s\u0101m.<\/span><\/p>\n<\/li>\n<li>\n<p class=\"p1\"><span class=\"s1\">Clean Beauty formula<\/span><span class=\"s2\">: Veg\u0101nisks, bez parab\u0113niem, sulf\u0101tiem, ftal\u0101tiem un glut\u0113na; nav test\u0113ts uz dz\u012bvniekiem.<\/span><\/p>\n<\/li>\n<li>\n<p class=\"p1\"><span class=\"s1\">Anti-Aging Peptides<\/span><span class=\"s2\">: pal\u0113nina noveco\u0161an\u0101s procesu, padarot \u0101du gludu un tvirt\u0101ku.<\/span><\/p>\n<\/li>\n<li>\n<p class=\"p1\"><span class=\"s1\">Tropisko aug\u013cu ekstrakti<\/span><span class=\"s2\">: mitrina un baro \u0101du, pie\u0161\u0137irot tai mirdzo\u0161u un vesel\u012bgu izskatu.<\/span><\/p>\n<\/li>\n<li>\n<p class=\"p1\"><span class=\"s1\">Arom\u0101ts<\/span><span class=\"s2\">: Maigs tropiskais aug\u013cu saldums, kas rada vasar\u012bgu noska\u0146u.<\/span><\/p>\n<\/li>\n<\/ul>\n<p>&nbsp;<\/p>\n<p class=\"p1\"><span class=\"s2\">\u0160is sau\u013co\u0161an\u0101s losjons ir ide\u0101ls tiem, kuri v\u0113las ieg\u016bt bag\u0101t\u012bgu, tum\u0161u iedegumu, vienlaikus r\u016bp\u0113joties par \u0101das kop\u0161anu. <\/span><span class=\"s1\">ALOHA PINK<\/span><span class=\"s2\"> ir j\u016bsu ce\u013c\u0161 uz ide\u0101lu un vesel\u012bgu iedegumu.<\/span><\/p>\n<\/div>\n","protected":false},"excerpt":{"rendered":"<p>ALOHA PINK Advanced Dark Clean Beauty Tanning Lotion \u2013 Sau\u013co\u0161an\u0101s losjons, 400 ml SOL\u0100RIJA KR\u0112MS! Izbaudi nevainojamu, intens\u012bvu iedegumu ar ALOHA PINK Advanced Dark Clean Beauty Tanning Lotion! \u0160is augstas kvalit\u0101tes sau\u013co\u0161an\u0101s losjons ir rad\u012bts, lai nodro\u0161in\u0101tu perfektu, tum\u0161u iedegumu, vienlaikus r\u016bp\u0113joties par \u0101das vesel\u012bbu un izskatu. Galven\u0101s \u012bpa\u0161\u012bbas: Advanced Dark Complex: nodro\u0161ina intens\u012bvu, vienm\u0113r\u012bgu iedegumu bez oran\u017e\u0101m nokr\u0101s\u0101m. Clean Beauty formula: Veg\u0101nisks, bez parab\u0113niem, sulf\u0101tiem, ftal\u0101tiem un glut\u0113na; nav test\u0113ts uz dz\u012bvniekiem. Anti-Aging Peptides: pal\u0113nina noveco\u0161an\u0101s procesu, padarot \u0101du gludu un tvirt\u0101ku. Tropisko aug\u013cu ekstrakti: mitrina un baro \u0101du,&hellip;<\/p>\n","protected":false},"featured_media":7947,"template":"","meta":[],"product_brand":[],"product_cat":[34],"product_tag":[],"class_list":{"0":"post-7946","1":"product","2":"type-product","3":"status-publish","4":"has-post-thumbnail","6":"product_cat-kosmetika","8":"first","9":"outofstock","10":"shipping-taxable","11":"purchasable","12":"product-type-simple"},"_links":{"self":[{"href":"https:\/\/www.happysunday.eu\/index.php?rest_route=\/wp\/v2\/product\/7946","targetHints":{"allow":["GET"]}}],"collection":[{"href":"https:\/\/www.happysunday.eu\/index.php?rest_route=\/wp\/v2\/product"}],"about":[{"href":"https:\/\/www.happysunday.eu\/index.php?rest_route=\/wp\/v2\/types\/product"}],"wp:featuredmedia":[{"embeddable":true,"href":"https:\/\/www.happysunday.eu\/index.php?rest_route=\/wp\/v2\/media\/7947"}],"wp:attachment":[{"href":"https:\/\/www.happysunday.eu\/index.php?rest_route=%2Fwp%2Fv2%2Fmedia&parent=7946"}],"wp:term":[{"taxonomy":"product_brand","embeddable":true,"href":"https:\/\/www.happysunday.eu\/index.php?rest_route=%2Fwp%2Fv2%2Fproduct_brand&post=7946"},{"taxonomy":"product_cat","embeddable":true,"href":"https:\/\/www.happysunday.eu\/index.php?rest_route=%2Fwp%2Fv2%2Fproduct_cat&post=7946"},{"taxonomy":"product_tag","embeddable":true,"href":"https:\/\/www.happysunday.eu\/index.php?rest_route=%2Fwp%2Fv2%2Fproduct_tag&post=7946"}],"curies":[{"name":"wp","href":"https:\/\/api.w.org\/{rel}","templated":true}]}}