{"id":795,"date":"2021-01-21T18:14:13","date_gmt":"2021-01-21T18:14:13","guid":{"rendered":"https:\/\/www.happysunday.eu\/?post_type=product&#038;p=795"},"modified":"2026-04-07T06:54:43","modified_gmt":"2026-04-07T06:54:43","slug":"mandelic-acid-peeling-10-30ml","status":"publish","type":"product","link":"https:\/\/www.happysunday.eu\/?product=mandelic-acid-peeling-10-30ml","title":{"rendered":"MANDE\u013bSK\u0100BES MAIGS P\u012aLINGS 10% 30ml"},"content":{"rendered":"<div id=\"product-title\">\n<p><strong>DR KRAUT\u00a0<span lang=\"en-us\" xml:lang=\"en-us\">MANDELIC ACID PEELING 10%<\/span><br \/>\n<\/strong><\/p>\n<p>Mande\u013csk\u0101bes p\u012blings ir piem\u0113rots jebkuram \u0101das tipam, pat \u013coti sausai un jut\u012bgai \u0101dai. P\u012blings ir lielisks l\u012bdzeklis c\u012b\u0146\u0101 pret nevienm\u0113r\u012bgu \u0101das toni, pazemin\u0101tu \u0101das tonusu, k\u0101 ar\u012b pret akni un komedoniem, jo tam piem\u012bt aseptiska iedarb\u012bba un tas vienlaic\u012bgi lieliski irdina aug\u0161\u0113jo saciet\u0113ju\u0161o \u0101das k\u0101rtu, atverot un att\u012brot poras.<\/p>\n<p>\u0136\u012bmisk\u0101 p\u012blinga proced\u016bra, kas atbr\u012bvo \u0101du no virspus\u0113j\u0101m atmiru\u0161aj\u0101m \u0161\u016bn\u0101m. Sast\u0101vs ir bag\u0101tin\u0101ts ar alveju, kumel\u012b\u0161u ekstraktu un augu izcelsmes hialuronsk\u0101bes alternat\u012bvu, lai nodro\u0161in\u0101tu nomierino\u0161u, m\u012bkstino\u0161u un mitrino\u0161u iedarb\u012bbu.<br \/>\nMande\u013csk\u0101be 10% &#8211; VEGAN FORMULA &#8211; 86,09% Dab\u012bga<\/p>\n<p>Mande\u013csk\u0101be &#8211; unik\u0101ls p\u0113c \u012bpa\u0161\u012bb\u0101m un pielietojam\u012bbas. P\u012blings ir piem\u0113rots jaunai \u0101dai ar p\u016bt\u012bt\u0113m, k\u0101 ar\u012b ar vecumu saist\u012btu izmai\u0146u nov\u0113r\u0161anai. M\u012bksts un dro\u0161s hiperpigment\u0101cijas terapijai. Produkts ir paredz\u0113tas, lai maigi no\u0146emtu atmiru\u0161\u0101s \u0161\u016bnas, s\u0101ktu epidermas \u0161\u016bnu atjauno\u0161an\u0101s reakciju, pa\u0161regul\u0113jo\u0161u efektu. Piem\u0113rots visiem \u0101das tipiem. Dro\u0161i lietojams visu gadu.<\/p>\n<p>Mande\u013csk\u0101bi var lietot visiem \u0101das tipiem, kam rakstur\u012bga bl\u0101va sejas kr\u0101sa, \u0101das nepiln\u012bbas un neregul\u0101ra tekst\u016bra. T\u0101 ir vispiem\u0113rot\u0101k\u0101 p\u012blinga sk\u0101be jut\u012bgai un rea\u0123\u0113jo\u0161ai \u0101dai, un, pateicoties t\u0101s nefotosensibiliz\u0113jo\u0161ajai iedarb\u012bbai, to var izmantot ar\u012b vasar\u0101 maig\u0101m, bet efekt\u012bv\u0101m p\u012bling\u0101m.<\/p>\n<p>Lieto\u0161ana:<\/p>\n<p>1. Uzkl\u0101jiet planu sl\u0101ni uz \u00a0att\u012br\u012btas un sagas \u0101das virsmas, iz\u0146emot t\u0101d\u0101s delik\u0101taj\u0101s vietas k\u0101 acu kont\u016bra un l\u016bpu kont\u016bra.<br \/>\n2. Atst\u0101jiet iedarboties apm\u0113ram 8-10 min\u016btes un r\u016bp\u012bgi noskalojiet ar siltu \u016bdeni.<br \/>\n3. Uzkl\u0101jiet sejas kr\u0113mu ar mitrino\u0161u vai nomierino\u0161u darb\u012bbu.<br \/>\n4. Uzglab\u0101t b\u0113rniem nepieejam\u0101 viet\u0101.<br \/>\n5. Tikai \u0101r\u0113jai lieto\u0161anai.<br \/>\n6. Izvairieties no saskares ar ac\u012bm.<br \/>\n7. Nelietot uz probl\u0113m\u0101tisk\u0101s \u0101das.<\/p>\n<p>Akt\u012bv\u0101s sast\u0101vda\u013cas:<\/p>\n<p>MANDE\u013bSK\u0100BE 10%: ieg\u016bta no r\u016bgtaj\u0101m mandel\u0113m, t\u0101 ir sk\u0101be, kas respekt\u0113 visus \u0101das tipus, jo tai ir rakstur\u012bgi liel\u0101ki molekul\u0101rie izm\u0113ri nek\u0101 glikolsk\u0101bei. Tas ir paredz\u0113ts visbie\u017e\u0101k sastopamo \u0101das nepiln\u012bbu, piem\u0113ram, hiperpigment\u0101cijas, pinnes un grumbu, \u0101rst\u0113\u0161anai.<br \/>\nALOE VERA: paz\u012bstama ar sav\u0101m nomierino\u0161aj\u0101m, m\u012bkstino\u0161aj\u0101m un mitrino\u0161aj\u0101m \u012bpa\u0161\u012bb\u0101m. M\u012bkstina un atsvaidzina \u0101du.<br \/>\nKumel\u012b\u0161u ekstrakts: ieg\u016bts no kumel\u012btes, auga, kas paz\u012bstama ar sav\u0101m nomierino\u0161aj\u0101m \u012bpa\u0161\u012bb\u0101m, tiek izmantota t\u0101 dabisk\u0101s nomierino\u0161\u0101s sp\u0113jas d\u0113\u013c, kas nomierina kairin\u0101jumu.<br \/>\nAUGU ALTERNAT\u012aVA HIALURONSK\u0100BEI: ieg\u016bta, ferment\u0113jot ceratonijas koka s\u0113klas, tai ir liela afinit\u0101te ar \u0101du, un tai piem\u012bt m\u012bkstino\u0161as un elast\u012bgas \u012bpa\u0161\u012bbas, kas l\u012bdz\u012bgas hialuronsk\u0101bei un j\u016bras kolag\u0113nam.<\/p>\n<\/div>\n","protected":false},"excerpt":{"rendered":"<p>DR KRAUT\u00a0MANDELIC ACID PEELING 10% Mande\u013csk\u0101bes p\u012blings ir piem\u0113rots jebkuram \u0101das tipam, pat \u013coti sausai un jut\u012bgai \u0101dai. P\u012blings ir lielisks l\u012bdzeklis c\u012b\u0146\u0101 pret nevienm\u0113r\u012bgu \u0101das toni, pazemin\u0101tu \u0101das tonusu, k\u0101 ar\u012b pret akni un komedoniem, jo tam piem\u012bt aseptiska iedarb\u012bba un tas vienlaic\u012bgi lieliski irdina aug\u0161\u0113jo saciet\u0113ju\u0161o \u0101das k\u0101rtu, atverot un att\u012brot poras. \u0136\u012bmisk\u0101 p\u012blinga proced\u016bra, kas atbr\u012bvo \u0101du no virspus\u0113j\u0101m atmiru\u0161aj\u0101m \u0161\u016bn\u0101m. Sast\u0101vs ir bag\u0101tin\u0101ts ar alveju, kumel\u012b\u0161u ekstraktu un augu izcelsmes hialuronsk\u0101bes alternat\u012bvu, lai nodro\u0161in\u0101tu nomierino\u0161u, m\u012bkstino\u0161u un mitrino\u0161u iedarb\u012bbu. Mande\u013csk\u0101be 10% &#8211; VEGAN FORMULA &#8211; 86,09%&hellip;<\/p>\n","protected":false},"featured_media":6900,"template":"","meta":[],"product_brand":[],"product_cat":[63],"product_tag":[],"class_list":{"0":"post-795","1":"product","2":"type-product","3":"status-publish","4":"has-post-thumbnail","6":"product_cat-kosmetologija","8":"first","9":"instock","10":"shipping-taxable","11":"purchasable","12":"product-type-simple"},"_links":{"self":[{"href":"https:\/\/www.happysunday.eu\/index.php?rest_route=\/wp\/v2\/product\/795","targetHints":{"allow":["GET"]}}],"collection":[{"href":"https:\/\/www.happysunday.eu\/index.php?rest_route=\/wp\/v2\/product"}],"about":[{"href":"https:\/\/www.happysunday.eu\/index.php?rest_route=\/wp\/v2\/types\/product"}],"wp:featuredmedia":[{"embeddable":true,"href":"https:\/\/www.happysunday.eu\/index.php?rest_route=\/wp\/v2\/media\/6900"}],"wp:attachment":[{"href":"https:\/\/www.happysunday.eu\/index.php?rest_route=%2Fwp%2Fv2%2Fmedia&parent=795"}],"wp:term":[{"taxonomy":"product_brand","embeddable":true,"href":"https:\/\/www.happysunday.eu\/index.php?rest_route=%2Fwp%2Fv2%2Fproduct_brand&post=795"},{"taxonomy":"product_cat","embeddable":true,"href":"https:\/\/www.happysunday.eu\/index.php?rest_route=%2Fwp%2Fv2%2Fproduct_cat&post=795"},{"taxonomy":"product_tag","embeddable":true,"href":"https:\/\/www.happysunday.eu\/index.php?rest_route=%2Fwp%2Fv2%2Fproduct_tag&post=795"}],"curies":[{"name":"wp","href":"https:\/\/api.w.org\/{rel}","templated":true}]}}