{"id":7950,"date":"2025-05-10T12:47:06","date_gmt":"2025-05-10T12:47:06","guid":{"rendered":"https:\/\/www.happysunday.eu\/?post_type=product&#038;p=7950"},"modified":"2026-04-02T17:50:50","modified_gmt":"2026-04-02T17:50:50","slug":"mixsoon-esence-galavs-adas-kopsanai-50ml","status":"publish","type":"product","link":"https:\/\/www.happysunday.eu\/?product=mixsoon-esence-galavs-adas-kopsanai-50ml","title":{"rendered":"MIXSOON ESENCE GALAVS \u0100DAS KOP\u0160ANAI 50ml"},"content":{"rendered":"<div id=\"product-title\">\n<p class=\"p1\"><span class=\"s1\">Scalp &amp; Hair Essence 50ml<\/span><span class=\"s2\">\u2013 Korejas z\u012bmola <\/span><span class=\"s1\">Mixsoon<\/span><span class=\"s2\"> \u012bpa\u0161i izstr\u0101d\u0101ts l\u012bdzeklis matu aug\u0161anas veicin\u0101\u0161anai un galvas \u0101das kop\u0161anai. \u0160is augst\u0101k\u0101s kvalit\u0101tes produkts apvieno tradicion\u0101los Korejas skaistumkop\u0161anas nosl\u0113pumus ar m\u016bsdienu zin\u0101tnes sasniegumiem, lai nodro\u0161in\u0101tu intens\u012bvu apr\u016bpi matiem un galvas \u0101dai.<\/span><\/p>\n<p class=\"p1\"><span class=\"s1\">Galven\u0101s \u012bpa\u0161\u012bbas:<\/span><\/p>\n<ul>\n<li>\n<p class=\"p1\"><span class=\"s1\">Veicina matu aug\u0161anu:<\/span><span class=\"s2\"> Sp\u0113cina matu saknes, pal\u012bdz nov\u0113rst matu izkri\u0161anu un stimul\u0113 matu aug\u0161anu.<\/span><\/p>\n<\/li>\n<li>\n<p class=\"p1\"><span class=\"s1\">Baro un mitrina galvas \u0101du:<\/span><span class=\"s2\"> Atsvaidzina un normaliz\u0113 galvas \u0101das mikrofloru, veicinot vesel\u012bgu un t\u012bru \u0101du.<\/span><\/p>\n<\/li>\n<li>\n<p class=\"p1\"><span class=\"s1\">Uzlabo matu strukt\u016bru:<\/span><span class=\"s2\"> Mati k\u013c\u016bst sp\u012bd\u012bgi, gludi un viegl\u0101k kopjami.<\/span><\/p>\n<\/li>\n<li>\n<p class=\"p1\"><span class=\"s1\">Piem\u0113rots visiem matu tipiem:<\/span><span class=\"s2\"> Neatkar\u012bgi no matu strukt\u016bras, tas nodro\u0161ina visaptvero\u0161u apr\u016bpi.<\/span><\/p>\n<\/li>\n<\/ul>\n<p>&nbsp;<\/p>\n<p class=\"p1\"><span class=\"s1\">K\u0101 lietot:<\/span><span class=\"s2\"> Uzkl\u0101jiet da\u017eus pilienus esences tie\u0161i uz galvas \u0101das, maigi iemas\u0113jiet un atst\u0101jiet, lai uzs\u016bcas. Lietojiet regul\u0101ri, lai ieg\u016btu optim\u0101lus rezult\u0101tus.<\/span><\/p>\n<p class=\"p1\"><span class=\"s1\">Iepakojums:<\/span><span class=\"s2\"> 50ml<\/span><\/p>\n<p class=\"p1\"><span class=\"s2\">Atkl\u0101jiet Korejas skaistumkop\u0161anas nosl\u0113pumus ar <\/span><span class=\"s1\">Mixsoon<\/span><span class=\"s2\"> Scalp &amp; Hair Essence un nodro\u0161iniet matiem vislab\u0101ko apr\u016bpi!<\/span><\/p>\n<\/div>\n","protected":false},"excerpt":{"rendered":"<p>Scalp &amp; Hair Essence 50ml\u2013 Korejas z\u012bmola Mixsoon \u012bpa\u0161i izstr\u0101d\u0101ts l\u012bdzeklis matu aug\u0161anas veicin\u0101\u0161anai un galvas \u0101das kop\u0161anai. \u0160is augst\u0101k\u0101s kvalit\u0101tes produkts apvieno tradicion\u0101los Korejas skaistumkop\u0161anas nosl\u0113pumus ar m\u016bsdienu zin\u0101tnes sasniegumiem, lai nodro\u0161in\u0101tu intens\u012bvu apr\u016bpi matiem un galvas \u0101dai. Galven\u0101s \u012bpa\u0161\u012bbas: Veicina matu aug\u0161anu: Sp\u0113cina matu saknes, pal\u012bdz nov\u0113rst matu izkri\u0161anu un stimul\u0113 matu aug\u0161anu. Baro un mitrina galvas \u0101du: Atsvaidzina un normaliz\u0113 galvas \u0101das mikrofloru, veicinot vesel\u012bgu un t\u012bru \u0101du. Uzlabo matu strukt\u016bru: Mati k\u013c\u016bst sp\u012bd\u012bgi, gludi un viegl\u0101k kopjami. Piem\u0113rots visiem matu tipiem: Neatkar\u012bgi no matu strukt\u016bras, tas&hellip;<\/p>\n","protected":false},"featured_media":7951,"template":"","meta":[],"product_brand":[],"product_cat":[86,58],"product_tag":[],"class_list":{"0":"post-7950","1":"product","2":"type-product","3":"status-publish","4":"has-post-thumbnail","6":"product_cat-korejas-kosmetika","7":"product_cat-super-sale","9":"first","10":"instock","11":"sale","12":"shipping-taxable","13":"purchasable","14":"product-type-simple"},"_links":{"self":[{"href":"https:\/\/www.happysunday.eu\/index.php?rest_route=\/wp\/v2\/product\/7950","targetHints":{"allow":["GET"]}}],"collection":[{"href":"https:\/\/www.happysunday.eu\/index.php?rest_route=\/wp\/v2\/product"}],"about":[{"href":"https:\/\/www.happysunday.eu\/index.php?rest_route=\/wp\/v2\/types\/product"}],"wp:featuredmedia":[{"embeddable":true,"href":"https:\/\/www.happysunday.eu\/index.php?rest_route=\/wp\/v2\/media\/7951"}],"wp:attachment":[{"href":"https:\/\/www.happysunday.eu\/index.php?rest_route=%2Fwp%2Fv2%2Fmedia&parent=7950"}],"wp:term":[{"taxonomy":"product_brand","embeddable":true,"href":"https:\/\/www.happysunday.eu\/index.php?rest_route=%2Fwp%2Fv2%2Fproduct_brand&post=7950"},{"taxonomy":"product_cat","embeddable":true,"href":"https:\/\/www.happysunday.eu\/index.php?rest_route=%2Fwp%2Fv2%2Fproduct_cat&post=7950"},{"taxonomy":"product_tag","embeddable":true,"href":"https:\/\/www.happysunday.eu\/index.php?rest_route=%2Fwp%2Fv2%2Fproduct_tag&post=7950"}],"curies":[{"name":"wp","href":"https:\/\/api.w.org\/{rel}","templated":true}]}}