{"id":7952,"date":"2025-05-10T12:52:05","date_gmt":"2025-05-10T12:52:05","guid":{"rendered":"https:\/\/www.happysunday.eu\/?post_type=product&#038;p=7952"},"modified":"2026-04-09T14:33:33","modified_gmt":"2026-04-09T14:33:33","slug":"tirtir-puderis-enzimu-pilingam-75gr","status":"publish","type":"product","link":"https:\/\/www.happysunday.eu\/?product=tirtir-puderis-enzimu-pilingam-75gr","title":{"rendered":"TIRTIR  PUDERIS ENZ\u012aMU PIL\u012aNGAM 75gr"},"content":{"rendered":"<div id=\"product-title\">\n<p class=\"p1\"><span class=\"s1\">TIRTIR &#8211; Hydro Boost Enzyme Powder Wash<\/span><\/p>\n<p class=\"p1\"><span class=\"s2\">Atkl\u0101jiet jaun\u0101ko Korejas kosm\u0113tikas inov\u0101ciju ar TIRTIR &#8211; Hydro Boost Enzyme Powder Wash! \u0160is pulverveida t\u012br\u012b\u0161anas l\u012bdzeklis ir ide\u0101li piem\u0113rots visiem \u0101das tipiem, nodro\u0161inot dzi\u013cu att\u012br\u012b\u0161anu un mitrin\u0101\u0161anu vienlaikus.<\/span><\/p>\n<p class=\"p1\"><strong><span class=\"s1\">Galven\u0101s \u012bpa\u0161\u012bbas:<\/span><\/strong><\/p>\n<ul>\n<li>\n<p class=\"p1\"><span class=\"s1\">Enz\u012bmu t\u012br\u012b\u0161ana:<\/span><span class=\"s2\"> Dab\u012bgie fermenti efekt\u012bvi no\u0146em \u0101das net\u012brumus un atmiru\u0161\u0101s \u0161\u016bnas, neatst\u0101jot kairin\u0101jumu, un atjauno \u0101das dz\u012bvotsp\u0113ju.<\/span><\/p>\n<\/li>\n<li>\n<p class=\"p1\"><span class=\"s1\">Mitrino\u0161a iedarb\u012bba:<\/span><span class=\"s2\"> Pulveris viegli p\u0101rv\u0113r\u0161as par bag\u0101t\u012bgu putu masu, kas dzi\u013ci mitrina \u0101du, pal\u012bdzot saglab\u0101t t\u0101s dabisko mitruma l\u012bdzsvaru.<\/span><\/p>\n<\/li>\n<\/ul>\n<p>&nbsp;<\/p>\n<p class=\"p1\"><span class=\"s2\">TIRTIR z\u012bmols ir paz\u012bstams ar savu kvalit\u0101ti un uzticam\u012bbu, un \u0161is produkts ir lieliska izv\u0113le, ja v\u0113laties ieg\u016bt svaigi att\u012br\u012btu un mitrin\u0101tu \u0101du katru dienu. \u0160is produktus ir ide\u0101li piem\u0113rots ar\u012b ce\u013cojumiem vai tiem, kas dod priek\u0161roku liel\u0101k\u0101m iepakojuma vien\u012bb\u0101m.<\/span><\/p>\n<p class=\"p1\"><strong><span class=\"s1\">Lieto\u0161ana:<\/span><\/strong><\/p>\n<p class=\"p1\"><span class=\"s2\">Nelielu daudzumu pulvera samitriniet ar \u016bdeni, l\u012bdz ieg\u016bstat putas. Maigi iemas\u0113jiet uz mitras \u0101das un p\u0113c tam noskalojiet ar \u016bdeni.<\/span><\/p>\n<p class=\"p1\"><span class=\"s2\">P\u0101rliecinieties, ka j\u016bsu \u0101da ir m\u012bksta, gluda un svaiga katru dienu ar TIRTIR Hydro Boost Enzyme Powder Wash!<\/span><\/p>\n<\/div>\n","protected":false},"excerpt":{"rendered":"<p>TIRTIR &#8211; Hydro Boost Enzyme Powder Wash Atkl\u0101jiet jaun\u0101ko Korejas kosm\u0113tikas inov\u0101ciju ar TIRTIR &#8211; Hydro Boost Enzyme Powder Wash! \u0160is pulverveida t\u012br\u012b\u0161anas l\u012bdzeklis ir ide\u0101li piem\u0113rots visiem \u0101das tipiem, nodro\u0161inot dzi\u013cu att\u012br\u012b\u0161anu un mitrin\u0101\u0161anu vienlaikus. Galven\u0101s \u012bpa\u0161\u012bbas: Enz\u012bmu t\u012br\u012b\u0161ana: Dab\u012bgie fermenti efekt\u012bvi no\u0146em \u0101das net\u012brumus un atmiru\u0161\u0101s \u0161\u016bnas, neatst\u0101jot kairin\u0101jumu, un atjauno \u0101das dz\u012bvotsp\u0113ju. Mitrino\u0161a iedarb\u012bba: Pulveris viegli p\u0101rv\u0113r\u0161as par bag\u0101t\u012bgu putu masu, kas dzi\u013ci mitrina \u0101du, pal\u012bdzot saglab\u0101t t\u0101s dabisko mitruma l\u012bdzsvaru. &nbsp; TIRTIR z\u012bmols ir paz\u012bstams ar savu kvalit\u0101ti un uzticam\u012bbu, un \u0161is produkts ir lieliska izv\u0113le,&hellip;<\/p>\n","protected":false},"featured_media":7953,"template":"","meta":[],"product_brand":[],"product_cat":[86,58],"product_tag":[],"class_list":{"0":"post-7952","1":"product","2":"type-product","3":"status-publish","4":"has-post-thumbnail","6":"product_cat-korejas-kosmetika","7":"product_cat-super-sale","9":"first","10":"instock","11":"sale","12":"shipping-taxable","13":"purchasable","14":"product-type-simple"},"_links":{"self":[{"href":"https:\/\/www.happysunday.eu\/index.php?rest_route=\/wp\/v2\/product\/7952","targetHints":{"allow":["GET"]}}],"collection":[{"href":"https:\/\/www.happysunday.eu\/index.php?rest_route=\/wp\/v2\/product"}],"about":[{"href":"https:\/\/www.happysunday.eu\/index.php?rest_route=\/wp\/v2\/types\/product"}],"wp:featuredmedia":[{"embeddable":true,"href":"https:\/\/www.happysunday.eu\/index.php?rest_route=\/wp\/v2\/media\/7953"}],"wp:attachment":[{"href":"https:\/\/www.happysunday.eu\/index.php?rest_route=%2Fwp%2Fv2%2Fmedia&parent=7952"}],"wp:term":[{"taxonomy":"product_brand","embeddable":true,"href":"https:\/\/www.happysunday.eu\/index.php?rest_route=%2Fwp%2Fv2%2Fproduct_brand&post=7952"},{"taxonomy":"product_cat","embeddable":true,"href":"https:\/\/www.happysunday.eu\/index.php?rest_route=%2Fwp%2Fv2%2Fproduct_cat&post=7952"},{"taxonomy":"product_tag","embeddable":true,"href":"https:\/\/www.happysunday.eu\/index.php?rest_route=%2Fwp%2Fv2%2Fproduct_tag&post=7952"}],"curies":[{"name":"wp","href":"https:\/\/api.w.org\/{rel}","templated":true}]}}