{"id":7954,"date":"2025-05-10T13:00:36","date_gmt":"2025-05-10T13:00:36","guid":{"rendered":"https:\/\/www.happysunday.eu\/?post_type=product&#038;p=7954"},"modified":"2026-05-05T07:49:50","modified_gmt":"2026-05-05T07:49:50","slug":"mixsoon-kollagena-izkusosa-acu-patci-5-pari","status":"publish","type":"product","link":"https:\/\/www.happysunday.eu\/?product=mixsoon-kollagena-izkusosa-acu-patci-5-pari","title":{"rendered":"MIXSOON &#8211; KOLLAG\u0112NA IZKUSO\u0160\u0100 ACU PAT\u010cI 5 P\u0100RI"},"content":{"rendered":"<div id=\"product-title\">\n<p class=\"p1\"><strong><span class=\"s1\">Mixsoon &#8211; Melting Collagen Eye Film KOMPLEKT\u0100 5 P\u0100RI<\/span><\/strong><\/p>\n<p class=\"p1\"><span class=\"s2\">Iepaz\u012bstiet <\/span><span class=\"s1\">Mixsoon &#8211; Melting Collagen Eye Film<\/span><span class=\"s2\">, augstas kvalit\u0101tes korejie\u0161u kosm\u0113tikas produktu, kas rad\u012bts, lai mitrin\u0101tu un atjaunotu \u0101du ap ac\u012bm. \u0160\u012bs <\/span><span class=\"s1\">kolag\u0113na acu pl\u0113ves<\/span><span class=\"s2\"> ir ide\u0101la izv\u0113le, lai samazin\u0101tu piet\u016bkumu un noveco\u0161an\u0101s paz\u012bmes ap acu zonu.<\/span><\/p>\n<p class=\"p1\"><strong><span class=\"s1\">Galven\u0101s \u012bpa\u0161\u012bbas:<\/span><\/strong><\/p>\n<ul>\n<li><strong><span class=\"s1\">Unikalit\u0101te:<\/span><span class=\"s2\"> \u0160\u012b produkta unik\u0101l\u0101 iez\u012bme ir t\u0101, ka to nav nepiecie\u0161ams noskalot. Pl\u0101na kolag\u0113na pl\u0113ve paliek uz \u0101das, nodro\u0161inot lielisku liftinga efektu. Lai v\u0113l vair\u0101k uzlabotu rezult\u0101tus, vienk\u0101r\u0161i pievienojiet p\u0101ris pilienus esences vai seruma.<\/span><\/strong><\/li>\n<li><\/li>\n<li>\n<p class=\"p1\"><span class=\"s1\">Kolag\u0113ns un mitrin\u0101\u0161ana:<\/span><span class=\"s2\"> Ar kolag\u0113nu bag\u0101tin\u0101t\u0101s pl\u0113ves pal\u012bdz uzlabot \u0101das elast\u012bbu un mitrina to, atjaunojot t\u0101s jaunekl\u012bgu izskatu.<\/span><\/p>\n<\/li>\n<li>\n<p class=\"p1\"><span class=\"s1\">Samazin\u0101ts piet\u016bkums:<\/span><span class=\"s2\"> Regul\u0101ra lieto\u0161ana pal\u012bdz samazin\u0101t piet\u016bkumu un tum\u0161os lokus ap ac\u012bm, padarot \u0101du glud\u0101ku un mirdzo\u0161\u0101ku.<\/span><\/p>\n<\/li>\n<li>\n<p class=\"p1\"><span class=\"s1\">Viegla lieto\u0161ana:<\/span><span class=\"s2\"> Katrs iepakojums satur 5 p\u0101rus, kas nodro\u0161ina \u0113rtu un efekt\u012bvu lieto\u0161anu ikdien\u0101 vai \u012bpa\u0161os br\u012b\u017eos.<\/span><\/p>\n<\/li>\n<\/ul>\n<p class=\"p1\"><span class=\"s1\">Lieto\u0161ana:<\/span><\/p>\n<p class=\"p1\"><span class=\"s2\">Uzkl\u0101jiet pl\u0113ves uz att\u012br\u012bt\u0101s acu zonas un atst\u0101jiet t\u0101s uz 15\u201320 min\u016bt\u0113m. P\u0113c tam vienk\u0101r\u0161i \u013caujiet kolag\u0113na pl\u0113vei palikt uz \u0101das, lai ieg\u016btu liftinga efektu.<\/span><\/p>\n<p class=\"p1\"><span class=\"s2\">Ar <\/span><span class=\"s1\">Mixsoon &#8211; Melting Collagen Eye Film<\/span><span class=\"s2\"> j\u016bsu acu zona ieg\u016bs t\u016bl\u012bt\u0113ju atsvaidzin\u0101jumu un mitrin\u0101\u0161anu, k\u0101 ar\u012b ilgsto\u0161u liftinga efektu!<\/span><\/p>\n<\/div>\n","protected":false},"excerpt":{"rendered":"<p>Mixsoon &#8211; Melting Collagen Eye Film KOMPLEKT\u0100 5 P\u0100RI Iepaz\u012bstiet Mixsoon &#8211; Melting Collagen Eye Film, augstas kvalit\u0101tes korejie\u0161u kosm\u0113tikas produktu, kas rad\u012bts, lai mitrin\u0101tu un atjaunotu \u0101du ap ac\u012bm. \u0160\u012bs kolag\u0113na acu pl\u0113ves ir ide\u0101la izv\u0113le, lai samazin\u0101tu piet\u016bkumu un noveco\u0161an\u0101s paz\u012bmes ap acu zonu. Galven\u0101s \u012bpa\u0161\u012bbas: Unikalit\u0101te: \u0160\u012b produkta unik\u0101l\u0101 iez\u012bme ir t\u0101, ka to nav nepiecie\u0161ams noskalot. Pl\u0101na kolag\u0113na pl\u0113ve paliek uz \u0101das, nodro\u0161inot lielisku liftinga efektu. Lai v\u0113l vair\u0101k uzlabotu rezult\u0101tus, vienk\u0101r\u0161i pievienojiet p\u0101ris pilienus esences vai seruma. Kolag\u0113ns un mitrin\u0101\u0161ana: Ar kolag\u0113nu bag\u0101tin\u0101t\u0101s pl\u0113ves pal\u012bdz&hellip;<\/p>\n","protected":false},"featured_media":7955,"template":"","meta":[],"product_brand":[],"product_cat":[86,58],"product_tag":[],"class_list":{"0":"post-7954","1":"product","2":"type-product","3":"status-publish","4":"has-post-thumbnail","6":"product_cat-korejas-kosmetika","7":"product_cat-super-sale","9":"first","10":"instock","11":"sale","12":"shipping-taxable","13":"purchasable","14":"product-type-simple"},"_links":{"self":[{"href":"https:\/\/www.happysunday.eu\/index.php?rest_route=\/wp\/v2\/product\/7954","targetHints":{"allow":["GET"]}}],"collection":[{"href":"https:\/\/www.happysunday.eu\/index.php?rest_route=\/wp\/v2\/product"}],"about":[{"href":"https:\/\/www.happysunday.eu\/index.php?rest_route=\/wp\/v2\/types\/product"}],"wp:featuredmedia":[{"embeddable":true,"href":"https:\/\/www.happysunday.eu\/index.php?rest_route=\/wp\/v2\/media\/7955"}],"wp:attachment":[{"href":"https:\/\/www.happysunday.eu\/index.php?rest_route=%2Fwp%2Fv2%2Fmedia&parent=7954"}],"wp:term":[{"taxonomy":"product_brand","embeddable":true,"href":"https:\/\/www.happysunday.eu\/index.php?rest_route=%2Fwp%2Fv2%2Fproduct_brand&post=7954"},{"taxonomy":"product_cat","embeddable":true,"href":"https:\/\/www.happysunday.eu\/index.php?rest_route=%2Fwp%2Fv2%2Fproduct_cat&post=7954"},{"taxonomy":"product_tag","embeddable":true,"href":"https:\/\/www.happysunday.eu\/index.php?rest_route=%2Fwp%2Fv2%2Fproduct_tag&post=7954"}],"curies":[{"name":"wp","href":"https:\/\/api.w.org\/{rel}","templated":true}]}}