{"id":8010,"date":"2025-05-27T07:41:20","date_gmt":"2025-05-27T07:41:20","guid":{"rendered":"https:\/\/www.happysunday.eu\/?post_type=product&#038;p=8010"},"modified":"2026-04-07T07:07:42","modified_gmt":"2026-04-07T07:07:42","slug":"kermena-putas-adas-tvirtumam-ar-glow-efektu-200ml","status":"publish","type":"product","link":"https:\/\/www.happysunday.eu\/?product=kermena-putas-adas-tvirtumam-ar-glow-efektu-200ml","title":{"rendered":"\u0136ERME\u0145A PUTAS \u0100DAS TVIRTUMAM AR GLOW EFEKTU 200ML"},"content":{"rendered":"<div id=\"product-title\">\n<h1 class=\"product_title entry-title\">TONIC GLOW FIRMING MOUSSE<\/h1>\n<p class=\"p1\"><span class=\"s1\">Atkl\u0101j savu \u0137ermeni no jauna ar <\/span><span class=\"s2\">Tonic Glow Firming Mousse<\/span><span class=\"s1\"> \u2013 greznu, vieglu \u0137erme\u0146a putu, kas sniedz ne tikai izsmalcin\u0101tu saj\u016btu, bet ar\u012b <\/span><span class=\"s2\">redzamus rezult\u0101tus<\/span><span class=\"s1\">. \u0160ie putas ir izstr\u0101d\u0101tas, lai <\/span><span class=\"s2\">nostiprin\u0101tu, toniz\u0113tu un mitrin\u0101tu \u0101du<\/span><span class=\"s1\">, padarot to glud\u0101ku, tvirt\u0101ku un starojo\u0161u \u2013 dienu p\u0113c dienas.<\/span><\/p>\n<h4><span class=\"s1\">Galven\u0101s priek\u0161roc\u012bbas:<\/span><\/h4>\n<ul>\n<li>\n<p class=\"p1\"><span class=\"s1\">Efekt\u012bvs \u0101das nostiprin\u0101jums un toniz\u0113\u0161ana<\/span><span class=\"s2\">, pateicoties unik\u0101lajam liposomu kompleksam, kas pal\u012bdz akt\u012bvaj\u0101m viel\u0101m iek\u013c\u016bt dzi\u013c\u0101kos \u0101das sl\u0101\u0146os.<\/span><\/p>\n<\/li>\n<li>\n<p class=\"p1\"><span class=\"s1\">Samazina tauku uzkr\u0101\u0161anos<\/span><span class=\"s2\"> un uzlabo \u0101das elast\u012bbu ar kofe\u012bna, karnit\u012bna, esc\u012bna un ruskusa ekstrakta pal\u012bdz\u012bbu.<\/span><\/p>\n<\/li>\n<li>\n<p class=\"p1\"><span class=\"s1\">Mitrina un baro<\/span><span class=\"s2\"> \u0101du ar \u0161\u012b sviestu, padarot to samtaini maigu un elast\u012bgu.<\/span><\/p>\n<\/li>\n<li>\n<p class=\"p1\"><span class=\"s1\">Pie\u0161\u0137ir mirdzumu<\/span><span class=\"s2\"> pateicoties smalkai zelta kr\u0101sas micas p\u016bderim, kas acumirkl\u012b uzlabo \u0101das izskatu.<\/span><\/p>\n<\/li>\n<li>\n<p class=\"p1\"><span class=\"s1\">Proteasyl\u00ae augu komplekss<\/span><span class=\"s2\"> \u2013 redzami uzlabo \u0101das strukt\u016bru, pie\u0161\u0137irot tai tvirtumu un gludumu.<\/span><\/p>\n<\/li>\n<\/ul>\n<p class=\"p3\">\n<h4><span class=\"s1\">K\u0101p\u0113c izv\u0113l\u0113ties tie\u0161i \u0161o produktu?<\/span><\/h4>\n<p class=\"p1\"><span class=\"s1\">\u0160\u012b nav vienk\u0101r\u0161i \u0137erme\u0146a kop\u0161anas putas \u2013 tas ir <\/span><span class=\"s2\">ikdienas ritu\u0101ls<\/span><span class=\"s1\">, kas apvieno <\/span><span class=\"s2\">zin\u0101tni, luksusu un efektivit\u0101ti<\/span><span class=\"s1\">. Ide\u0101li piem\u0113rots sieviet\u0113m, kuras v\u0113las ieg\u016bt redzamus rezult\u0101tus, uzlabojot \u0101das tvirtumu, vienlaikus izbaudot pat\u012bkamu tekst\u016bru un bag\u0101t\u012bgu arom\u0101tu.<\/span><\/p>\n<\/div>\n","protected":false},"excerpt":{"rendered":"<p>TONIC GLOW FIRMING MOUSSE Atkl\u0101j savu \u0137ermeni no jauna ar Tonic Glow Firming Mousse \u2013 greznu, vieglu \u0137erme\u0146a putu, kas sniedz ne tikai izsmalcin\u0101tu saj\u016btu, bet ar\u012b redzamus rezult\u0101tus. \u0160ie putas ir izstr\u0101d\u0101tas, lai nostiprin\u0101tu, toniz\u0113tu un mitrin\u0101tu \u0101du, padarot to glud\u0101ku, tvirt\u0101ku un starojo\u0161u \u2013 dienu p\u0113c dienas. Galven\u0101s priek\u0161roc\u012bbas: Efekt\u012bvs \u0101das nostiprin\u0101jums un toniz\u0113\u0161ana, pateicoties unik\u0101lajam liposomu kompleksam, kas pal\u012bdz akt\u012bvaj\u0101m viel\u0101m iek\u013c\u016bt dzi\u013c\u0101kos \u0101das sl\u0101\u0146os. Samazina tauku uzkr\u0101\u0161anos un uzlabo \u0101das elast\u012bbu ar kofe\u012bna, karnit\u012bna, esc\u012bna un ruskusa ekstrakta pal\u012bdz\u012bbu. Mitrina un baro \u0101du ar \u0161\u012b sviestu,&hellip;<\/p>\n","protected":false},"featured_media":8011,"template":"","meta":[],"product_brand":[],"product_cat":[33,64,73,83],"product_tag":[],"class_list":{"0":"post-8010","1":"product","2":"type-product","3":"status-publish","4":"has-post-thumbnail","6":"product_cat-uncategorized","7":"product_cat-kermenu-kopsana","8":"product_cat-masaza","9":"product_cat-that-so","11":"first","12":"instock","13":"shipping-taxable","14":"purchasable","15":"product-type-simple"},"_links":{"self":[{"href":"https:\/\/www.happysunday.eu\/index.php?rest_route=\/wp\/v2\/product\/8010","targetHints":{"allow":["GET"]}}],"collection":[{"href":"https:\/\/www.happysunday.eu\/index.php?rest_route=\/wp\/v2\/product"}],"about":[{"href":"https:\/\/www.happysunday.eu\/index.php?rest_route=\/wp\/v2\/types\/product"}],"wp:featuredmedia":[{"embeddable":true,"href":"https:\/\/www.happysunday.eu\/index.php?rest_route=\/wp\/v2\/media\/8011"}],"wp:attachment":[{"href":"https:\/\/www.happysunday.eu\/index.php?rest_route=%2Fwp%2Fv2%2Fmedia&parent=8010"}],"wp:term":[{"taxonomy":"product_brand","embeddable":true,"href":"https:\/\/www.happysunday.eu\/index.php?rest_route=%2Fwp%2Fv2%2Fproduct_brand&post=8010"},{"taxonomy":"product_cat","embeddable":true,"href":"https:\/\/www.happysunday.eu\/index.php?rest_route=%2Fwp%2Fv2%2Fproduct_cat&post=8010"},{"taxonomy":"product_tag","embeddable":true,"href":"https:\/\/www.happysunday.eu\/index.php?rest_route=%2Fwp%2Fv2%2Fproduct_tag&post=8010"}],"curies":[{"name":"wp","href":"https:\/\/api.w.org\/{rel}","templated":true}]}}