{"id":802,"date":"2021-01-21T18:20:01","date_gmt":"2021-01-21T18:20:01","guid":{"rendered":"https:\/\/www.happysunday.eu\/?post_type=product&#038;p=802"},"modified":"2026-04-07T06:54:43","modified_gmt":"2026-04-07T06:54:43","slug":"glycolic-acid-5-30ml","status":"publish","type":"product","link":"https:\/\/www.happysunday.eu\/?product=glycolic-acid-5-30ml","title":{"rendered":"GLIKOLSK\u0100BES STIPRAIS P\u012aLINGS 8% 30ml"},"content":{"rendered":"<div id=\"product-title\">\n<p>dr. kraut <strong>GLYCOLIC ACID STRONG PEELING<\/strong><\/p>\n<p>\u0136\u012bmisks p\u012blings l\u012bdzeklis, kas atbr\u012bvo \u0101du no virspus\u0113j\u0101m atmiru\u0161aj\u0101m \u0161\u016bn\u0101m un veicina \u0101das atjauno\u0161anos, \u012bpa\u0161i indic\u0113ts \u0101das kop\u0161anai ar tum\u0161iem plankumiem un noveco\u0161an\u0101s paz\u012bm\u0113m.<br \/>\nGlikolsk\u0101be 8% &#8211; TIKAI PROFESION\u0100LAI LIETO\u0160ANAI &#8211; VEG\u0100NU FORMULA &#8211; 92,26% Dab\u012bga<\/p>\n<p>P\u012blings uz glikolsk\u0101bes b\u0101zes ir p\u012blings, kas veicina \u0137\u012bmisko p\u012blingu, pal\u012bdzot atjaunot \u0101du un att\u012br\u012bt \u0101du. Glikolsk\u0101bes nogludino\u0161\u0101 iedarb\u012bba ir ide\u0101li piem\u0113rota tum\u0161o plankumu izgaismo\u0161anai, grumbu ra\u0161an\u0101s nov\u0113r\u0161anai un taukainas un net\u012bras \u0101das virsmas att\u012br\u012b\u0161anai. Tas ir lielisks sabiedrotais, lai \u0101rst\u0113tu p\u016bt\u012btes r\u0113tas, c\u012bn\u012btos ar hiperpigment\u0101ciju un saules plankumiem. Glikolsk\u0101be ir viena no visbie\u017e\u0101k lietotaj\u0101m alfa hidroks\u012bdsk\u0101b\u0113m (AHA). Glikolsk\u0101be pal\u012bdz att\u012br\u012bt un sa\u0161aurin\u0101t \u0101das poras un nodro\u0161ina mat\u0113jo\u0161u efektu. Pateicoties glikolsk\u0101bei, \u0101d\u0101 tiek stimul\u0113ta kolag\u0113na un hialuronsk\u0101bes sint\u0113ze, t\u0101d\u0113j\u0101di nodro\u0161inot ar\u012b pretnoveco\u0161an\u0101s efektu un vesel\u012bgu \u0101das izskatu.<\/p>\n<p>P\u012blings uz glikolsk\u0101bes b\u0101zes veic intens\u012bvu p\u012blinga darb\u012bbu, t\u0101p\u0113c tas nav ieteicams jut\u012bgai \u0101dai, bet ir piem\u0113rots taukainai, kombin\u0113tai un ar pinn\u0113m pak\u013cautai \u0101dai. Piem\u0113rots ar\u012b nobriedu\u0161ai \u0101dai, lai nov\u0113rstu \u0101das noveco\u0161an\u0101s paz\u012bmes. Turkl\u0101t glikolsk\u0101be ir \u0101rk\u0101rt\u012bgi fotosensibiliz\u0113jo\u0161a, \u012bpa\u0161i, ja to lieto augst\u0101 koncentr\u0101cij\u0101: v\u0113lams to lietot ziem\u0101, vakar\u0101 un p\u0113c apstr\u0101des vienm\u0113r uzkl\u0101t SPF aizsardz\u012bbas faktoru.<\/p>\n<p>Lieto\u0161ana:<\/p>\n<p>1. Lietojiet akt\u012bvo p\u0113c \u0101das t\u012br\u012b\u0161anas un \u017e\u0101v\u0113\u0161anas.<br \/>\n2. Uzkl\u0101jiet vieglu sl\u0101ni uz \u0101das virsmas, piev\u0113r\u0161ot uzman\u012bbu t\u0101d\u0101m delik\u0101taj\u0101m viet\u0101m k\u0101 acu kont\u016bra un l\u016bpu kont\u016bra.<br \/>\n3. Atst\u0101jiet iedarboties apm\u0113ram 7\/10 min\u016btes un r\u016bp\u012bgi noskalojiet ar siltu \u016bdeni.<br \/>\n4. Uzkl\u0101jiet sejas kr\u0113mu ar mitrino\u0161u vai nomierino\u0161u darb\u012bbu.<br \/>\n5. Ieteicams to lietot ziemas period\u0101, vakar\u0101 un p\u0113c produkta lieto\u0161anas izvair\u012bties no saules iedarb\u012bbas.<br \/>\n6. P\u0113c lieto\u0161anas vienm\u0113r uzkl\u0101jiet saules aizsargfaktoru ar SPF.<br \/>\n7. Uzglab\u0101t b\u0113rniem nepieejam\u0101 viet\u0101.<br \/>\n8. Tikai \u0101r\u0113jai lieto\u0161anai.<br \/>\n9. Izvairieties no saskares ar ac\u012bm.<br \/>\n10. Nelietot uz sarkanas, iekaisu\u0161as vai p\u0101rslainas \u0101das.<\/p>\n<p>Akt\u012bv\u0101s sast\u0101vda\u013cas: GLIKOLISK\u0100BE 8%: dabiski sastopama sk\u0101be, kas ieg\u016bta no cukurniedr\u0113m un citiem augiem, tiek izmantota \u0101das p\u012blinga proced\u016br\u0101s, lai pie\u0161\u0137irtu sp\u012bdumu un gludumu. T\u0101s galven\u0101 darb\u012bba ir nov\u0113rst sejas \u0101das noveco\u0161anos, ko izraisa p\u0101rm\u0113r\u012bga atmiru\u0161o \u0161\u016bnu uzkr\u0101\u0161an\u0101s, kas sabiezina stratum corneum, k\u0101 ar\u012b kolag\u0113na un elast\u012bna ra\u017eo\u0161anas samazin\u0101\u0161an\u0101s, kas, novecojot, liek \u0101dai v\u0113l vair\u0101k zaud\u0113t mitrumu un elast\u012bba. Glikolsk\u0101bi lieto ar\u012b \u0101dai, kurai ir tum\u0161i plankumi, jo t\u0101 likvid\u0113 pigment\u0113t\u0101s \u0161\u016bnas, pak\u0101peniski izgaismojot sejas kr\u0101su. Uz taukainas \u0101das tas iedarbojas, no\u0146emot net\u012brumus, kas aizsprosto poras, normaliz\u0113jot tauku sekr\u0113ciju un samazinot p\u016bt\u012btes r\u0113tas.<\/p>\n<\/div>\n","protected":false},"excerpt":{"rendered":"<p>dr. kraut GLYCOLIC ACID STRONG PEELING \u0136\u012bmisks p\u012blings l\u012bdzeklis, kas atbr\u012bvo \u0101du no virspus\u0113j\u0101m atmiru\u0161aj\u0101m \u0161\u016bn\u0101m un veicina \u0101das atjauno\u0161anos, \u012bpa\u0161i indic\u0113ts \u0101das kop\u0161anai ar tum\u0161iem plankumiem un noveco\u0161an\u0101s paz\u012bm\u0113m. Glikolsk\u0101be 8% &#8211; TIKAI PROFESION\u0100LAI LIETO\u0160ANAI &#8211; VEG\u0100NU FORMULA &#8211; 92,26% Dab\u012bga P\u012blings uz glikolsk\u0101bes b\u0101zes ir p\u012blings, kas veicina \u0137\u012bmisko p\u012blingu, pal\u012bdzot atjaunot \u0101du un att\u012br\u012bt \u0101du. Glikolsk\u0101bes nogludino\u0161\u0101 iedarb\u012bba ir ide\u0101li piem\u0113rota tum\u0161o plankumu izgaismo\u0161anai, grumbu ra\u0161an\u0101s nov\u0113r\u0161anai un taukainas un net\u012bras \u0101das virsmas att\u012br\u012b\u0161anai. Tas ir lielisks sabiedrotais, lai \u0101rst\u0113tu p\u016bt\u012btes r\u0113tas, c\u012bn\u012btos ar hiperpigment\u0101ciju un saules&hellip;<\/p>\n","protected":false},"featured_media":797,"template":"","meta":[],"product_brand":[],"product_cat":[63],"product_tag":[],"class_list":{"0":"post-802","1":"product","2":"type-product","3":"status-publish","4":"has-post-thumbnail","6":"product_cat-kosmetologija","8":"first","9":"instock","10":"shipping-taxable","11":"purchasable","12":"product-type-simple"},"_links":{"self":[{"href":"https:\/\/www.happysunday.eu\/index.php?rest_route=\/wp\/v2\/product\/802","targetHints":{"allow":["GET"]}}],"collection":[{"href":"https:\/\/www.happysunday.eu\/index.php?rest_route=\/wp\/v2\/product"}],"about":[{"href":"https:\/\/www.happysunday.eu\/index.php?rest_route=\/wp\/v2\/types\/product"}],"wp:featuredmedia":[{"embeddable":true,"href":"https:\/\/www.happysunday.eu\/index.php?rest_route=\/wp\/v2\/media\/797"}],"wp:attachment":[{"href":"https:\/\/www.happysunday.eu\/index.php?rest_route=%2Fwp%2Fv2%2Fmedia&parent=802"}],"wp:term":[{"taxonomy":"product_brand","embeddable":true,"href":"https:\/\/www.happysunday.eu\/index.php?rest_route=%2Fwp%2Fv2%2Fproduct_brand&post=802"},{"taxonomy":"product_cat","embeddable":true,"href":"https:\/\/www.happysunday.eu\/index.php?rest_route=%2Fwp%2Fv2%2Fproduct_cat&post=802"},{"taxonomy":"product_tag","embeddable":true,"href":"https:\/\/www.happysunday.eu\/index.php?rest_route=%2Fwp%2Fv2%2Fproduct_tag&post=802"}],"curies":[{"name":"wp","href":"https:\/\/api.w.org\/{rel}","templated":true}]}}