{"id":803,"date":"2021-01-21T18:25:22","date_gmt":"2021-01-21T18:25:22","guid":{"rendered":"https:\/\/www.happysunday.eu\/?post_type=product&#038;p=803"},"modified":"2026-04-07T06:54:43","modified_gmt":"2026-04-07T06:54:43","slug":"azelaic-acid-derivative-purifying-6-5-30ml","status":"publish","type":"product","link":"https:\/\/www.happysunday.eu\/?product=azelaic-acid-derivative-purifying-6-5-30ml","title":{"rendered":"AZELA\u012aNSK\u0100BES P\u012aLINGS 6.5% 30ml"},"content":{"rendered":"<div id=\"product-title\">\n<p><span class=\"tlid-translation translation\" lang=\"lv\"><b>DR KRAUT <strong>AZELAIC ACID DERIVATIVE PURIFYING<\/strong><\/b>\u00a06,5%<\/span><\/p>\n<div class=\"result-shield-container tlid-copy-target\" tabindex=\"0\">\n<p>Izstr\u0101d\u0101ts, lai samazin\u0101tu p\u0101rm\u0113r\u012bgu sebuma veido\u0161anos, pal\u012bdz\u0113tu \u0101rst\u0113t p\u016bt\u012btes plankumus un att\u012br\u012btu kombin\u0113tu un taukainu \u0101du. P\u0113c lieto\u0161anas \u0101da izskat\u0101s mirdzo\u0161a un vesel\u012bga ar vienm\u0113r\u012bgu sejas kr\u0101su.<br \/>\nAzela\u012bnsk\u0101bes atvasin\u0101jums 6,5% &#8211; 86,85% Dab\u012bgs<\/p>\n<p>Azela\u012bnsk\u0101be\u00a0nov\u0113r\u0161 \u0101das nepiln\u012bbas, kas rodas p\u0101rm\u0113r\u012bgas sebuma ra\u017eo\u0161anas un net\u012brumu kl\u0101tb\u016btnes d\u0113\u013c uz \u0101das virsmas. Azela\u012bnsk\u0101bes atvasin\u0101jums nav tik kairino\u0161s k\u0101 parast\u0101 azela\u012bnsk\u0101be, kas ir neaizst\u0101jama \u012bpa\u0161\u012bba taukainai un aknes \u0101dai, kas jau t\u0101 ir \u013coti jut\u012bga un rea\u0123\u0113 uz kairino\u0161iem l\u012bdzek\u013ciem. Att\u012bro\u0161\u0101 darb\u012bba, kas to at\u0161\u0137ir, pal\u012bdz samazin\u0101t komedonu, p\u016bt\u012b\u0161u, izsitumu un sebuma kl\u0101tb\u016btni, uzlabojot \u0101das tekst\u016bru un kr\u0101su.<\/p>\n<\/div>\n<div tabindex=\"0\">Azela\u012bnsk\u0101be\u00a0ir paredz\u0113ta jauktai, taukainai un net\u012brai \u0101dai, kurai ir nepiln\u012bbas un lieks sebums. Azela\u012bnsk\u0101be nav fotosensibiliz\u0113jo\u0161a sk\u0101be, un to var lietot visu gadu (vasar\u0101 ieteicams lietot vakar\u0101). Tom\u0113r p\u0113c uzkl\u0101\u0161anas \u013coti ieteicams izmantot SPF aizsardz\u012bbas faktoru.<\/div>\n<div class=\"result-shield-container tlid-copy-target\" tabindex=\"0\">\n<p>&nbsp;<\/p>\n<\/div>\n<p>K\u0101 lietot:<\/p>\n<p>1. Lietojiet p\u0113c \u0101das t\u012br\u012b\u0161anas un \u017e\u0101v\u0113\u0161anas.<br \/>\n2. Uzkl\u0101jiet vieglu sl\u0101ni uz \u0101das virsmas, piev\u0113r\u0161ot uzman\u012bbu t\u0101d\u0101m delik\u0101taj\u0101m viet\u0101m k\u0101 acu kont\u016bra un l\u016bpu kont\u016bra.<br \/>\n3. Atst\u0101jiet iedarboties apm\u0113ram 5-15 min\u016btes un r\u016bp\u012bgi noskalojiet ar siltu \u016bdeni.<br \/>\n4. Uzkl\u0101jiet sejas kr\u0113mu ar mitrino\u0161u vai nomierino\u0161u darb\u012bbu.<br \/>\n5. Uzglab\u0101t b\u0113rniem nepieejam\u0101 viet\u0101.<br \/>\n6. Tikai \u0101r\u0113jai lieto\u0161anai.<\/p>\n<p>Profesion\u0101l\u0101 kosm\u0113tika kosmetolo\u0123iskaj\u0101m proced\u016br\u0101m.<\/p>\n<p>AZELAIC ACID atvasin\u0101jums 6,5%: sk\u0101be, kam rakstur\u012bga att\u012bro\u0161a funkcija, kas paredz\u0113ta taukainai un p\u016bt\u012btes \u0101dai, jo t\u0101 pal\u012bdz att\u012br\u012bt net\u012brumus, kas atrodas uz \u0101das virsmas un \u0101das por\u0101s. Sast\u0101v\u0101 izmantotajam azela\u012bnsk\u0101bes atvasin\u0101jumam ir t\u0101das pa\u0161as att\u012bro\u0161\u0101s un nomierino\u0161\u0101s \u012bpa\u0161\u012bbas k\u0101 azela\u012bnsk\u0101bei, ta\u010du to raksturo liel\u0101ka m\u012bkstino\u0161a \u012bpa\u0161\u012bba, kas ir piem\u0113rota pat visjut\u012bg\u0101k\u0101s \u0101das kop\u0161anai.<br \/>\nSORBITOLS: cukurs, ko satur daudzos aug\u013cos, piem\u0113ram, \u0101bolos, bumbieros un \u0137ir\u0161os, veic intens\u012bvu mitrin\u0101\u0161anas funkciju, lai nov\u0113rstu \u0101das sausumu.<\/p>\n<\/div>\n","protected":false},"excerpt":{"rendered":"<p>DR KRAUT AZELAIC ACID DERIVATIVE PURIFYING\u00a06,5% Izstr\u0101d\u0101ts, lai samazin\u0101tu p\u0101rm\u0113r\u012bgu sebuma veido\u0161anos, pal\u012bdz\u0113tu \u0101rst\u0113t p\u016bt\u012btes plankumus un att\u012br\u012btu kombin\u0113tu un taukainu \u0101du. P\u0113c lieto\u0161anas \u0101da izskat\u0101s mirdzo\u0161a un vesel\u012bga ar vienm\u0113r\u012bgu sejas kr\u0101su. Azela\u012bnsk\u0101bes atvasin\u0101jums 6,5% &#8211; 86,85% Dab\u012bgs Azela\u012bnsk\u0101be\u00a0nov\u0113r\u0161 \u0101das nepiln\u012bbas, kas rodas p\u0101rm\u0113r\u012bgas sebuma ra\u017eo\u0161anas un net\u012brumu kl\u0101tb\u016btnes d\u0113\u013c uz \u0101das virsmas. Azela\u012bnsk\u0101bes atvasin\u0101jums nav tik kairino\u0161s k\u0101 parast\u0101 azela\u012bnsk\u0101be, kas ir neaizst\u0101jama \u012bpa\u0161\u012bba taukainai un aknes \u0101dai, kas jau t\u0101 ir \u013coti jut\u012bga un rea\u0123\u0113 uz kairino\u0161iem l\u012bdzek\u013ciem. Att\u012bro\u0161\u0101 darb\u012bba, kas to at\u0161\u0137ir, pal\u012bdz samazin\u0101t komedonu, p\u016bt\u012b\u0161u,&hellip;<\/p>\n","protected":false},"featured_media":7744,"template":"","meta":[],"product_brand":[],"product_cat":[63],"product_tag":[],"class_list":{"0":"post-803","1":"product","2":"type-product","3":"status-publish","4":"has-post-thumbnail","6":"product_cat-kosmetologija","8":"first","9":"instock","10":"shipping-taxable","11":"purchasable","12":"product-type-simple"},"_links":{"self":[{"href":"https:\/\/www.happysunday.eu\/index.php?rest_route=\/wp\/v2\/product\/803","targetHints":{"allow":["GET"]}}],"collection":[{"href":"https:\/\/www.happysunday.eu\/index.php?rest_route=\/wp\/v2\/product"}],"about":[{"href":"https:\/\/www.happysunday.eu\/index.php?rest_route=\/wp\/v2\/types\/product"}],"wp:featuredmedia":[{"embeddable":true,"href":"https:\/\/www.happysunday.eu\/index.php?rest_route=\/wp\/v2\/media\/7744"}],"wp:attachment":[{"href":"https:\/\/www.happysunday.eu\/index.php?rest_route=%2Fwp%2Fv2%2Fmedia&parent=803"}],"wp:term":[{"taxonomy":"product_brand","embeddable":true,"href":"https:\/\/www.happysunday.eu\/index.php?rest_route=%2Fwp%2Fv2%2Fproduct_brand&post=803"},{"taxonomy":"product_cat","embeddable":true,"href":"https:\/\/www.happysunday.eu\/index.php?rest_route=%2Fwp%2Fv2%2Fproduct_cat&post=803"},{"taxonomy":"product_tag","embeddable":true,"href":"https:\/\/www.happysunday.eu\/index.php?rest_route=%2Fwp%2Fv2%2Fproduct_tag&post=803"}],"curies":[{"name":"wp","href":"https:\/\/api.w.org\/{rel}","templated":true}]}}