{"id":804,"date":"2021-01-21T18:32:35","date_gmt":"2021-01-21T18:32:35","guid":{"rendered":"https:\/\/www.happysunday.eu\/?post_type=product&#038;p=804"},"modified":"2026-04-07T06:54:43","modified_gmt":"2026-04-07T06:54:43","slug":"essential-oils-synergy-detox-draining-30ml","status":"publish","type":"product","link":"https:\/\/www.happysunday.eu\/?product=essential-oils-synergy-detox-draining-30ml","title":{"rendered":"DR KRAUT \u0112TERISKO E\u013b\u013bU KOMPLEKS 30ml"},"content":{"rendered":"<div id=\"product-title\">\n<p class=\"p1\"><span class=\"s1\">\u0160is unik\u0101lais mais\u012bjums apvieno lavandas, rozmar\u012bna un maijorana \u0113terisk\u0101s e\u013c\u013cas, kas paz\u012bstamas ar sav\u0101m att\u012bro\u0161aj\u0101m un nomierino\u0161aj\u0101m \u012bpa\u0161\u012bb\u0101m. Papildin\u0101ts ar mande\u013cu e\u013c\u013cu, azul\u0113nu un alfa-bisabololu, \u0161is produkts pal\u012bdz mazin\u0101t \u0101das kairin\u0101jumu un nodro\u0161ina dzi\u013cu relaks\u0101ciju gan \u0101dai, gan pr\u0101tam. <\/span><\/p>\n<h4><span class=\"s1\">Galven\u0101s \u012bpa\u0161\u012bbas<\/span><\/h4>\n<ul>\n<li>\n<p class=\"p1\"><span class=\"s1\">Nomierino\u0161s efekts:<\/span><span class=\"s2\"> Lavandas, rozmar\u012bna un maijorana \u0113terisk\u0101s e\u013c\u013cas pal\u012bdz mazin\u0101t \u0101das kairin\u0101jumu un aps\u0101rtumu.<\/span><\/p>\n<\/li>\n<li>\n<p class=\"p1\"><span class=\"s1\">\u0100das att\u012br\u012b\u0161ana:<\/span><span class=\"s2\"> Rozmar\u012bna e\u013c\u013ca pal\u012bdz att\u012br\u012bt poras un uzlabot \u0101das strukt\u016bru.<\/span><\/p>\n<\/li>\n<li>\n<p class=\"p1\"><span class=\"s1\">Dzi\u013ca relaks\u0101cija:<\/span><span class=\"s2\"> Maijorana un lavandas arom\u0101ts veicina relaks\u0101ciju un emocion\u0101lo l\u012bdzsvaru. <\/span><\/p>\n<\/li>\n<li>\n<p class=\"p1\"><span class=\"s1\">\u0100das baro\u0161ana:<\/span><span class=\"s2\"> Mande\u013cu e\u013c\u013ca bag\u0101tin\u0101ta ar vitam\u012bniem un tauksk\u0101b\u0113m, kas mitrina un baro \u0101du.<\/span><\/p>\n<\/li>\n<li>\n<p class=\"p1\"><span class=\"s1\">Maiga formula:<\/span><span class=\"s2\"> Piem\u0113rota visiem \u0101das tipiem, tostarp jut\u012bgai \u0101dai.<\/span><\/p>\n<\/li>\n<li><\/li>\n<\/ul>\n<h4><span class=\"s1\">Lieto\u0161ana<\/span><\/h4>\n<ol start=\"1\">\n<li>\n<p class=\"p1\"><span class=\"s1\">P\u0113c \u0101das att\u012br\u012b\u0161anas uzkl\u0101jiet da\u017eus pilienus e\u013c\u013cas uz sejas.<\/span><\/p>\n<\/li>\n<li>\n<p class=\"p1\"><span class=\"s1\">Maigi iemas\u0113jiet, l\u012bdz produkts piln\u012bb\u0101 uzs\u016bcas.<\/span><\/p>\n<\/li>\n<li>\n<p class=\"p1\"><span class=\"s1\">No\u0146emiet lieko e\u013c\u013cu ar salveti, ja nepiecie\u0161ams.<\/span><\/p>\n<\/li>\n<li>\n<p class=\"p1\"><span class=\"s1\">Turpiniet ar ierasto \u0101das kop\u0161anas rut\u012bnu. <\/span><\/p>\n<\/li>\n<\/ol>\n<p class=\"p1\"><span class=\"s5\">Tikai \u0101r\u012bgai lieto\u0161anai. Izvair\u012bties no saskares ar ac\u012bm. Sarg\u0101t no b\u0113rniem.<\/span><\/p>\n<p>&nbsp;<\/p>\n<h4><span class=\"s1\">Sast\u0101vda\u013cas (INCI)<\/span><\/h4>\n<p class=\"p1\"><span class=\"s1\">PRUNUS AMYGDALUS DULCIS OIL, OCTYLDODECANOL, LAVANDULA ANGUSTIFOLIA OIL, ROSMARINUS OFFICINALIS LEAF OIL, SALVIA SCLAREA FLOWER\/LEAF\/STEM OIL, BISABOLOL, GUAIAZULENE, GERANIOL, CITRAL, LIMONENE, LINALOOL, COUMARIN <\/span><\/p>\n<hr \/>\n<p>&nbsp;<\/p>\n<p class=\"p1\"><span class=\"s1\">\u0160is produkts ir ide\u0101li piem\u0113rots tiem, kas mekl\u0113 dabisku veidu, k\u0101 nomierin\u0101t \u0101du un veicin\u0101t relaks\u0101ciju. Piem\u0113rots lieto\u0161anai gan profesion\u0101los skaistumkop\u0161anas salonos, gan m\u0101jas apst\u0101k\u013cos. <\/span><\/p>\n<\/div>\n","protected":false},"excerpt":{"rendered":"<p>\u0160is unik\u0101lais mais\u012bjums apvieno lavandas, rozmar\u012bna un maijorana \u0113terisk\u0101s e\u013c\u013cas, kas paz\u012bstamas ar sav\u0101m att\u012bro\u0161aj\u0101m un nomierino\u0161aj\u0101m \u012bpa\u0161\u012bb\u0101m. Papildin\u0101ts ar mande\u013cu e\u013c\u013cu, azul\u0113nu un alfa-bisabololu, \u0161is produkts pal\u012bdz mazin\u0101t \u0101das kairin\u0101jumu un nodro\u0161ina dzi\u013cu relaks\u0101ciju gan \u0101dai, gan pr\u0101tam. Galven\u0101s \u012bpa\u0161\u012bbas Nomierino\u0161s efekts: Lavandas, rozmar\u012bna un maijorana \u0113terisk\u0101s e\u013c\u013cas pal\u012bdz mazin\u0101t \u0101das kairin\u0101jumu un aps\u0101rtumu. \u0100das att\u012br\u012b\u0161ana: Rozmar\u012bna e\u013c\u013ca pal\u012bdz att\u012br\u012bt poras un uzlabot \u0101das strukt\u016bru. Dzi\u013ca relaks\u0101cija: Maijorana un lavandas arom\u0101ts veicina relaks\u0101ciju un emocion\u0101lo l\u012bdzsvaru. \u0100das baro\u0161ana: Mande\u013cu e\u013c\u013ca bag\u0101tin\u0101ta ar vitam\u012bniem un tauksk\u0101b\u0113m, kas mitrina un baro&hellip;<\/p>\n","protected":false},"featured_media":7741,"template":"","meta":[],"product_brand":[],"product_cat":[73,63,58],"product_tag":[],"class_list":{"0":"post-804","1":"product","2":"type-product","3":"status-publish","4":"has-post-thumbnail","6":"product_cat-masaza","7":"product_cat-kosmetologija","8":"product_cat-super-sale","10":"first","11":"instock","12":"shipping-taxable","13":"purchasable","14":"product-type-simple"},"_links":{"self":[{"href":"https:\/\/www.happysunday.eu\/index.php?rest_route=\/wp\/v2\/product\/804","targetHints":{"allow":["GET"]}}],"collection":[{"href":"https:\/\/www.happysunday.eu\/index.php?rest_route=\/wp\/v2\/product"}],"about":[{"href":"https:\/\/www.happysunday.eu\/index.php?rest_route=\/wp\/v2\/types\/product"}],"wp:featuredmedia":[{"embeddable":true,"href":"https:\/\/www.happysunday.eu\/index.php?rest_route=\/wp\/v2\/media\/7741"}],"wp:attachment":[{"href":"https:\/\/www.happysunday.eu\/index.php?rest_route=%2Fwp%2Fv2%2Fmedia&parent=804"}],"wp:term":[{"taxonomy":"product_brand","embeddable":true,"href":"https:\/\/www.happysunday.eu\/index.php?rest_route=%2Fwp%2Fv2%2Fproduct_brand&post=804"},{"taxonomy":"product_cat","embeddable":true,"href":"https:\/\/www.happysunday.eu\/index.php?rest_route=%2Fwp%2Fv2%2Fproduct_cat&post=804"},{"taxonomy":"product_tag","embeddable":true,"href":"https:\/\/www.happysunday.eu\/index.php?rest_route=%2Fwp%2Fv2%2Fproduct_tag&post=804"}],"curies":[{"name":"wp","href":"https:\/\/api.w.org\/{rel}","templated":true}]}}