{"id":805,"date":"2021-01-21T18:40:47","date_gmt":"2021-01-21T18:40:47","guid":{"rendered":"https:\/\/www.happysunday.eu\/?post_type=product&#038;p=805"},"modified":"2026-04-07T06:54:42","modified_gmt":"2026-04-07T06:54:42","slug":"vitamin-c-30ml","status":"publish","type":"product","link":"https:\/\/www.happysunday.eu\/?product=vitamin-c-30ml","title":{"rendered":"Vitamin C 30ml"},"content":{"rendered":"<div id=\"product-title\">\n<p><strong>Vitamin C vectorized <\/strong>Sp\u0113c\u012bgs antioksidants, C vitam\u012bns vektoriz\u0113ts.<\/p>\n<p>Serums ar augstu C vitam\u012bna saturu sil\u012bcija organisk\u0101 atvasin\u0101juma form\u0101. \u0160\u0101ds savienojums stabiliz\u0113 C vitam\u012bnu un nov\u0113r\u0161 oksid\u0101ciju.<br \/>\nTas efekt\u012bvi neitraliz\u0113 br\u012bvos radik\u0101\u013cus, iedarbina kolag\u0113na sint\u0113zes meh\u0101nismus un stiprina \u0101das im\u016bnsist\u0113mu. C vitam\u012bns veicina \u0101tru vecuma plankumu izgaismo\u0161anu, padarot \u0101du vesel\u012bgu un mirdzo\u0161u. Kombin\u0101cij\u0101 ar E vitam\u012bnu tai ir izteikta anti-noveco\u0161an\u0101s iedarb\u012bba. \u0160is produkts ir ieteicams hiperpigment\u0101cijas, p\u016bt\u012btes nov\u0113r\u0161anai, nobriedu\u0161as \u0101das aizsardz\u012bbai un atjauno\u0161anai.<\/p>\n<ul>\n<li>&#8211; man\u0101mi izgaismo \u0101du un l\u012bdzsvaro t\u0101s toni<\/li>\n<li>&#8211; samazina pigment\u0101ciju, ko izrais\u012bju\u0161i noveco\u0161an\u0101s procesi<\/li>\n<li>&#8211; atjauno \u0101das vitalit\u0101ti un padara to glud\u0101ku<\/li>\n<li>&#8211; aizkav\u0113 grumbu un citu noveco\u0161an\u0101s paz\u012bmju ra\u0161anos<\/li>\n<li>&#8211; antioksid\u0113jo\u0161a iedarb\u012bba, neitraliz\u0113 br\u012bvo radik\u0101\u013cu iedarb\u012bbu<\/li>\n<li>&#8211; paaugstina kolag\u0113na sint\u0113zi \u0101d\u0101 un padara to elast\u012bg\u0101ku<\/li>\n<li>&#8211; \u00a0sniedz \u0101dai nepiecie\u0161amo mitrin\u0101\u0161anu<\/li>\n<li><\/li>\n<\/ul>\n<p>Lieto\u0161ana: Maigi iemas\u0113jiet aptuveni 3-5 seruma pilienus toniz\u0113t\u0101 sejas un kakla \u0101d\u0101. Varat uzkl\u0101t ar\u012b uz \u0101das ap ac\u012bm, iev\u0113rojot att\u0101lumu 3\u20135 mm no acs. Lietojiet divas reizes dien\u0101: no r\u012bta un vakar\u0101.<\/p>\n<p>Akt\u012bv\u0101s sast\u0101vda\u013cas: C vitam\u012bna sil\u012bcija atvasin\u0101jumi.<\/p>\n<\/div>\n","protected":false},"excerpt":{"rendered":"<p>Vitamin C vectorized Sp\u0113c\u012bgs antioksidants, C vitam\u012bns vektoriz\u0113ts. Serums ar augstu C vitam\u012bna saturu sil\u012bcija organisk\u0101 atvasin\u0101juma form\u0101. \u0160\u0101ds savienojums stabiliz\u0113 C vitam\u012bnu un nov\u0113r\u0161 oksid\u0101ciju. Tas efekt\u012bvi neitraliz\u0113 br\u012bvos radik\u0101\u013cus, iedarbina kolag\u0113na sint\u0113zes meh\u0101nismus un stiprina \u0101das im\u016bnsist\u0113mu. C vitam\u012bns veicina \u0101tru vecuma plankumu izgaismo\u0161anu, padarot \u0101du vesel\u012bgu un mirdzo\u0161u. Kombin\u0101cij\u0101 ar E vitam\u012bnu tai ir izteikta anti-noveco\u0161an\u0101s iedarb\u012bba. \u0160is produkts ir ieteicams hiperpigment\u0101cijas, p\u016bt\u012btes nov\u0113r\u0161anai, nobriedu\u0161as \u0101das aizsardz\u012bbai un atjauno\u0161anai. &#8211; man\u0101mi izgaismo \u0101du un l\u012bdzsvaro t\u0101s toni &#8211; samazina pigment\u0101ciju, ko izrais\u012bju\u0161i noveco\u0161an\u0101s procesi &#8211; atjauno \u0101das&hellip;<\/p>\n","protected":false},"featured_media":7742,"template":"","meta":[],"product_brand":[],"product_cat":[63],"product_tag":[],"class_list":{"0":"post-805","1":"product","2":"type-product","3":"status-publish","4":"has-post-thumbnail","6":"product_cat-kosmetologija","8":"first","9":"instock","10":"shipping-taxable","11":"purchasable","12":"product-type-simple"},"_links":{"self":[{"href":"https:\/\/www.happysunday.eu\/index.php?rest_route=\/wp\/v2\/product\/805","targetHints":{"allow":["GET"]}}],"collection":[{"href":"https:\/\/www.happysunday.eu\/index.php?rest_route=\/wp\/v2\/product"}],"about":[{"href":"https:\/\/www.happysunday.eu\/index.php?rest_route=\/wp\/v2\/types\/product"}],"wp:featuredmedia":[{"embeddable":true,"href":"https:\/\/www.happysunday.eu\/index.php?rest_route=\/wp\/v2\/media\/7742"}],"wp:attachment":[{"href":"https:\/\/www.happysunday.eu\/index.php?rest_route=%2Fwp%2Fv2%2Fmedia&parent=805"}],"wp:term":[{"taxonomy":"product_brand","embeddable":true,"href":"https:\/\/www.happysunday.eu\/index.php?rest_route=%2Fwp%2Fv2%2Fproduct_brand&post=805"},{"taxonomy":"product_cat","embeddable":true,"href":"https:\/\/www.happysunday.eu\/index.php?rest_route=%2Fwp%2Fv2%2Fproduct_cat&post=805"},{"taxonomy":"product_tag","embeddable":true,"href":"https:\/\/www.happysunday.eu\/index.php?rest_route=%2Fwp%2Fv2%2Fproduct_tag&post=805"}],"curies":[{"name":"wp","href":"https:\/\/api.w.org\/{rel}","templated":true}]}}