{"id":806,"date":"2021-01-21T18:43:05","date_gmt":"2021-01-21T18:43:05","guid":{"rendered":"https:\/\/www.happysunday.eu\/?post_type=product&#038;p=806"},"modified":"2026-04-07T06:54:42","modified_gmt":"2026-04-07T06:54:42","slug":"hyaluronic-acid-antiage-3-30ml","status":"publish","type":"product","link":"https:\/\/www.happysunday.eu\/?product=hyaluronic-acid-antiage-3-30ml","title":{"rendered":"HYALURONIC ACID ANTI-AGE SERUMS SEJAI 3% 30ml"},"content":{"rendered":"<div id=\"product-title\">\n<h3><span class=\"s1\">Dr. Kraut Hialuronsk\u0101bes Pret-noveco\u0161an\u0101s Sejas Serums 3% \u2013 30 ml<\/span><\/h3>\n<p class=\"p3\"><span class=\"s2\">Intens\u012bvs pret-noveco\u0161an\u0101s serums ar 3% hialuronsk\u0101bes koncentr\u0101ciju, kas nodro\u0161ina dzi\u013cu \u0101das mitrin\u0101\u0161anu, uzlabo t\u0101s elast\u012bbu un samazina smalko l\u012bniju un krunci\u0146u izskatu. Seruma sast\u0101v\u0101 eso\u0161\u0101s akt\u012bv\u0101s sast\u0101vda\u013cas, piem\u0113ram, hialuronsk\u0101be ar augstu molekulmasu, tripept\u012bdi un oligoelementi, darbojas siner\u0123iski, lai veicin\u0101tu kolag\u0113na sint\u0113zi un uzlabotu \u0101das tvirtumu. Papildus sast\u0101v\u0101 iek\u013caut\u0101 Damaskas ro\u017eu \u016bdens un neroli ziedu \u016bdens sniedz antioksidantu aizsardz\u012bbu un nomierina \u0101du. <\/span><\/p>\n<p class=\"p1\">\n<h4><span class=\"s1\">Galven\u0101s \u012bpa\u0161\u012bbas:<\/span><\/h4>\n<ul>\n<li>\n<p class=\"p1\"><span class=\"s1\">Dzi\u013ca mitrin\u0101\u0161ana:<\/span><span class=\"s2\"> Hialuronsk\u0101be ar augstu molekulmasu veido aizsargpl\u0113vi uz \u0101das virsmas, samazinot \u016bdens zudumu un nodro\u0161inot ilgsto\u0161u mitrin\u0101\u0161anu.<\/span><\/p>\n<\/li>\n<li>\n<p class=\"p1\"><span class=\"s1\">Pret-noveco\u0161an\u0101s efekts:<\/span><span class=\"s2\"> Tripept\u012bdi stimul\u0113 kolag\u0113na ra\u017eo\u0161anu, uzlabojot \u0101das elast\u012bbu un samazinot grumbu veido\u0161anos. <\/span><\/p>\n<\/li>\n<li>\n<p class=\"p1\"><span class=\"s1\">\u0100das tonusa uzlabo\u0161ana:<\/span><span class=\"s2\"> Oligoelementi, piem\u0113ram, mang\u0101na, magnija, vara un cinka aspart\u0101ti, piedal\u0101s \u0101das \u0161\u016bnu biolo\u0123iskajos procesos, veicinot vesel\u012bgu \u0101das izskatu. <\/span><\/p>\n<\/li>\n<li>\n<p class=\"p1\"><span class=\"s1\">Nomierino\u0161a iedarb\u012bba:<\/span><span class=\"s2\"> Damaskas ro\u017eu un neroli ziedu \u016bde\u0146i nodro\u0161ina antioksidantu aizsardz\u012bbu un pal\u012bdz nomierin\u0101t kairin\u0101tu \u0101du. <\/span><\/p>\n<\/li>\n<\/ul>\n<p>&nbsp;<\/p>\n<p class=\"p1\">\n<h4><span class=\"s1\">Lieto\u0161ana:<\/span><\/h4>\n<p class=\"p3\"><span class=\"s2\">Uzkl\u0101jiet da\u017eus pilienus seruma uz t\u012bras sejas un kakla \u0101das no r\u012bta un vakar\u0101. Maigi iemas\u0113jiet l\u012bdz piln\u012bgai uzs\u016bk\u0161an\u0101s. P\u0113c tam uzkl\u0101jiet savu ierasto sejas kr\u0113mu. <\/span><\/p>\n<h4><\/h4>\n<p class=\"p3\"><span class=\"s2\">\u0160is serums ir piem\u0113rots visiem \u0101das tipiem, \u012bpa\u0161i nobriedu\u0161ai un sausai \u0101dai. Regul\u0101ra lieto\u0161ana pal\u012bdz\u0113s saglab\u0101t \u0101das mitruma l\u012bdzsvaru, uzlabos t\u0101s elast\u012bbu un samazin\u0101s noveco\u0161an\u0101s paz\u012bmes. <\/span><\/p>\n<\/div>\n","protected":false},"excerpt":{"rendered":"<p>Dr. Kraut Hialuronsk\u0101bes Pret-noveco\u0161an\u0101s Sejas Serums 3% \u2013 30 ml Intens\u012bvs pret-noveco\u0161an\u0101s serums ar 3% hialuronsk\u0101bes koncentr\u0101ciju, kas nodro\u0161ina dzi\u013cu \u0101das mitrin\u0101\u0161anu, uzlabo t\u0101s elast\u012bbu un samazina smalko l\u012bniju un krunci\u0146u izskatu. Seruma sast\u0101v\u0101 eso\u0161\u0101s akt\u012bv\u0101s sast\u0101vda\u013cas, piem\u0113ram, hialuronsk\u0101be ar augstu molekulmasu, tripept\u012bdi un oligoelementi, darbojas siner\u0123iski, lai veicin\u0101tu kolag\u0113na sint\u0113zi un uzlabotu \u0101das tvirtumu. Papildus sast\u0101v\u0101 iek\u013caut\u0101 Damaskas ro\u017eu \u016bdens un neroli ziedu \u016bdens sniedz antioksidantu aizsardz\u012bbu un nomierina \u0101du. Galven\u0101s \u012bpa\u0161\u012bbas: Dzi\u013ca mitrin\u0101\u0161ana: Hialuronsk\u0101be ar augstu molekulmasu veido aizsargpl\u0113vi uz \u0101das virsmas, samazinot \u016bdens zudumu un nodro\u0161inot ilgsto\u0161u&hellip;<\/p>\n","protected":false},"featured_media":7846,"template":"","meta":[],"product_brand":[],"product_cat":[71,63],"product_tag":[],"class_list":{"0":"post-806","1":"product","2":"type-product","3":"status-publish","4":"has-post-thumbnail","6":"product_cat-davanas","7":"product_cat-kosmetologija","9":"first","10":"instock","11":"shipping-taxable","12":"purchasable","13":"product-type-simple"},"_links":{"self":[{"href":"https:\/\/www.happysunday.eu\/index.php?rest_route=\/wp\/v2\/product\/806","targetHints":{"allow":["GET"]}}],"collection":[{"href":"https:\/\/www.happysunday.eu\/index.php?rest_route=\/wp\/v2\/product"}],"about":[{"href":"https:\/\/www.happysunday.eu\/index.php?rest_route=\/wp\/v2\/types\/product"}],"wp:featuredmedia":[{"embeddable":true,"href":"https:\/\/www.happysunday.eu\/index.php?rest_route=\/wp\/v2\/media\/7846"}],"wp:attachment":[{"href":"https:\/\/www.happysunday.eu\/index.php?rest_route=%2Fwp%2Fv2%2Fmedia&parent=806"}],"wp:term":[{"taxonomy":"product_brand","embeddable":true,"href":"https:\/\/www.happysunday.eu\/index.php?rest_route=%2Fwp%2Fv2%2Fproduct_brand&post=806"},{"taxonomy":"product_cat","embeddable":true,"href":"https:\/\/www.happysunday.eu\/index.php?rest_route=%2Fwp%2Fv2%2Fproduct_cat&post=806"},{"taxonomy":"product_tag","embeddable":true,"href":"https:\/\/www.happysunday.eu\/index.php?rest_route=%2Fwp%2Fv2%2Fproduct_tag&post=806"}],"curies":[{"name":"wp","href":"https:\/\/api.w.org\/{rel}","templated":true}]}}