{"id":827,"date":"2021-01-23T13:52:27","date_gmt":"2021-01-23T13:52:27","guid":{"rendered":"https:\/\/www.happysunday.eu\/?post_type=product&#038;p=827"},"modified":"2026-04-07T06:54:42","modified_gmt":"2026-04-07T06:54:42","slug":"cleansing-milk-make-up-remover-face-eyes-200ml","status":"publish","type":"product","link":"https:\/\/www.happysunday.eu\/?product=cleansing-milk-make-up-remover-face-eyes-200ml","title":{"rendered":"ATT\u012aRO\u0160S PIENI\u0145\u0160 SEJAI VISIEM \u0100DU TIPIEM 200ml"},"content":{"rendered":"<div id=\"product-title\">\n<p><strong>Cleansing Milk Make-Up Remover Face-Eyes. <\/strong>Tas maigi un dzi\u013ci no\u0146em piesar\u0146ojumus un dekorat\u012bvo kosm\u0113tiku no sejas, ac\u012bm un l\u016bp\u0101m. Tas respekt\u0113 dabisko \u0101das l\u012bdzsvaru un atst\u0101j \u0101du svaigu, z\u012bdainu un mirdzo\u0161u, sagatavojot to sa\u0146emt v\u0113l\u0101k lietoto produktu funkcion\u0101l\u0101s sast\u0101vda\u013cas. Ide\u0101li piem\u0113rots ikdienas lieto\u0161anai gan no r\u012bta, gan vakar\u0101.<\/p>\n<p>Lieto\u0161ana: uzkl\u0101jiet ar rok\u0101m vai ar kokvilnas spilventi\u0146u uz sejas, kakla, ac\u012bm un l\u016bp\u0101m. Viegli iemas\u0113jiet un noskalojiet ar siltu \u016bdeni. Uzkl\u0101jiet Rose Tonic Comfort Balancing.<\/p>\n<p>Funkcion\u0101l\u0101s sast\u0101vda\u013cas: j\u016bras kolag\u0113ns &#8211; mitrina, saldo mande\u013cu e\u013c\u013ca &#8211; elast\u012bba, kumel\u012bte &#8211; nomierina.<\/p>\n<p>Oftalmolo\u0123iski p\u0101rbaud\u012bts.<\/p>\n<p>Dermatolo\u0123iski p\u0101rbaud\u012bts.<\/p>\n<\/div>\n","protected":false},"excerpt":{"rendered":"<p>Cleansing Milk Make-Up Remover Face-Eyes. Tas maigi un dzi\u013ci no\u0146em piesar\u0146ojumus un dekorat\u012bvo kosm\u0113tiku no sejas, ac\u012bm un l\u016bp\u0101m. Tas respekt\u0113 dabisko \u0101das l\u012bdzsvaru un atst\u0101j \u0101du svaigu, z\u012bdainu un mirdzo\u0161u, sagatavojot to sa\u0146emt v\u0113l\u0101k lietoto produktu funkcion\u0101l\u0101s sast\u0101vda\u013cas. Ide\u0101li piem\u0113rots ikdienas lieto\u0161anai gan no r\u012bta, gan vakar\u0101. Lieto\u0161ana: uzkl\u0101jiet ar rok\u0101m vai ar kokvilnas spilventi\u0146u uz sejas, kakla, ac\u012bm un l\u016bp\u0101m. Viegli iemas\u0113jiet un noskalojiet ar siltu \u016bdeni. Uzkl\u0101jiet Rose Tonic Comfort Balancing. Funkcion\u0101l\u0101s sast\u0101vda\u013cas: j\u016bras kolag\u0113ns &#8211; mitrina, saldo mande\u013cu e\u013c\u013ca &#8211; elast\u012bba, kumel\u012bte &#8211; nomierina. Oftalmolo\u0123iski p\u0101rbaud\u012bts.&hellip;<\/p>\n","protected":false},"featured_media":858,"template":"","meta":[],"product_brand":[],"product_cat":[63],"product_tag":[],"class_list":{"0":"post-827","1":"product","2":"type-product","3":"status-publish","4":"has-post-thumbnail","6":"product_cat-kosmetologija","8":"first","9":"instock","10":"shipping-taxable","11":"purchasable","12":"product-type-simple"},"_links":{"self":[{"href":"https:\/\/www.happysunday.eu\/index.php?rest_route=\/wp\/v2\/product\/827","targetHints":{"allow":["GET"]}}],"collection":[{"href":"https:\/\/www.happysunday.eu\/index.php?rest_route=\/wp\/v2\/product"}],"about":[{"href":"https:\/\/www.happysunday.eu\/index.php?rest_route=\/wp\/v2\/types\/product"}],"wp:featuredmedia":[{"embeddable":true,"href":"https:\/\/www.happysunday.eu\/index.php?rest_route=\/wp\/v2\/media\/858"}],"wp:attachment":[{"href":"https:\/\/www.happysunday.eu\/index.php?rest_route=%2Fwp%2Fv2%2Fmedia&parent=827"}],"wp:term":[{"taxonomy":"product_brand","embeddable":true,"href":"https:\/\/www.happysunday.eu\/index.php?rest_route=%2Fwp%2Fv2%2Fproduct_brand&post=827"},{"taxonomy":"product_cat","embeddable":true,"href":"https:\/\/www.happysunday.eu\/index.php?rest_route=%2Fwp%2Fv2%2Fproduct_cat&post=827"},{"taxonomy":"product_tag","embeddable":true,"href":"https:\/\/www.happysunday.eu\/index.php?rest_route=%2Fwp%2Fv2%2Fproduct_tag&post=827"}],"curies":[{"name":"wp","href":"https:\/\/api.w.org\/{rel}","templated":true}]}}