{"id":8372,"date":"2025-08-03T19:33:09","date_gmt":"2025-08-03T19:33:09","guid":{"rendered":"https:\/\/www.happysunday.eu\/?post_type=product&#038;p=8372"},"modified":"2026-04-03T06:00:36","modified_gmt":"2026-04-03T06:00:36","slug":"acu-krems-ar-glutationu-15ml","status":"publish","type":"product","link":"https:\/\/www.happysunday.eu\/?product=acu-krems-ar-glutationu-15ml","title":{"rendered":"ACU KR\u0112MS AR GLUTATIONU 12ml"},"content":{"rendered":"<div id=\"product-title\">\n<p class=\"p1\"><span class=\"s1\">Priek\u0161roc\u012bbas:<\/span><\/p>\n<p class=\"p1\"><span class=\"s2\">Acu kr\u0113ms, bag\u0101tin\u0101ts ar 1000 ppm traneks\u0101msk\u0101bes un glutationa, lai uzlabotu tum\u0161o loku un vasarraibumu izskatu zem ac\u012bm, padarot acu zonu gai\u0161\u0101ku un kopt\u0101ku.<\/span><\/p>\n<p class=\"p1\"><span class=\"s2\">Sp\u0113c\u012bgais antioksidants glutations un \u0101du izgaismojo\u0161\u0101 traneks\u0101msk\u0101be kav\u0113 melan\u012bna sint\u0113zi, atdz\u012bvinot noguru\u0161as acis un pie\u0161\u0137irot t\u0101m mirdzumu.<\/span><\/p>\n<p class=\"p1\"><span class=\"s2\">Satur C vitam\u012bnu, kas uzlabo vasarraibumu izskatu un veicina kolag\u0113na veido\u0161anos.<\/span><\/p>\n<p class=\"p1\"><span class=\"s2\">Sast\u0101v\u0101 tikai EWG apstiprin\u0101tas za\u013c\u0101 l\u012bme\u0146a sast\u0101vda\u013cas.<\/span><\/p>\n<p class=\"p1\"><span class=\"s2\">Dermatolo\u0123iski p\u0101rbaud\u012bts.<\/span><\/p>\n<p class=\"p1\"><span class=\"s1\">Lieto\u0161ana:<\/span><\/p>\n<ol start=\"1\">\n<li>\n<p class=\"p1\"><span class=\"s1\">Izspiediet nelielu daudzumu produkta uz zeltne\u0161a un uzkl\u0101jiet ap acu zonu. Maigi iemas\u0113jiet ar pirkstu galiem, l\u012bdz produkts ies\u016bcas.<\/span><\/p>\n<\/li>\n<li>\n<p class=\"p1\"><span class=\"s1\">Lietot no r\u012bta un vakar\u0101.<\/span><\/p>\n<\/li>\n<\/ol>\n<p>&nbsp;<\/p>\n<\/div>\n","protected":false},"excerpt":{"rendered":"<p>Priek\u0161roc\u012bbas: Acu kr\u0113ms, bag\u0101tin\u0101ts ar 1000 ppm traneks\u0101msk\u0101bes un glutationa, lai uzlabotu tum\u0161o loku un vasarraibumu izskatu zem ac\u012bm, padarot acu zonu gai\u0161\u0101ku un kopt\u0101ku. Sp\u0113c\u012bgais antioksidants glutations un \u0101du izgaismojo\u0161\u0101 traneks\u0101msk\u0101be kav\u0113 melan\u012bna sint\u0113zi, atdz\u012bvinot noguru\u0161as acis un pie\u0161\u0137irot t\u0101m mirdzumu. Satur C vitam\u012bnu, kas uzlabo vasarraibumu izskatu un veicina kolag\u0113na veido\u0161anos. Sast\u0101v\u0101 tikai EWG apstiprin\u0101tas za\u013c\u0101 l\u012bme\u0146a sast\u0101vda\u013cas. Dermatolo\u0123iski p\u0101rbaud\u012bts. Lieto\u0161ana: Izspiediet nelielu daudzumu produkta uz zeltne\u0161a un uzkl\u0101jiet ap acu zonu. Maigi iemas\u0113jiet ar pirkstu galiem, l\u012bdz produkts ies\u016bcas. Lietot no r\u012bta un vakar\u0101. &nbsp;<\/p>\n","protected":false},"featured_media":8373,"template":"","meta":[],"product_brand":[],"product_cat":[71,63,58],"product_tag":[],"class_list":{"0":"post-8372","1":"product","2":"type-product","3":"status-publish","4":"has-post-thumbnail","6":"product_cat-davanas","7":"product_cat-kosmetologija","8":"product_cat-super-sale","10":"first","11":"instock","12":"sale","13":"shipping-taxable","14":"purchasable","15":"product-type-simple"},"_links":{"self":[{"href":"https:\/\/www.happysunday.eu\/index.php?rest_route=\/wp\/v2\/product\/8372","targetHints":{"allow":["GET"]}}],"collection":[{"href":"https:\/\/www.happysunday.eu\/index.php?rest_route=\/wp\/v2\/product"}],"about":[{"href":"https:\/\/www.happysunday.eu\/index.php?rest_route=\/wp\/v2\/types\/product"}],"wp:featuredmedia":[{"embeddable":true,"href":"https:\/\/www.happysunday.eu\/index.php?rest_route=\/wp\/v2\/media\/8373"}],"wp:attachment":[{"href":"https:\/\/www.happysunday.eu\/index.php?rest_route=%2Fwp%2Fv2%2Fmedia&parent=8372"}],"wp:term":[{"taxonomy":"product_brand","embeddable":true,"href":"https:\/\/www.happysunday.eu\/index.php?rest_route=%2Fwp%2Fv2%2Fproduct_brand&post=8372"},{"taxonomy":"product_cat","embeddable":true,"href":"https:\/\/www.happysunday.eu\/index.php?rest_route=%2Fwp%2Fv2%2Fproduct_cat&post=8372"},{"taxonomy":"product_tag","embeddable":true,"href":"https:\/\/www.happysunday.eu\/index.php?rest_route=%2Fwp%2Fv2%2Fproduct_tag&post=8372"}],"curies":[{"name":"wp","href":"https:\/\/api.w.org\/{rel}","templated":true}]}}