{"id":859,"date":"2021-01-23T14:09:19","date_gmt":"2021-01-23T14:09:19","guid":{"rendered":"https:\/\/www.happysunday.eu\/?post_type=product&#038;p=859"},"modified":"2026-04-09T14:33:33","modified_gmt":"2026-04-09T14:33:33","slug":"cleansing-milk-make-up-remover-face-eyes-500ml","status":"publish","type":"product","link":"https:\/\/www.happysunday.eu\/?product=cleansing-milk-make-up-remover-face-eyes-500ml","title":{"rendered":"ATT\u012aRO\u0160S PIENI\u0145\u0160 SEJAI VISIEM \u0100DU TIPIEM 500ml"},"content":{"rendered":"<div id=\"product-title\">\n<p><strong>VERDEOASI Cleansing Milk Make-Up Remover Face-Eyes. <\/strong>Tas maigi un dzi\u013ci no\u0146em piesar\u0146ojumus un dekorat\u012bvo kosm\u0113tiku no sejas, ac\u012bm un l\u016bp\u0101m. Tas respekt\u0113 dabisko \u0101das l\u012bdzsvaru un atst\u0101j \u0101du svaigu, z\u012bdainu un mirdzo\u0161u, sagatavojot to sa\u0146emt v\u0113l\u0101k lietoto produktu funkcion\u0101l\u0101s sast\u0101vda\u013cas. Ide\u0101li piem\u0113rots ikdienas lieto\u0161anai gan no r\u012bta, gan vakar\u0101.<\/p>\n<p>Kr\u0113m\u012bga un aptvero\u0161a tekst\u016bra, kas no\u0146em dekorat\u012bvo kosm\u0113tiku no sejas, kakla, ac\u012bm un l\u016bp\u0101m.<br \/>\n94,13% dab\u012bgs<\/p>\n<p>Lieto\u0161ana: uzkl\u0101jiet ar rok\u0101m vai ar kokvilnas spilventi\u0146u uz sejas, kakla, ac\u012bm un l\u016bp\u0101m. Viegli iemas\u0113jiet un noskalojiet ar siltu \u016bdeni. Uzkl\u0101jiet Rose Tonic Comfort Balancing.<\/p>\n<p>Funkcion\u0101l\u0101s sast\u0101vda\u013cas:<\/p>\n<p>SALDO MANDE\u013bU E\u013b\u013bA: ieg\u016bta, auksti spie\u017eot sald\u0101s mandeles, t\u0101 ir bag\u0101ta ar t\u0101diem mikroelementiem k\u0101 linolsk\u0101be un D vitam\u012bns, kas noder \u0101das elast\u012bbas saglab\u0101\u0161anai. Tas pal\u012bdz uztur\u0113t dabisko \u0101das l\u012bdzsvaru t\u012br\u012b\u0161anas laik\u0101.<br \/>\nJ\u016aRAS KOLAG\u0112NS: dabiska j\u016bras izcelsme, pateicoties t\u0101s t\u012br\u012bbai, tai ir iev\u0113rojama afinit\u0101te ar cilv\u0113ka kolag\u0113na strukt\u016bru. Tas pie\u0161\u0137ir \u0101das virsmai glud\u0101ku un kupl\u0101ku izskatu.<br \/>\nKumel\u012b\u0161u ekstrakts: ieg\u016bts no Chamomilla Recutita ziediem, auga, kas paz\u012bstams ar savu nomierino\u0161o \u012bpa\u0161\u012bbu<\/p>\n<p>Oftalmolo\u0123iski p\u0101rbaud\u012bts.<\/p>\n<p>Dermatolo\u0123iski p\u0101rbaud\u012bts.<\/p>\n<\/div>\n","protected":false},"excerpt":{"rendered":"<p>VERDEOASI Cleansing Milk Make-Up Remover Face-Eyes. Tas maigi un dzi\u013ci no\u0146em piesar\u0146ojumus un dekorat\u012bvo kosm\u0113tiku no sejas, ac\u012bm un l\u016bp\u0101m. Tas respekt\u0113 dabisko \u0101das l\u012bdzsvaru un atst\u0101j \u0101du svaigu, z\u012bdainu un mirdzo\u0161u, sagatavojot to sa\u0146emt v\u0113l\u0101k lietoto produktu funkcion\u0101l\u0101s sast\u0101vda\u013cas. Ide\u0101li piem\u0113rots ikdienas lieto\u0161anai gan no r\u012bta, gan vakar\u0101. Kr\u0113m\u012bga un aptvero\u0161a tekst\u016bra, kas no\u0146em dekorat\u012bvo kosm\u0113tiku no sejas, kakla, ac\u012bm un l\u016bp\u0101m. 94,13% dab\u012bgs Lieto\u0161ana: uzkl\u0101jiet ar rok\u0101m vai ar kokvilnas spilventi\u0146u uz sejas, kakla, ac\u012bm un l\u016bp\u0101m. Viegli iemas\u0113jiet un noskalojiet ar siltu \u016bdeni. Uzkl\u0101jiet Rose Tonic Comfort&hellip;<\/p>\n","protected":false},"featured_media":857,"template":"","meta":[],"product_brand":[],"product_cat":[63],"product_tag":[],"class_list":{"0":"post-859","1":"product","2":"type-product","3":"status-publish","4":"has-post-thumbnail","6":"product_cat-kosmetologija","8":"first","9":"instock","10":"shipping-taxable","11":"purchasable","12":"product-type-simple"},"_links":{"self":[{"href":"https:\/\/www.happysunday.eu\/index.php?rest_route=\/wp\/v2\/product\/859","targetHints":{"allow":["GET"]}}],"collection":[{"href":"https:\/\/www.happysunday.eu\/index.php?rest_route=\/wp\/v2\/product"}],"about":[{"href":"https:\/\/www.happysunday.eu\/index.php?rest_route=\/wp\/v2\/types\/product"}],"wp:featuredmedia":[{"embeddable":true,"href":"https:\/\/www.happysunday.eu\/index.php?rest_route=\/wp\/v2\/media\/857"}],"wp:attachment":[{"href":"https:\/\/www.happysunday.eu\/index.php?rest_route=%2Fwp%2Fv2%2Fmedia&parent=859"}],"wp:term":[{"taxonomy":"product_brand","embeddable":true,"href":"https:\/\/www.happysunday.eu\/index.php?rest_route=%2Fwp%2Fv2%2Fproduct_brand&post=859"},{"taxonomy":"product_cat","embeddable":true,"href":"https:\/\/www.happysunday.eu\/index.php?rest_route=%2Fwp%2Fv2%2Fproduct_cat&post=859"},{"taxonomy":"product_tag","embeddable":true,"href":"https:\/\/www.happysunday.eu\/index.php?rest_route=%2Fwp%2Fv2%2Fproduct_tag&post=859"}],"curies":[{"name":"wp","href":"https:\/\/api.w.org\/{rel}","templated":true}]}}