{"id":860,"date":"2021-01-23T14:10:10","date_gmt":"2021-01-23T14:10:10","guid":{"rendered":"https:\/\/www.happysunday.eu\/?post_type=product&#038;p=860"},"modified":"2026-04-07T06:54:42","modified_gmt":"2026-04-07T06:54:42","slug":"rose-tonic-comfort-balancing-200ml","status":"publish","type":"product","link":"https:\/\/www.happysunday.eu\/?product=rose-tonic-comfort-balancing-200ml","title":{"rendered":"ATSVAIDZINO\u0160S SEJAS TONIKS 200ml"},"content":{"rendered":"<div id=\"product-title\">\n<p><strong>VERDEOASI Rose Tonic Comfort Balancing.<\/strong><\/p>\n<p style=\"font-weight: 400;\">Tas atjauno dabisko \u0101das pH un mitruma l\u012bmeni p\u0113c saskarsmes ar \u016bdeni. Tas pie\u0161\u0137ir tonusu, spilgtumu un intens\u012bvu \u0101das komforta un svaiguma saj\u016btu, nomierina kairin\u0101jumu un aps\u0101rtumu.<\/p>\n<p>Atsvaidzina un l\u012bdzsvaro \u0101du p\u0113c att\u012br\u012b\u0161anas, no\u0146emot jebk\u0101dus net\u012brumu atlikumus un dekorat\u012bvo kosm\u0113tiku. Tas pie\u0161\u0137ir \u0101dai tonusu, spilgtumu un intens\u012bvu komforta un svaiguma saj\u016btu, nomierina kairin\u0101jumu un aps\u0101rtumu.<br \/>\n96,62% dab\u012bgs<\/p>\n<p>Lieto\u0161ana: izsmidziniet tie\u0161i uz sejas vai uzkl\u0101jiet ar kokvilnas spilventi\u0146u p\u0113c t\u012br\u012b\u0161anas ar Cleansing Milk Make-Up Remover sejas ac\u012bm vai jebkur\u0101 laik\u0101, kad \u0101dai ir nepiecie\u0161ama vitalit\u0101te un svaigums. Izvairieties no saskares ar ac\u012bm.<\/p>\n<p style=\"font-weight: 400;\">RO\u017d\u016aDENS: Tam ir nomierino\u0161a un savelko\u0161a iedarb\u012bba, vienlaikus padarot \u0101du elast\u012bgu un toniz\u0113tu ilg\u0101ku laiku.<\/p>\n<p style=\"font-weight: 400;\">HIALURONSK\u0100BE: augstas molekulmasas hialuronsk\u0101be \u013cauj izveidot vienm\u0113r\u012bgu un elast\u012bgu pl\u0113vi uz \u0101das virsmas. Tas nov\u0113r\u0161 \u0101das sausumu, pie\u0161\u0137irot \u0101dai gludumu un tvirtumu.<\/p>\n<p style=\"font-weight: 400;\">CENTELLAS EKSTRAKTS: nomierina iekaisumus, pa\u0101trina br\u016b\u010du un r\u0113tu sadz\u012b\u0161anu, mazina psori\u0101zes simptomus, stimul\u0113 jaunu \u0161\u016bnu aug\u0161anu, veido kolag\u0113nu.<\/p>\n<p>Dermatolo\u0123iski p\u0101rbaud\u012bts.<\/p>\n<\/div>\n","protected":false},"excerpt":{"rendered":"<p>VERDEOASI Rose Tonic Comfort Balancing. Tas atjauno dabisko \u0101das pH un mitruma l\u012bmeni p\u0113c saskarsmes ar \u016bdeni. Tas pie\u0161\u0137ir tonusu, spilgtumu un intens\u012bvu \u0101das komforta un svaiguma saj\u016btu, nomierina kairin\u0101jumu un aps\u0101rtumu. Atsvaidzina un l\u012bdzsvaro \u0101du p\u0113c att\u012br\u012b\u0161anas, no\u0146emot jebk\u0101dus net\u012brumu atlikumus un dekorat\u012bvo kosm\u0113tiku. Tas pie\u0161\u0137ir \u0101dai tonusu, spilgtumu un intens\u012bvu komforta un svaiguma saj\u016btu, nomierina kairin\u0101jumu un aps\u0101rtumu. 96,62% dab\u012bgs Lieto\u0161ana: izsmidziniet tie\u0161i uz sejas vai uzkl\u0101jiet ar kokvilnas spilventi\u0146u p\u0113c t\u012br\u012b\u0161anas ar Cleansing Milk Make-Up Remover sejas ac\u012bm vai jebkur\u0101 laik\u0101, kad \u0101dai ir nepiecie\u0161ama vitalit\u0101te un&hellip;<\/p>\n","protected":false},"featured_media":856,"template":"","meta":[],"product_brand":[],"product_cat":[63],"product_tag":[],"class_list":{"0":"post-860","1":"product","2":"type-product","3":"status-publish","4":"has-post-thumbnail","6":"product_cat-kosmetologija","8":"first","9":"instock","10":"shipping-taxable","11":"purchasable","12":"product-type-simple"},"_links":{"self":[{"href":"https:\/\/www.happysunday.eu\/index.php?rest_route=\/wp\/v2\/product\/860","targetHints":{"allow":["GET"]}}],"collection":[{"href":"https:\/\/www.happysunday.eu\/index.php?rest_route=\/wp\/v2\/product"}],"about":[{"href":"https:\/\/www.happysunday.eu\/index.php?rest_route=\/wp\/v2\/types\/product"}],"wp:featuredmedia":[{"embeddable":true,"href":"https:\/\/www.happysunday.eu\/index.php?rest_route=\/wp\/v2\/media\/856"}],"wp:attachment":[{"href":"https:\/\/www.happysunday.eu\/index.php?rest_route=%2Fwp%2Fv2%2Fmedia&parent=860"}],"wp:term":[{"taxonomy":"product_brand","embeddable":true,"href":"https:\/\/www.happysunday.eu\/index.php?rest_route=%2Fwp%2Fv2%2Fproduct_brand&post=860"},{"taxonomy":"product_cat","embeddable":true,"href":"https:\/\/www.happysunday.eu\/index.php?rest_route=%2Fwp%2Fv2%2Fproduct_cat&post=860"},{"taxonomy":"product_tag","embeddable":true,"href":"https:\/\/www.happysunday.eu\/index.php?rest_route=%2Fwp%2Fv2%2Fproduct_tag&post=860"}],"curies":[{"name":"wp","href":"https:\/\/api.w.org\/{rel}","templated":true}]}}