{"id":871,"date":"2021-01-23T14:39:45","date_gmt":"2021-01-23T14:39:45","guid":{"rendered":"https:\/\/www.happysunday.eu\/?post_type=product&#038;p=871"},"modified":"2026-04-07T06:54:41","modified_gmt":"2026-04-07T06:54:41","slug":"eyes-contour-gel-lifting-effect-15ml","status":"publish","type":"product","link":"https:\/\/www.happysunday.eu\/?product=eyes-contour-gel-lifting-effect-15ml","title":{"rendered":"ACU KR\u0112MGELS AR LIFTINGA EFEKTU 15ml"},"content":{"rendered":"<div id=\"product-title\">\n<p><strong>VERDEOASI Eyes Contour Gel LIfting* Effect 15ml<\/strong><\/p>\n<p>Veicina t\u016bl\u012bt\u0113ju liftinga efektu, samazinot acu kont\u016bras grumbas. Svaiga g\u0113la tekst\u016bra uzreiz sajauc un mitrina \u0101du, pie\u0161\u0137irot gludu izskatu. Izskats ir svaigs un mirdzo\u0161s visas dienas garum\u0101.<br \/>\n98,80% dab\u012bgs<\/p>\n<p>Acu kont\u016bru \u017eeleja ir ide\u0101li piem\u0113rota visu vecumu \u0101dai. Jauna \u0101da to var izmantot, lai atv\u0113rtu un padar\u012btu gai\u0161\u0101kus acis vai pie\u0161\u0137irtu atp\u016bt\u012bg\u0101ku izskatu. Nobriedusi \u0101da to var izmantot, lai redzami izl\u012bdzin\u0101tu grumbas un izteiksmes l\u012bnijas.<\/p>\n<p>Lieto\u0161ana: uzkl\u0101jiet uz acu kont\u016bras un viegli uzsitiet no iek\u0161\u0113j\u0101 l\u012bdz \u0101r\u0113jam st\u016brim. Izvairieties no tie\u0161as saskares ar ac\u012bm.<\/p>\n<p>Funkcion\u0101l\u0101s sast\u0101vda\u013cas:<\/p>\n<p>HIALURONSK\u0100BE: \u0161aj\u0101 sast\u0101v\u0101 var atrast augstas molekulmasas hialuronsk\u0101bi, kas \u013cauj izveidot vienm\u0113r\u012bgu un elast\u012bgu pl\u0113vi uz \u0101das virsmas. Tas nov\u0113r\u0161 \u0101das sausumu, pie\u0161\u0137irot \u0101dai gludumu un kompaktumu.<br \/>\nLIFTINGA KOMPLEKSS: sojas un ak\u0101cijas ekstrakts: veicina \u0101tru pretnoveco\u0161an\u0101s darb\u012bbu, nov\u0113r\u0161ot \u0101das noveco\u0161an\u0101s paz\u012bmes. Tas uzreiz uzlabo \u0101das toni, padarot to jaun\u0101ku un kompakt\u0101ku.<br \/>\nKaralisk\u0101 \u017eeleja: bi\u0161u karalienes bar\u012bba, tai ir \u012bpa\u0161i parastas pretnoveco\u0161an\u0101s \u012bpa\u0161\u012bbas, kas uzlabo \u0101das toni un elast\u012bbu. Bag\u0101ts ar antioksidantiem pal\u012bdz nov\u0113rst \u0101das noveco\u0161anos un nov\u0113rst grumbu veido\u0161anos.<\/p>\n<p>* Pier\u0101d\u012bta cel\u0161anas darb\u012bba &#8211; dermatolo\u0123iski p\u0101rbaud\u012bta<\/p>\n<p>Oftalmolo\u0123iski p\u0101rbaud\u012bts.<\/p>\n<p>Dermatolo\u0123iski p\u0101rbaud\u012bts.<\/p>\n<\/div>\n","protected":false},"excerpt":{"rendered":"<p>VERDEOASI Eyes Contour Gel LIfting* Effect 15ml Veicina t\u016bl\u012bt\u0113ju liftinga efektu, samazinot acu kont\u016bras grumbas. Svaiga g\u0113la tekst\u016bra uzreiz sajauc un mitrina \u0101du, pie\u0161\u0137irot gludu izskatu. Izskats ir svaigs un mirdzo\u0161s visas dienas garum\u0101. 98,80% dab\u012bgs Acu kont\u016bru \u017eeleja ir ide\u0101li piem\u0113rota visu vecumu \u0101dai. Jauna \u0101da to var izmantot, lai atv\u0113rtu un padar\u012btu gai\u0161\u0101kus acis vai pie\u0161\u0137irtu atp\u016bt\u012bg\u0101ku izskatu. Nobriedusi \u0101da to var izmantot, lai redzami izl\u012bdzin\u0101tu grumbas un izteiksmes l\u012bnijas. Lieto\u0161ana: uzkl\u0101jiet uz acu kont\u016bras un viegli uzsitiet no iek\u0161\u0113j\u0101 l\u012bdz \u0101r\u0113jam st\u016brim. Izvairieties no tie\u0161as saskares ar&hellip;<\/p>\n","protected":false},"featured_media":847,"template":"","meta":[],"product_brand":[],"product_cat":[63],"product_tag":[],"class_list":{"0":"post-871","1":"product","2":"type-product","3":"status-publish","4":"has-post-thumbnail","6":"product_cat-kosmetologija","8":"first","9":"instock","10":"shipping-taxable","11":"purchasable","12":"product-type-simple"},"_links":{"self":[{"href":"https:\/\/www.happysunday.eu\/index.php?rest_route=\/wp\/v2\/product\/871","targetHints":{"allow":["GET"]}}],"collection":[{"href":"https:\/\/www.happysunday.eu\/index.php?rest_route=\/wp\/v2\/product"}],"about":[{"href":"https:\/\/www.happysunday.eu\/index.php?rest_route=\/wp\/v2\/types\/product"}],"wp:featuredmedia":[{"embeddable":true,"href":"https:\/\/www.happysunday.eu\/index.php?rest_route=\/wp\/v2\/media\/847"}],"wp:attachment":[{"href":"https:\/\/www.happysunday.eu\/index.php?rest_route=%2Fwp%2Fv2%2Fmedia&parent=871"}],"wp:term":[{"taxonomy":"product_brand","embeddable":true,"href":"https:\/\/www.happysunday.eu\/index.php?rest_route=%2Fwp%2Fv2%2Fproduct_brand&post=871"},{"taxonomy":"product_cat","embeddable":true,"href":"https:\/\/www.happysunday.eu\/index.php?rest_route=%2Fwp%2Fv2%2Fproduct_cat&post=871"},{"taxonomy":"product_tag","embeddable":true,"href":"https:\/\/www.happysunday.eu\/index.php?rest_route=%2Fwp%2Fv2%2Fproduct_tag&post=871"}],"curies":[{"name":"wp","href":"https:\/\/api.w.org\/{rel}","templated":true}]}}