{"id":873,"date":"2021-01-23T14:52:41","date_gmt":"2021-01-23T14:52:41","guid":{"rendered":"https:\/\/www.happysunday.eu\/?post_type=product&#038;p=873"},"modified":"2026-04-01T10:13:57","modified_gmt":"2026-04-01T10:13:57","slug":"hydrating-lip-balm15ml-copy","status":"publish","type":"product","link":"https:\/\/www.happysunday.eu\/?product=hydrating-lip-balm15ml-copy","title":{"rendered":"MAT\u0112TA EFEKTA SEJAS KR\u0112MS TAUKAINAI \u0100DAI 50ml"},"content":{"rendered":"<div id=\"product-title\">\n<p><strong>VERDEOASI <b>HYDRO-PURIFYING CREAM MATT EFFECT<\/b><\/strong>.<\/p>\n<p>Tas uztur dabisko lip\u012bdu l\u012bdzsvaru \u0101d\u0101, samazinot nepiln\u012bbas un saglab\u0101jot sp\u012bd\u012bgu efektu. Tas atst\u0101j \u0101du maigu, svaigu un vienm\u0113r\u012bgu.<br \/>\n71,77% dab\u012bgs<\/p>\n<p>Svaigs un viegls kr\u0113ms, kas \u0101tri ies\u016bcas, sast\u0101v no sast\u0101vda\u013c\u0101m, kas pal\u012bdz uztur\u0113t dabisko lip\u012bdu l\u012bdzsvaru. Tam ir mat\u0113jo\u0161a, nomierino\u0161a un pretaps\u0101rtuma iedarb\u012bba, un t\u0101 nov\u0113r\u0161 melngalvju un net\u012brumu veido\u0161anos, jo sast\u0101v\u0101 ir izmantotas nekomedog\u0113nas e\u013c\u013cas.<\/p>\n<p>Ide\u0101li piem\u0113rots jaunai \u0101dai, kas bie\u017ei ir pak\u013cauta net\u012brumiem un sp\u012bd\u012bgai T zonai, k\u0101 ar\u012b visu vecumu jauktai un taukainai \u0101dai, kurai nepiecie\u0161ams viegls kr\u0113ms ar mitrino\u0161u un mat\u0113jo\u0161u funkciju.<\/p>\n<p>Lieto\u0161ana:<\/p>\n<p>1. Uzkl\u0101jiet no r\u012bta uz perfekti att\u012br\u012btas sejas un kakla.<br \/>\n2. Turpiniet ar dekorat\u012bv\u0101s kosm\u0113tikas uzkl\u0101\u0161anu.<\/p>\n<p>Funkcion\u0101l\u0101s sast\u0101vda\u013cas:<\/p>\n<p>AZELAISK\u0100BES ATvasin\u0101jums: daudzfunkcion\u0101la sast\u0101vda\u013ca, kas uztur dabisko sebuma veido\u0161anos, pal\u012bdzot nov\u0113rst p\u0101rprodukciju, kas rada pretest\u0113tiski sp\u012bd\u012bgus laukumus uz \u0101das virsmas. Pateicoties t\u0101s mitrino\u0161ajai un elast\u012bgajai darb\u012bbai, tas uzlabo \u0101das tonusu, tekst\u016bru un tvirtumu. Tam ir ar\u012b izgaismojo\u0161a aktivit\u0101te, kas uzlabo \u0101das mirdzumu, padarot to gai\u0161\u0101ku.<br \/>\nH VITAM\u012aNS: paz\u012bstams ar\u012b k\u0101 biot\u012bns, ir svar\u012bgs vitam\u012bns, kas var uztur\u0113t dabisko \u0101das sebuma veido\u0161anos un pal\u012bdz\u0113t stiprin\u0101t \u0101das aizsargbarjeru. Tas padara \u0101du kompaktu, aizsarg\u0101tu un l\u012bdzsvarotu.<\/p>\n<p>Dermatolo\u0123iski p\u0101rbaud\u012bts.<\/p>\n<\/div>\n","protected":false},"excerpt":{"rendered":"<p>VERDEOASI HYDRO-PURIFYING CREAM MATT EFFECT. Tas uztur dabisko lip\u012bdu l\u012bdzsvaru \u0101d\u0101, samazinot nepiln\u012bbas un saglab\u0101jot sp\u012bd\u012bgu efektu. Tas atst\u0101j \u0101du maigu, svaigu un vienm\u0113r\u012bgu. 71,77% dab\u012bgs Svaigs un viegls kr\u0113ms, kas \u0101tri ies\u016bcas, sast\u0101v no sast\u0101vda\u013c\u0101m, kas pal\u012bdz uztur\u0113t dabisko lip\u012bdu l\u012bdzsvaru. Tam ir mat\u0113jo\u0161a, nomierino\u0161a un pretaps\u0101rtuma iedarb\u012bba, un t\u0101 nov\u0113r\u0161 melngalvju un net\u012brumu veido\u0161anos, jo sast\u0101v\u0101 ir izmantotas nekomedog\u0113nas e\u013c\u013cas. Ide\u0101li piem\u0113rots jaunai \u0101dai, kas bie\u017ei ir pak\u013cauta net\u012brumiem un sp\u012bd\u012bgai T zonai, k\u0101 ar\u012b visu vecumu jauktai un taukainai \u0101dai, kurai nepiecie\u0161ams viegls kr\u0113ms ar mitrino\u0161u un&hellip;<\/p>\n","protected":false},"featured_media":846,"template":"","meta":[],"product_brand":[],"product_cat":[63,58],"product_tag":[],"class_list":{"0":"post-873","1":"product","2":"type-product","3":"status-publish","4":"has-post-thumbnail","6":"product_cat-kosmetologija","7":"product_cat-super-sale","9":"first","10":"instock","11":"sale","12":"shipping-taxable","13":"purchasable","14":"product-type-simple"},"_links":{"self":[{"href":"https:\/\/www.happysunday.eu\/index.php?rest_route=\/wp\/v2\/product\/873","targetHints":{"allow":["GET"]}}],"collection":[{"href":"https:\/\/www.happysunday.eu\/index.php?rest_route=\/wp\/v2\/product"}],"about":[{"href":"https:\/\/www.happysunday.eu\/index.php?rest_route=\/wp\/v2\/types\/product"}],"wp:featuredmedia":[{"embeddable":true,"href":"https:\/\/www.happysunday.eu\/index.php?rest_route=\/wp\/v2\/media\/846"}],"wp:attachment":[{"href":"https:\/\/www.happysunday.eu\/index.php?rest_route=%2Fwp%2Fv2%2Fmedia&parent=873"}],"wp:term":[{"taxonomy":"product_brand","embeddable":true,"href":"https:\/\/www.happysunday.eu\/index.php?rest_route=%2Fwp%2Fv2%2Fproduct_brand&post=873"},{"taxonomy":"product_cat","embeddable":true,"href":"https:\/\/www.happysunday.eu\/index.php?rest_route=%2Fwp%2Fv2%2Fproduct_cat&post=873"},{"taxonomy":"product_tag","embeddable":true,"href":"https:\/\/www.happysunday.eu\/index.php?rest_route=%2Fwp%2Fv2%2Fproduct_tag&post=873"}],"curies":[{"name":"wp","href":"https:\/\/api.w.org\/{rel}","templated":true}]}}