{"id":8746,"date":"2025-11-19T14:16:00","date_gmt":"2025-11-19T14:16:00","guid":{"rendered":"https:\/\/www.happysunday.eu\/?post_type=product&#038;p=8746"},"modified":"2026-04-07T07:08:18","modified_gmt":"2026-04-07T07:08:18","slug":"pasiedeguma-celojuma-komplekts","status":"publish","type":"product","link":"https:\/\/www.happysunday.eu\/?product=pasiedeguma-celojuma-komplekts","title":{"rendered":"PA\u0160IEDEGUMA CE\u013bOJUMA KOMPLEKTS"},"content":{"rendered":"<div id=\"product-title\">\n<p class=\"p1\"><span class=\"s1\">PERFEKTS TAVAI SOMAI VAI \u010cEMOD\u0100NAM!<\/span><\/p>\n<p class=\"p1\"><span class=\"s2\">Atkl\u0101j ide\u0101lu iedegumu ce\u013cojuma izm\u0113r\u0101 \u2014 jo skaistumam nekad nevajadz\u0113tu tevi aizkav\u0113t.<\/span><\/p>\n<p class=\"p1\"><span class=\"s2\">Jauna smidzin\u0101\u0161anas tehnolo\u0123ija: str\u016bklas izsmidzin\u0101\u0161anas sist\u0113ma, viegli lietojama bez \u012bpa\u0161as apm\u0101c\u012bbas.<\/span><\/p>\n<p class=\"p1\"><span class=\"s2\">Ide\u0101li piem\u0113rota tiem, kuri v\u0113las iepaz\u012bt m\u016bsu iedeguma pasauli.<\/span><\/p>\n<p class=\"p1\"><span class=\"s2\">Skaistums ce\u013c\u0101: \u0101tri, vienk\u0101r\u0161i, perfekti.<\/span><\/p>\n<ul>\n<li class=\"p1\"><span class=\"s1\">&#8211; 75 ml <\/span><span class=\"s2\">Sejas un \u0137erme\u0146a iedeguma sprejs nevainojamai t\u016bl\u012bt\u0113jai kr\u0101sai<\/span><\/li>\n<\/ul>\n<p class=\"p1\"><span class=\"s2\">(pateicoties dab\u012bgajam zeltaini bronzajam pigmentam), <\/span><span class=\"s2\">kas saglab\u0101jas l\u012bdz pat 4 dien\u0101m (pateicoties DHA). <\/span><span class=\"s2\">mande\u013cu, \u0137ir\u0161u un vani\u013cas arom\u0101ts. <\/span><span class=\"s2\">Bag\u0101tin\u0101ts ar <\/span><span class=\"s1\">MATRIXYL\u2122<\/span><span class=\"s2\"> pretnoveco\u0161an\u0101s oligopept\u012bdu, <\/span><span class=\"s2\">kas pal\u012bdz uzlabot \u0101das toni un elast\u012bbu.<\/span><\/p>\n<p>&nbsp;<\/p>\n<ul>\n<li class=\"p1\"><span class=\"s1\">&#8211; 75 ml <\/span><span class=\"s2\">Ide\u0101ls p\u0113c vannas vai du\u0161as, k\u0101 ar\u012b p\u0113c epil\u0101cijas, pateicoties t\u0101 m\u012bkstino\u0161aj\u0101m \u012bpa\u0161\u012bb\u0101m. Bag\u0101tin\u0101ts ar <\/span><span class=\"s1\">PROTEASYL\u00ae<\/span><span class=\"s2\">augu kompleksu ar liftinga efektu, kas nodro\u0161ina dubultu \u2013 pretatbr\u012bvojo\u0161u un nostiprino\u0161u \u2013 iedarb\u012bbu uz \u0101du. <\/span><span class=\"s1\">Glam Body Mousse<\/span><span class=\"s2\"> no <\/span><span class=\"s3\">That\u2019so<\/span><span class=\"s2\"> ieskauj \u0101du ar maigu arom\u0101tu ar mande\u013cu, \u0137ir\u0161u un vani\u013cas not\u012bm, pie\u0161\u0137irot \u0101dai dabisku zeltainu iedegumu (pateicoties 6% DHA).<\/span><\/li>\n<li><\/li>\n<\/ul>\n<p class=\"p1\"><span class=\"s1\">IEDZEDZIN\u0100\u0160ANAS CIMDS <\/span><span class=\"s2\">Vienm\u0113r\u012bgai un nevainojamai iedeguma l\u012bdzek\u013ca uzkl\u0101\u0161anai. <\/span><span class=\"s2\">Divpus\u0113js cimds: viena puse paredz\u0113ta vieglai \u0101das eksfoli\u0101cijai un sagatavo\u0161anai proced\u016brai, bet otra \u2014 ar z\u012bdainu efektu perfekti gludai produkta uzkl\u0101\u0161anai.<\/span><\/p>\n<p>&nbsp;<\/p>\n<\/div>\n","protected":false},"excerpt":{"rendered":"<p>PERFEKTS TAVAI SOMAI VAI \u010cEMOD\u0100NAM! Atkl\u0101j ide\u0101lu iedegumu ce\u013cojuma izm\u0113r\u0101 \u2014 jo skaistumam nekad nevajadz\u0113tu tevi aizkav\u0113t. Jauna smidzin\u0101\u0161anas tehnolo\u0123ija: str\u016bklas izsmidzin\u0101\u0161anas sist\u0113ma, viegli lietojama bez \u012bpa\u0161as apm\u0101c\u012bbas. Ide\u0101li piem\u0113rota tiem, kuri v\u0113las iepaz\u012bt m\u016bsu iedeguma pasauli. Skaistums ce\u013c\u0101: \u0101tri, vienk\u0101r\u0161i, perfekti. &#8211; 75 ml Sejas un \u0137erme\u0146a iedeguma sprejs nevainojamai t\u016bl\u012bt\u0113jai kr\u0101sai (pateicoties dab\u012bgajam zeltaini bronzajam pigmentam), kas saglab\u0101jas l\u012bdz pat 4 dien\u0101m (pateicoties DHA). mande\u013cu, \u0137ir\u0161u un vani\u013cas arom\u0101ts. Bag\u0101tin\u0101ts ar MATRIXYL\u2122 pretnoveco\u0161an\u0101s oligopept\u012bdu, kas pal\u012bdz uzlabot \u0101das toni un elast\u012bbu. &nbsp; &#8211; 75 ml Ide\u0101ls p\u0113c vannas&hellip;<\/p>\n","protected":false},"featured_media":8747,"template":"","meta":[],"product_brand":[],"product_cat":[71,33,58,83],"product_tag":[],"class_list":{"0":"post-8746","1":"product","2":"type-product","3":"status-publish","4":"has-post-thumbnail","6":"product_cat-davanas","7":"product_cat-uncategorized","8":"product_cat-super-sale","9":"product_cat-that-so","11":"first","12":"instock","13":"sale","14":"shipping-taxable","15":"purchasable","16":"product-type-simple"},"_links":{"self":[{"href":"https:\/\/www.happysunday.eu\/index.php?rest_route=\/wp\/v2\/product\/8746","targetHints":{"allow":["GET"]}}],"collection":[{"href":"https:\/\/www.happysunday.eu\/index.php?rest_route=\/wp\/v2\/product"}],"about":[{"href":"https:\/\/www.happysunday.eu\/index.php?rest_route=\/wp\/v2\/types\/product"}],"wp:featuredmedia":[{"embeddable":true,"href":"https:\/\/www.happysunday.eu\/index.php?rest_route=\/wp\/v2\/media\/8747"}],"wp:attachment":[{"href":"https:\/\/www.happysunday.eu\/index.php?rest_route=%2Fwp%2Fv2%2Fmedia&parent=8746"}],"wp:term":[{"taxonomy":"product_brand","embeddable":true,"href":"https:\/\/www.happysunday.eu\/index.php?rest_route=%2Fwp%2Fv2%2Fproduct_brand&post=8746"},{"taxonomy":"product_cat","embeddable":true,"href":"https:\/\/www.happysunday.eu\/index.php?rest_route=%2Fwp%2Fv2%2Fproduct_cat&post=8746"},{"taxonomy":"product_tag","embeddable":true,"href":"https:\/\/www.happysunday.eu\/index.php?rest_route=%2Fwp%2Fv2%2Fproduct_tag&post=8746"}],"curies":[{"name":"wp","href":"https:\/\/api.w.org\/{rel}","templated":true}]}}