{"id":877,"date":"2021-01-25T19:44:44","date_gmt":"2021-01-25T19:44:44","guid":{"rendered":"https:\/\/www.happysunday.eu\/?post_type=product&#038;p=877"},"modified":"2026-04-07T06:55:51","modified_gmt":"2026-04-07T06:55:51","slug":"supreme-cream-anti-wrinkles-reshaping-50ml","status":"publish","type":"product","link":"https:\/\/www.happysunday.eu\/?product=supreme-cream-anti-wrinkles-reshaping-50ml","title":{"rendered":"VERDEOASI PEPTIDES Supreme Cream Anti-Wrinkles Reshaping 50ml"},"content":{"rendered":"<div id=\"product-title\">\n<p><strong>Supreme Cream Anti-Wrinkles Reshaping* <\/strong><\/p>\n<p><strong>Augsta pept\u012bdu koncentr\u0101cija stimul\u0113 elast\u012bna un kolag\u0113na sint\u0113zi \u0101d\u0101, kas ir \u013coti svar\u012bgi sejas kont\u016bru pievilk\u0161anai. Dienas kr\u0113ms pasarg\u0101 \u0101du no br\u012bvajiem radik\u0101liem, kuri pa\u0101trina noveco\u0161an\u0101s procesus \u0101d\u0101. Hialuronsk\u0101be kr\u0113ma sast\u0101v\u0101 pal\u012bdz ilgsto\u0161i saglab\u0101t mitruma l\u012bdzsvaru \u0101d\u0101.\u00a0<\/strong>Tas nostiprina un atjauno \u0101du, ziedojot intens\u012bvu un redzamu antiage darb\u012bbu. Tas iedarbojas tie\u0161i uz dzi\u013c\u0101m grumb\u0101m un izteiksmes l\u012bnij\u0101m, pie\u0161\u0137irot sejai jaunu stingr\u012bbu un toni.<\/p>\n<p>Lieto\u0161ana: no r\u012bta un nakt\u012b uzkl\u0101jiet uz piln\u012bgi att\u012br\u012btas sejas un kakla \u0101das.<\/p>\n<p>Funkcion\u0101l\u0101s sast\u0101vda\u013cas: Tripept\u012bds &#8211; p\u0101rveido\u0161ana, Lifting Complex &#8211; pier\u0101d\u012bta liftinga darb\u012bba, Fibronekt\u012bna pept\u012bdi &#8211; pret grumb\u0101m, E vitam\u012bna acet\u0101ts &#8211; antioksidants, Macadamia Bio Oil &#8211; baro, sau\u013co\u0161an\u0101s aizsardz\u012bba pret UVA un UVB stariem.<\/p>\n<p>* Pier\u0101d\u012bta cel\u0161anas darb\u012bba.<\/p>\n<p>Dermatolo\u0123iski p\u0101rbaud\u012bts.<\/p>\n<\/div>\n","protected":false},"excerpt":{"rendered":"<p>Supreme Cream Anti-Wrinkles Reshaping* Augsta pept\u012bdu koncentr\u0101cija stimul\u0113 elast\u012bna un kolag\u0113na sint\u0113zi \u0101d\u0101, kas ir \u013coti svar\u012bgi sejas kont\u016bru pievilk\u0161anai. Dienas kr\u0113ms pasarg\u0101 \u0101du no br\u012bvajiem radik\u0101liem, kuri pa\u0101trina noveco\u0161an\u0101s procesus \u0101d\u0101. Hialuronsk\u0101be kr\u0113ma sast\u0101v\u0101 pal\u012bdz ilgsto\u0161i saglab\u0101t mitruma l\u012bdzsvaru \u0101d\u0101.\u00a0Tas nostiprina un atjauno \u0101du, ziedojot intens\u012bvu un redzamu antiage darb\u012bbu. Tas iedarbojas tie\u0161i uz dzi\u013c\u0101m grumb\u0101m un izteiksmes l\u012bnij\u0101m, pie\u0161\u0137irot sejai jaunu stingr\u012bbu un toni. Lieto\u0161ana: no r\u012bta un nakt\u012b uzkl\u0101jiet uz piln\u012bgi att\u012br\u012btas sejas un kakla \u0101das. Funkcion\u0101l\u0101s sast\u0101vda\u013cas: Tripept\u012bds &#8211; p\u0101rveido\u0161ana, Lifting Complex &#8211; pier\u0101d\u012bta liftinga darb\u012bba,&hellip;<\/p>\n","protected":false},"featured_media":843,"template":"","meta":[],"product_brand":[],"product_cat":[63],"product_tag":[],"class_list":{"0":"post-877","1":"product","2":"type-product","3":"status-publish","4":"has-post-thumbnail","6":"product_cat-kosmetologija","8":"first","9":"instock","10":"shipping-taxable","11":"purchasable","12":"product-type-simple"},"_links":{"self":[{"href":"https:\/\/www.happysunday.eu\/index.php?rest_route=\/wp\/v2\/product\/877","targetHints":{"allow":["GET"]}}],"collection":[{"href":"https:\/\/www.happysunday.eu\/index.php?rest_route=\/wp\/v2\/product"}],"about":[{"href":"https:\/\/www.happysunday.eu\/index.php?rest_route=\/wp\/v2\/types\/product"}],"wp:featuredmedia":[{"embeddable":true,"href":"https:\/\/www.happysunday.eu\/index.php?rest_route=\/wp\/v2\/media\/843"}],"wp:attachment":[{"href":"https:\/\/www.happysunday.eu\/index.php?rest_route=%2Fwp%2Fv2%2Fmedia&parent=877"}],"wp:term":[{"taxonomy":"product_brand","embeddable":true,"href":"https:\/\/www.happysunday.eu\/index.php?rest_route=%2Fwp%2Fv2%2Fproduct_brand&post=877"},{"taxonomy":"product_cat","embeddable":true,"href":"https:\/\/www.happysunday.eu\/index.php?rest_route=%2Fwp%2Fv2%2Fproduct_cat&post=877"},{"taxonomy":"product_tag","embeddable":true,"href":"https:\/\/www.happysunday.eu\/index.php?rest_route=%2Fwp%2Fv2%2Fproduct_tag&post=877"}],"curies":[{"name":"wp","href":"https:\/\/api.w.org\/{rel}","templated":true}]}}