{"id":878,"date":"2021-01-25T19:45:56","date_gmt":"2021-01-25T19:45:56","guid":{"rendered":"https:\/\/www.happysunday.eu\/?post_type=product&#038;p=878"},"modified":"2026-04-07T06:55:51","modified_gmt":"2026-04-07T06:55:51","slug":"supreme-filler-global-antiage-15ml","status":"publish","type":"product","link":"https:\/\/www.happysunday.eu\/?product=supreme-filler-global-antiage-15ml","title":{"rendered":"PRETGRUMBU ACU KR\u0112MS FILLERIS AR PEPT\u012aDIEM 15ml"},"content":{"rendered":"<div id=\"product-title\">\n<p>VERDEOASI PEPTIDES Supreme Eye Filler Global Antiage*<\/p>\n<p>Augsta pept\u012bdu koncentr\u0101cija stimul\u0113 elast\u012bna un kolag\u0113na sint\u0113zi \u0101d\u0101, kas ir \u013coti svar\u012bgi kont\u016bru pievilk\u0161anai. Acu kr\u0113ms pasarg\u0101 \u0101du no br\u012bvajiem radik\u0101liem, kuri pa\u0101trina noveco\u0161an\u0101s procesus \u0101d\u0101. Hialuronsk\u0101be kr\u0113ma sast\u0101v\u0101 pal\u012bdz ilgsto\u0161i saglab\u0101t mitruma l\u012bdzsvaru \u0101d\u0101.<\/p>\n<p>Tas neitraliz\u0113 maig\u0101s acu kont\u016bras zonas tonusa un elast\u012bbas zudumu. Viegli uzs\u016bcas \u0161\u0137idruma tekst\u016bra, pamodina un atver acis, atst\u0101jot t\u0101s svaigas visas dienas garum\u0101.<br \/>\n82,21% dab\u012bgs<\/p>\n<p>Supreme Filler ir ide\u0101li piem\u0113rots nobriedu\u0161ai \u0101dai, kurai rakstur\u012bga sausa acu kont\u016bra, grumbi\u0146as un izteiksmes l\u012bnijas. Pat\u012bkam\u0101 un v\u0113rt\u012bg\u0101, viegli uzs\u016bcas tekst\u016bra padara to par lielisku profilaktisku pretgrumbu l\u012bdzekli jaunai \u0101dai.<\/p>\n<p>Lieto\u0161ana: uzkl\u0101jiet uz acu kont\u016bras un viegli uzsitiet no iek\u0161\u0113j\u0101 l\u012bdz \u0101r\u0113jam st\u016brim. Izvairieties no tie\u0161as saskares ar ac\u012bm.<\/p>\n<p>Funkcion\u0101l\u0101s sast\u0101vda\u013cas:<\/p>\n<p>TRIPEPT\u012aDU PRETGRumbu komplekss: v\u0113rt\u012bga augstas veiktsp\u0113jas sast\u0101vda\u013cu kombin\u0101cija, piem\u0113ram, sint\u0113tiskais tripept\u012bds, zemas molekulmasas hialuronsk\u0101be, mikroa\u013c\u0123es un pantenols. Tripept\u012bdam piem\u012bt sp\u0113ja aizsarg\u0101t kolag\u0113nu no degrad\u0101cijas un palielin\u0101t t\u0101 ra\u017eo\u0161anu; hialuronsk\u0101be nodro\u0161ina nostiprino\u0161u un pretnoveco\u0161an\u0101s efektu; pantenols nov\u0113r\u0161 kairin\u0101jumu un saglab\u0101 \u0101du elast\u012bgu; mikroa\u013c\u0123es stimul\u0113 \u0101das atjauno\u0161anos. \u0160is v\u0113rt\u012bgais komplekss redzami samazina l\u012bnijas, grumbas un tum\u0161os lokus, uzlabojot \u0101das ap ac\u012bm tekst\u016bru.<br \/>\nAUGSTAS UN ZEMAS MOLEKUL\u0100RAS SVARA HIALURONSK\u0100BE: Hialuronsk\u0101be ir galven\u0101 \u0101das \u0101rpus\u0161\u016bnu matricas sast\u0101vda\u013ca, tai ir sp\u0113ja saist\u012bt \u016bdens molekulas, vienlaikus saglab\u0101jot \u0101du elast\u012bgu un kuplu. Gadu gait\u0101 \u0101das virsma zaud\u0113 tonusu un k\u013c\u016bst sausa, jo samazin\u0101s \u0101das sp\u0113ja ra\u017eot HA. \u0160aj\u0101 formul\u0113jum\u0101 ir 3 HA veidi, viens augstas molekulmasas un divi zemas molekulmasas. Augstas molekulmasas molekulas nov\u0113r\u0161 \u016bdens zudumu, veidojot uz \u0101das virsmas pl\u0113vi, kas nodro\u0161ina gludu izskatu; zemas molekulmasas molekulas iek\u013c\u016bst dzi\u013c\u0101k \u0101das sl\u0101\u0146os un darbojas k\u0101 s\u016bklis, piesaistot \u016bdens molekulas pie sevis un virzot t\u0101s uz \u0101das virsmu. Da\u017e\u0101du veidu hialuronsk\u0101bes molekulu siner\u0123ija rada p\u0101rsteidzo\u0161u izl\u012bdzino\u0161u efektu.<\/p>\n<p>* Pier\u0101d\u012bta cel\u0161anas darb\u012bba &#8211; dermatolo\u0123iski p\u0101rbaud\u012bta.<\/p>\n<\/div>\n","protected":false},"excerpt":{"rendered":"<p>VERDEOASI PEPTIDES Supreme Eye Filler Global Antiage* Augsta pept\u012bdu koncentr\u0101cija stimul\u0113 elast\u012bna un kolag\u0113na sint\u0113zi \u0101d\u0101, kas ir \u013coti svar\u012bgi kont\u016bru pievilk\u0161anai. Acu kr\u0113ms pasarg\u0101 \u0101du no br\u012bvajiem radik\u0101liem, kuri pa\u0101trina noveco\u0161an\u0101s procesus \u0101d\u0101. Hialuronsk\u0101be kr\u0113ma sast\u0101v\u0101 pal\u012bdz ilgsto\u0161i saglab\u0101t mitruma l\u012bdzsvaru \u0101d\u0101. Tas neitraliz\u0113 maig\u0101s acu kont\u016bras zonas tonusa un elast\u012bbas zudumu. Viegli uzs\u016bcas \u0161\u0137idruma tekst\u016bra, pamodina un atver acis, atst\u0101jot t\u0101s svaigas visas dienas garum\u0101. 82,21% dab\u012bgs Supreme Filler ir ide\u0101li piem\u0113rots nobriedu\u0161ai \u0101dai, kurai rakstur\u012bga sausa acu kont\u016bra, grumbi\u0146as un izteiksmes l\u012bnijas. Pat\u012bkam\u0101 un v\u0113rt\u012bg\u0101, viegli uzs\u016bcas&hellip;<\/p>\n","protected":false},"featured_media":842,"template":"","meta":[],"product_brand":[],"product_cat":[63],"product_tag":[],"class_list":{"0":"post-878","1":"product","2":"type-product","3":"status-publish","4":"has-post-thumbnail","6":"product_cat-kosmetologija","8":"first","9":"instock","10":"shipping-taxable","11":"purchasable","12":"product-type-simple"},"_links":{"self":[{"href":"https:\/\/www.happysunday.eu\/index.php?rest_route=\/wp\/v2\/product\/878","targetHints":{"allow":["GET"]}}],"collection":[{"href":"https:\/\/www.happysunday.eu\/index.php?rest_route=\/wp\/v2\/product"}],"about":[{"href":"https:\/\/www.happysunday.eu\/index.php?rest_route=\/wp\/v2\/types\/product"}],"wp:featuredmedia":[{"embeddable":true,"href":"https:\/\/www.happysunday.eu\/index.php?rest_route=\/wp\/v2\/media\/842"}],"wp:attachment":[{"href":"https:\/\/www.happysunday.eu\/index.php?rest_route=%2Fwp%2Fv2%2Fmedia&parent=878"}],"wp:term":[{"taxonomy":"product_brand","embeddable":true,"href":"https:\/\/www.happysunday.eu\/index.php?rest_route=%2Fwp%2Fv2%2Fproduct_brand&post=878"},{"taxonomy":"product_cat","embeddable":true,"href":"https:\/\/www.happysunday.eu\/index.php?rest_route=%2Fwp%2Fv2%2Fproduct_cat&post=878"},{"taxonomy":"product_tag","embeddable":true,"href":"https:\/\/www.happysunday.eu\/index.php?rest_route=%2Fwp%2Fv2%2Fproduct_tag&post=878"}],"curies":[{"name":"wp","href":"https:\/\/api.w.org\/{rel}","templated":true}]}}