{"id":880,"date":"2021-01-25T19:51:10","date_gmt":"2021-01-25T19:51:10","guid":{"rendered":"https:\/\/www.happysunday.eu\/?post_type=product&#038;p=880"},"modified":"2026-04-07T06:55:51","modified_gmt":"2026-04-07T06:55:51","slug":"night-mask-radiance-peeling-50ml","status":"publish","type":"product","link":"https:\/\/www.happysunday.eu\/?product=night-mask-radiance-peeling-50ml","title":{"rendered":"NAKTS P\u012aLINGA SEJAS MASKA 50ML"},"content":{"rendered":"<div id=\"product-title\">\n<h3><span class=\"s1\">Night Mask Radiance Peeling \u2014 nakts maska ar aug\u013cu sk\u0101b\u0113m<\/span><\/h3>\n<p class=\"p1\"><strong><span class=\"s1\">Unik\u0101la nakts maska<\/span><span class=\"s2\">, kuru <\/span><span class=\"s1\">nav nepiecie\u0161ams noskalot nakts laik\u0101<\/span><span class=\"s2\">, p\u0101rv\u0113r\u0161 j\u016bsu miegu \u012bst\u0101 \u0101das kop\u0161anas ritu\u0101l\u0101.<\/span><\/strong><\/p>\n<p class=\"p1\"><strong><span class=\"s2\">Ide\u0101li piem\u0113rota p\u0113c vasaras perioda, kad \u0101dai nepiecie\u0161ama atjauno\u0161an\u0101s un atvese\u013co\u0161an\u0101s.\u00a0<\/span><\/strong><\/p>\n<p class=\"p1\"><strong><span class=\"s2\">Pateicoties <\/span><span class=\"s1\">aug\u013cu sk\u0101b\u0113m<\/span><span class=\"s2\">, maska maigi noloba un att\u012bra \u0101du un samazina pigment\u0101cijas plankumus.<\/span><\/strong><\/p>\n<p class=\"p1\"><span class=\"s1\">C vitam\u012bns<\/span><span class=\"s2\"> pie\u0161\u0137ir \u0101dai mirdzumu, <\/span><span class=\"s1\">azelainsk\u0101bes atvasin\u0101jums<\/span><span class=\"s2\"> vienm\u0113r\u012bgu toni, bet <\/span><span class=\"s1\">hamam\u0113lis un alveja<\/span><span class=\"s2\"> nomierina, m\u012bkstina un dzi\u013ci mitrina.<\/span><\/p>\n<p class=\"p1\"><span class=\"s2\">Jau p\u0113c pirmaj\u0101m lieto\u0161anas reiz\u0113m \u0101da k\u013c\u016bst glud\u0101ka, svaig\u0101ka un starojo\u0161a ar izteiktu <\/span><span class=\"s1\">anti-age efektu<\/span><span class=\"s2\">.<\/span><\/p>\n<p>VEG\u0100NU FORMULA &#8211; 89,95% dab\u012bgs<\/p>\n<p><strong>Nakts maska ir \u012bpa\u0161i viegla \u017eeleja ar neredzamu tekst\u016bru, kas izveidota k\u0101 intens\u012bva p\u012blinga proced\u016bra, kas padara gai\u0161\u0101ku un pras\u012bgu \u0101du vai \u0101du, kurai nepiecie\u0161ama \u0101tra un vienk\u0101r\u0161a p\u012blings. T\u0101 progres\u012bv\u0101 p\u012blinga darb\u012bba pak\u0101peniski izl\u012bdzina sejas kr\u0101su, pal\u012bdzot samazin\u0101t tum\u0161o plankumu redzam\u012bbu. Seja izskat\u0101s svaiga, gai\u0161a un mirdzo\u0161a.<\/strong><\/p>\n<p>Nakts maska ir piem\u0113rota jebkurai \u0101dai un jebkuram vecumam. T\u0101 viegl\u0101 tekst\u016bra padara to par lielisku taukainai \u0101dai ar tum\u0161iem plankumiem. Jut\u012bgas \u0101das gad\u012bjum\u0101 iesak\u0101m da\u017eas min\u016btes test\u0113t uz nelielas \u0101das da\u013cas. Ja tas nav sarkans, turpiniet ar lietojumprogrammu.<\/p>\n<h3><span class=\"s1\">Lieto\u0161anas veids<\/span><\/h3>\n<ul>\n<li>\n<p class=\"p1\"><span class=\"s1\">Pirmaj\u0101 ned\u0113\u013c\u0101<\/span><span class=\"s2\"> lietojiet masku <\/span><span class=\"s1\">katru nakti<\/span><span class=\"s2\"> k\u0101 intens\u012bvu terapiju.<\/span><\/p>\n<\/li>\n<li>\n<p class=\"p1\"><span class=\"s1\">P\u0113c tam \u2014 <\/span><span class=\"s2\">1 reizi ned\u0113\u013c\u0101<\/span><span class=\"s1\">, lai uztur\u0113tu \u0101das mirdzumu un atjauno\u0161anos.<\/span><\/p>\n<\/li>\n<li>\n<p class=\"p1\"><span class=\"s1\">Uzkl\u0101jiet uz att\u012br\u012btas \u0101das pirms miega, izvairoties no acu zonas.<\/span><\/p>\n<\/li>\n<li>\n<p class=\"p1\"><span class=\"s1\">No r\u012bta<\/span><span class=\"s2\"> noskalojiet ar \u016bdeni, uzkl\u0101jiet toniku un dienas kr\u0113mu.<\/span><\/p>\n<\/li>\n<li>\n<p class=\"p1\"><span class=\"s1\">Saulain\u0101 laik\u0101 noteikti lietojiet <\/span><span class=\"s2\">SPF aizsardz\u012bbu<\/span><span class=\"s1\">.<\/span><\/p>\n<\/li>\n<\/ul>\n<p>&nbsp;<\/p>\n<h5><strong>Funkcion\u0101l\u0101s sast\u0101vda\u013cas: Aug\u013cu sk\u0101bes &#8211; p\u012blings, C vitam\u012bna vektoriz\u0113ts &#8211; balina, Azela\u012bnsk\u0101bes atvasin\u0101jums &#8211; viendab\u012bga sejas kr\u0101sa, Raganas lazda &#8211; m\u012bkstina, Alveja &#8211; nomierina.<\/strong><\/h5>\n<p>AUG\u013bSK\u0100BES: ekstrakti no da\u017e\u0101da veida aug\u013ciem, tostarp mellen\u0113m, citroniem un apels\u012bniem, sajauktas ar sk\u0101b\u0113m, kas ieg\u016btas no cukurniedr\u0113m un k\u013cav\u0101m, t\u0101m ir rakstur\u012bga p\u012blinga darb\u012bba, kas var v\u0101jin\u0101t atmiru\u0161o \u0161\u016bnu saites uz virspus\u0113j\u0101s \u0101das sl\u0101\u0146a, veicinot \u0101das dabisko atjauno\u0161anu.<\/p>\n<h5><strong>Dermatolo\u0123iski p\u0101rbaud\u012bts.<\/strong><\/h5>\n<p><strong>Ra\u017eots It\u0101lij\u0101<\/strong><\/p>\n<\/div>\n","protected":false},"excerpt":{"rendered":"<p>Night Mask Radiance Peeling \u2014 nakts maska ar aug\u013cu sk\u0101b\u0113m Unik\u0101la nakts maska, kuru nav nepiecie\u0161ams noskalot nakts laik\u0101, p\u0101rv\u0113r\u0161 j\u016bsu miegu \u012bst\u0101 \u0101das kop\u0161anas ritu\u0101l\u0101. Ide\u0101li piem\u0113rota p\u0113c vasaras perioda, kad \u0101dai nepiecie\u0161ama atjauno\u0161an\u0101s un atvese\u013co\u0161an\u0101s.\u00a0 Pateicoties aug\u013cu sk\u0101b\u0113m, maska maigi noloba un att\u012bra \u0101du un samazina pigment\u0101cijas plankumus. C vitam\u012bns pie\u0161\u0137ir \u0101dai mirdzumu, azelainsk\u0101bes atvasin\u0101jums vienm\u0113r\u012bgu toni, bet hamam\u0113lis un alveja nomierina, m\u012bkstina un dzi\u013ci mitrina. Jau p\u0113c pirmaj\u0101m lieto\u0161anas reiz\u0113m \u0101da k\u013c\u016bst glud\u0101ka, svaig\u0101ka un starojo\u0161a ar izteiktu anti-age efektu. VEG\u0100NU FORMULA &#8211; 89,95% dab\u012bgs Nakts maska&hellip;<\/p>\n","protected":false},"featured_media":837,"template":"","meta":[],"product_brand":[],"product_cat":[63],"product_tag":[],"class_list":{"0":"post-880","1":"product","2":"type-product","3":"status-publish","4":"has-post-thumbnail","6":"product_cat-kosmetologija","8":"first","9":"instock","10":"shipping-taxable","11":"purchasable","12":"product-type-simple"},"_links":{"self":[{"href":"https:\/\/www.happysunday.eu\/index.php?rest_route=\/wp\/v2\/product\/880","targetHints":{"allow":["GET"]}}],"collection":[{"href":"https:\/\/www.happysunday.eu\/index.php?rest_route=\/wp\/v2\/product"}],"about":[{"href":"https:\/\/www.happysunday.eu\/index.php?rest_route=\/wp\/v2\/types\/product"}],"wp:featuredmedia":[{"embeddable":true,"href":"https:\/\/www.happysunday.eu\/index.php?rest_route=\/wp\/v2\/media\/837"}],"wp:attachment":[{"href":"https:\/\/www.happysunday.eu\/index.php?rest_route=%2Fwp%2Fv2%2Fmedia&parent=880"}],"wp:term":[{"taxonomy":"product_brand","embeddable":true,"href":"https:\/\/www.happysunday.eu\/index.php?rest_route=%2Fwp%2Fv2%2Fproduct_brand&post=880"},{"taxonomy":"product_cat","embeddable":true,"href":"https:\/\/www.happysunday.eu\/index.php?rest_route=%2Fwp%2Fv2%2Fproduct_cat&post=880"},{"taxonomy":"product_tag","embeddable":true,"href":"https:\/\/www.happysunday.eu\/index.php?rest_route=%2Fwp%2Fv2%2Fproduct_tag&post=880"}],"curies":[{"name":"wp","href":"https:\/\/api.w.org\/{rel}","templated":true}]}}