{"id":8868,"date":"2025-12-17T11:30:28","date_gmt":"2025-12-17T11:30:28","guid":{"rendered":"https:\/\/www.happysunday.eu\/?post_type=product&#038;p=8868"},"modified":"2026-05-05T07:27:37","modified_gmt":"2026-05-05T07:27:37","slug":"davanu-komplekts-verdeoasi-krems-taukainai-adai-un-pusaudziem","status":"publish","type":"product","link":"https:\/\/www.happysunday.eu\/?product=davanu-komplekts-verdeoasi-krems-taukainai-adai-un-pusaudziem","title":{"rendered":"D\u0100VANU KOMPLEKTS VERDEOASI KR\u0112MS TAUKAINAI \u0100DAI UN PUSAUD\u017dIEM"},"content":{"rendered":"<div id=\"product-title\">\n<p class=\"p1\"><span class=\"s1\">Komplekta sast\u0101v\u0101:<\/span><\/p>\n<p class=\"p1\"><span class=\"s2\">\u2728 <\/span><span class=\"s1\">Cleansing Gel \u2013 att\u012bro\u0161s sejas gels (200 ml)<\/span><\/p>\n<p class=\"p1\"><span class=\"s2\">Maigs, bet efekt\u012bvs att\u012bro\u0161s gels ar t\u0113jas koka e\u013c\u013cu, kas dzi\u013ci att\u012bra poras, no\u0146em lieko sebumu un net\u012brumus, neiz\u017e\u0101v\u0113jot \u0101du. Atsvaidzina un sagatavo \u0101du turpm\u0101kai kop\u0161anai.<\/span><\/p>\n<p class=\"p1\"><span class=\"s2\">\u2728 <\/span><span class=\"s1\">Anti-Impurities Cream-Gel \u2013 kr\u0113m\u017eele taukainai un kombin\u0113tai \u0101dai<\/span><\/p>\n<p class=\"p1\"><span class=\"s2\">Vieglas tekst\u016bras kr\u0113m\u017eele, kas pal\u012bdz mazin\u0101t nepiln\u012bbas, l\u012bdzsvaro \u0101das st\u0101vokli un nodro\u0161ina mitrin\u0101\u0161anu bez smaguma saj\u016btas. Ide\u0101li piem\u0113rota \u0101dai ar noslieci uz sp\u012bdumu un aizsprostot\u0101m por\u0101m.<\/span><\/p>\n<p class=\"p1\"><span class=\"s2\">\ud83c\udf81 <\/span><span class=\"s1\">Ide\u0101ls ikdienas komplekts<\/span><span class=\"s2\"> tiem, kas v\u0113las t\u012bru, l\u012bdzsvarotu un svaigu sejas \u0101du. Praktiska un p\u0101rdom\u0101ta izv\u0113le ar\u012b k\u0101 d\u0101vana.<\/span><\/p>\n<p class=\"p1\"><span class=\"s1\">L\u016bdzu, \u0146emiet v\u0113r\u0101:<\/span><\/p>\n<p class=\"p1\"><span class=\"s2\">Att\u0113lam ir <\/span><span class=\"s1\">informat\u012bvs raksturs<\/span><span class=\"s2\">. D\u0101vanu kast\u012bte b\u016bs <\/span><span class=\"s1\">t\u0101d\u0101 pa\u0161\u0101 dizain\u0101<\/span><span class=\"s2\">, ta\u010du <\/span><span class=\"s1\">iek\u0161pus\u0113 atrad\u012bsies produkti, kas nor\u0101d\u012bti komplekta aprakst\u0101<\/span><span class=\"s2\">.<\/span><\/p>\n<\/div>\n","protected":false},"excerpt":{"rendered":"<p>Komplekta sast\u0101v\u0101: \u2728 Cleansing Gel \u2013 att\u012bro\u0161s sejas gels (200 ml) Maigs, bet efekt\u012bvs att\u012bro\u0161s gels ar t\u0113jas koka e\u013c\u013cu, kas dzi\u013ci att\u012bra poras, no\u0146em lieko sebumu un net\u012brumus, neiz\u017e\u0101v\u0113jot \u0101du. Atsvaidzina un sagatavo \u0101du turpm\u0101kai kop\u0161anai. \u2728 Anti-Impurities Cream-Gel \u2013 kr\u0113m\u017eele taukainai un kombin\u0113tai \u0101dai Vieglas tekst\u016bras kr\u0113m\u017eele, kas pal\u012bdz mazin\u0101t nepiln\u012bbas, l\u012bdzsvaro \u0101das st\u0101vokli un nodro\u0161ina mitrin\u0101\u0161anu bez smaguma saj\u016btas. Ide\u0101li piem\u0113rota \u0101dai ar noslieci uz sp\u012bdumu un aizsprostot\u0101m por\u0101m. \ud83c\udf81 Ide\u0101ls ikdienas komplekts tiem, kas v\u0113las t\u012bru, l\u012bdzsvarotu un svaigu sejas \u0101du. Praktiska un p\u0101rdom\u0101ta izv\u0113le ar\u012b&hellip;<\/p>\n","protected":false},"featured_media":8867,"template":"","meta":[],"product_brand":[],"product_cat":[71,58],"product_tag":[],"class_list":{"0":"post-8868","1":"product","2":"type-product","3":"status-publish","4":"has-post-thumbnail","6":"product_cat-davanas","7":"product_cat-super-sale","9":"first","10":"instock","11":"shipping-taxable","12":"purchasable","13":"product-type-simple"},"_links":{"self":[{"href":"https:\/\/www.happysunday.eu\/index.php?rest_route=\/wp\/v2\/product\/8868","targetHints":{"allow":["GET"]}}],"collection":[{"href":"https:\/\/www.happysunday.eu\/index.php?rest_route=\/wp\/v2\/product"}],"about":[{"href":"https:\/\/www.happysunday.eu\/index.php?rest_route=\/wp\/v2\/types\/product"}],"wp:featuredmedia":[{"embeddable":true,"href":"https:\/\/www.happysunday.eu\/index.php?rest_route=\/wp\/v2\/media\/8867"}],"wp:attachment":[{"href":"https:\/\/www.happysunday.eu\/index.php?rest_route=%2Fwp%2Fv2%2Fmedia&parent=8868"}],"wp:term":[{"taxonomy":"product_brand","embeddable":true,"href":"https:\/\/www.happysunday.eu\/index.php?rest_route=%2Fwp%2Fv2%2Fproduct_brand&post=8868"},{"taxonomy":"product_cat","embeddable":true,"href":"https:\/\/www.happysunday.eu\/index.php?rest_route=%2Fwp%2Fv2%2Fproduct_cat&post=8868"},{"taxonomy":"product_tag","embeddable":true,"href":"https:\/\/www.happysunday.eu\/index.php?rest_route=%2Fwp%2Fv2%2Fproduct_tag&post=8868"}],"curies":[{"name":"wp","href":"https:\/\/api.w.org\/{rel}","templated":true}]}}