{"id":8869,"date":"2025-12-17T11:44:08","date_gmt":"2025-12-17T11:44:08","guid":{"rendered":"https:\/\/www.happysunday.eu\/?post_type=product&#038;p=8869"},"modified":"2026-05-05T07:27:37","modified_gmt":"2026-05-05T07:27:37","slug":"davanu-komplekts-verdeoasi-anti-age-un-lifting","status":"publish","type":"product","link":"https:\/\/www.happysunday.eu\/?product=davanu-komplekts-verdeoasi-anti-age-un-lifting","title":{"rendered":"D\u0100VANU KOMPLEKTS VERDEOASI ANTI AGE UN LIFTING"},"content":{"rendered":"<div id=\"product-title\">\n<p class=\"p1\"><span class=\"s1\">Augstv\u0113rt\u012bgs sejas kop\u0161anas komplekts, kas \u012bpa\u0161i paredz\u0113ts <\/span><span class=\"s2\">nobriedu\u0161ai \u0101dai<\/span><span class=\"s1\"> un \u0101dai ar noveco\u0161an\u0101s paz\u012bm\u0113m. Pal\u012bdz uzlabot \u0101das elast\u012bbu, samazin\u0101t grumbi\u0146u redzam\u012bbu un pie\u0161\u0137ir sejai svaig\u0101ku, tvirt\u0101ku izskatu. Ide\u0101li piem\u0113rots ikdienas kop\u0161anai, kad \u0101da zaud\u0113 tonusu un mitrumu.<\/span><\/p>\n<p class=\"p1\"><span class=\"s2\">Komplekta sast\u0101v\u0101:<\/span><\/p>\n<p class=\"p1\"><span class=\"s1\">\u2728 <\/span><span class=\"s2\">Eye Filler with Peptides \u2013 acu zonas fillers ar pept\u012bdiem<\/span><\/p>\n<p class=\"p1\"><span class=\"s1\">Koncentr\u0113ts l\u012bdzeklis acu zonai, kas pal\u012bdz izl\u012bdzin\u0101t smalk\u0101s grumbi\u0146as, uzlabot \u0101das strukt\u016bru un nodro\u0161ina intens\u012bvu mitrin\u0101\u0161anu. Pept\u012bdi veicina \u0101das atjauno\u0161anos un pie\u0161\u0137ir skatienam atp\u016btu\u0161os izskatu.<\/span><\/p>\n<p class=\"p1\"><span class=\"s1\">\u2728 <\/span><span class=\"s2\">Face Cream with Peptides \u2013 sejas kr\u0113ms ar pept\u012bdiem un liftinga efektu<\/span><\/p>\n<p class=\"p1\"><span class=\"s1\">Bag\u0101t\u012bgas, bet vieglas tekst\u016bras sejas kr\u0113ms, kas pal\u012bdz uzlabot \u0101das tvirtumu, elast\u012bbu un kont\u016bras. Sniedz liftinga efektu, mitrina un aizsarg\u0101 \u0101du no priek\u0161laic\u012bgas noveco\u0161an\u0101s paz\u012bm\u0113m.<\/span><\/p>\n<p class=\"p1\"><span class=\"s1\">\ud83c\udf81 <\/span><span class=\"s2\">Ide\u0101ls komplekts nobriedu\u0161ai \u0101dai<\/span><span class=\"s1\">, kas v\u0113las redzamus rezult\u0101tus, komfortu un greznu kop\u0161anas saj\u016btu. Lieliska izv\u0113le ar\u012b k\u0101 eleganta d\u0101vana.<\/span><\/p>\n<p class=\"p1\"><span class=\"s1\">L\u016bdzu, \u0146emiet v\u0113r\u0101:<\/span><\/p>\n<p class=\"p1\"><span class=\"s2\">Att\u0113lam ir <\/span><span class=\"s1\">informat\u012bvs raksturs<\/span><span class=\"s2\">. D\u0101vanu kast\u012bte b\u016bs <\/span><span class=\"s1\">t\u0101d\u0101 pa\u0161\u0101 dizain\u0101<\/span><span class=\"s2\">, ta\u010du <\/span><span class=\"s1\">iek\u0161pus\u0113 atrad\u012bsies produkti, kas nor\u0101d\u012bti komplekta aprakst\u0101<\/span><span class=\"s2\">.<\/span><\/p>\n<\/div>\n","protected":false},"excerpt":{"rendered":"<p>Augstv\u0113rt\u012bgs sejas kop\u0161anas komplekts, kas \u012bpa\u0161i paredz\u0113ts nobriedu\u0161ai \u0101dai un \u0101dai ar noveco\u0161an\u0101s paz\u012bm\u0113m. Pal\u012bdz uzlabot \u0101das elast\u012bbu, samazin\u0101t grumbi\u0146u redzam\u012bbu un pie\u0161\u0137ir sejai svaig\u0101ku, tvirt\u0101ku izskatu. Ide\u0101li piem\u0113rots ikdienas kop\u0161anai, kad \u0101da zaud\u0113 tonusu un mitrumu. Komplekta sast\u0101v\u0101: \u2728 Eye Filler with Peptides \u2013 acu zonas fillers ar pept\u012bdiem Koncentr\u0113ts l\u012bdzeklis acu zonai, kas pal\u012bdz izl\u012bdzin\u0101t smalk\u0101s grumbi\u0146as, uzlabot \u0101das strukt\u016bru un nodro\u0161ina intens\u012bvu mitrin\u0101\u0161anu. Pept\u012bdi veicina \u0101das atjauno\u0161anos un pie\u0161\u0137ir skatienam atp\u016btu\u0161os izskatu. \u2728 Face Cream with Peptides \u2013 sejas kr\u0113ms ar pept\u012bdiem un liftinga efektu Bag\u0101t\u012bgas, bet&hellip;<\/p>\n","protected":false},"featured_media":8867,"template":"","meta":[],"product_brand":[],"product_cat":[71],"product_tag":[],"class_list":{"0":"post-8869","1":"product","2":"type-product","3":"status-publish","4":"has-post-thumbnail","6":"product_cat-davanas","8":"first","9":"instock","10":"shipping-taxable","11":"purchasable","12":"product-type-simple"},"_links":{"self":[{"href":"https:\/\/www.happysunday.eu\/index.php?rest_route=\/wp\/v2\/product\/8869","targetHints":{"allow":["GET"]}}],"collection":[{"href":"https:\/\/www.happysunday.eu\/index.php?rest_route=\/wp\/v2\/product"}],"about":[{"href":"https:\/\/www.happysunday.eu\/index.php?rest_route=\/wp\/v2\/types\/product"}],"wp:featuredmedia":[{"embeddable":true,"href":"https:\/\/www.happysunday.eu\/index.php?rest_route=\/wp\/v2\/media\/8867"}],"wp:attachment":[{"href":"https:\/\/www.happysunday.eu\/index.php?rest_route=%2Fwp%2Fv2%2Fmedia&parent=8869"}],"wp:term":[{"taxonomy":"product_brand","embeddable":true,"href":"https:\/\/www.happysunday.eu\/index.php?rest_route=%2Fwp%2Fv2%2Fproduct_brand&post=8869"},{"taxonomy":"product_cat","embeddable":true,"href":"https:\/\/www.happysunday.eu\/index.php?rest_route=%2Fwp%2Fv2%2Fproduct_cat&post=8869"},{"taxonomy":"product_tag","embeddable":true,"href":"https:\/\/www.happysunday.eu\/index.php?rest_route=%2Fwp%2Fv2%2Fproduct_tag&post=8869"}],"curies":[{"name":"wp","href":"https:\/\/api.w.org\/{rel}","templated":true}]}}