{"id":887,"date":"2021-01-25T20:02:19","date_gmt":"2021-01-25T20:02:19","guid":{"rendered":"https:\/\/www.happysunday.eu\/?post_type=product&#038;p=887"},"modified":"2026-04-07T06:55:51","modified_gmt":"2026-04-07T06:55:51","slug":"aloe-gel-mask-hydrating-soothing-200ml","status":"publish","type":"product","link":"https:\/\/www.happysunday.eu\/?product=aloe-gel-mask-hydrating-soothing-200ml","title":{"rendered":"ANTISTRESS MITRINO\u0160A ALVEJAS GELA MASKA 200ml"},"content":{"rendered":"<div id=\"product-title\">\n<p>VERDEOASI ANTISTRESS Aloe Gel Mask Hydrating Soothing 200ml<\/p>\n<p>Tas nodro\u0161ina mitrin\u0101\u0161anu un svaigumu sausai un saspringtai \u0101dai, kurai nepiecie\u0161ams atbr\u012bvojums no kairin\u0101juma un aps\u0101rtuma. Atjauno \u0101du relaks\u0113jo\u0161u sejas kont\u016bru. \u0100das kr\u0101sa izskat\u0101s vienm\u0113r\u012bga un spilgta.<br \/>\n97,04% dab\u012bgs<\/p>\n<p>\u0100das maska \u200b\u200bar svaigu un maigu gela tekst\u016bru, kas pie\u0161\u0137ir \u0101dai nomierin\u0101jumu. Tas ir izstr\u0101d\u0101ts ar sast\u0101vda\u013c\u0101m, kas atjauno \u0101das labsaj\u016btu, nomierina kairin\u0101jumu un padara \u0101du svaigu un samtainu. Regul\u0101ra lieto\u0161ana padara \u0101du viendab\u012bg\u0101ku, bez aps\u0101rtuma un kupl\u0101ku.<\/p>\n<p>Alvejas g\u0113la maska \u200b\u200bir indic\u0113ta jebkur\u0101 vecum\u0101 ikvienam, kur\u0161 ir pak\u013cauts noslogotai un kairin\u0101tai \u0101dai \u0101r\u0113jo faktoru (v\u0113j\u0161, aukstums, saule) un iek\u0161\u0113jo faktoru (nesabalans\u0113ts uzturs, miega tr\u016bkums, stress) d\u0113\u013c.<\/p>\n<p>Lieto\u0161ana: Uzkl\u0101jiet Aloe Gel Mask 1 l\u012bdz 3 reizes ned\u0113\u013c\u0101 uz perfekti att\u012br\u012btas sejas un kakla.<br \/>\nAtst\u0101jiet iedarboties apm\u0113ram 10 min\u016btes un noskalojiet ar siltu \u016bdeni.<br \/>\nTurpiniet ar parast\u0101 seruma vai kr\u0113ma uzkl\u0101\u0161anu<\/p>\n<p>Funkcion\u0101l\u0101s sast\u0101vda\u013cas:<\/p>\n<p>ALOE VERA: augs, kas ra\u017eo \u017eeleju, kas ir slavena ar sav\u0101m nomierino\u0161aj\u0101m, m\u012bkstino\u0161aj\u0101m un mitrino\u0161aj\u0101m \u012bpa\u0161\u012bb\u0101m. Tas m\u012bkstina un atsvaidzina \u0101du.<br \/>\nHIALURONSK\u0100BES AUGU ALTERNAT\u012aVA: ieg\u016bta no Carrubo auga, tai piem\u012bt m\u012bkstino\u0161as un elast\u012bgas \u012bpa\u0161\u012bbas, l\u012bdz\u012bgas hialuronsk\u0101bei un j\u016bras kolag\u0113nam.<br \/>\nKumel\u012b\u0161u ekstrakts: ieg\u016bts no Chamomilla Recutita ziediem, auga, kas paz\u012bstams ar sav\u0101m nomierino\u0161aj\u0101m \u012bpa\u0161\u012bb\u0101m, tiek izmantots, lai nomierin\u0101tu \u0101du un nov\u0113rstu kairin\u0101jumu t\u012br\u012b\u0161anas laik\u0101.<\/p>\n<p>Dermatolo\u0123iski p\u0101rbaud\u012bts.<\/p>\n<\/div>\n","protected":false},"excerpt":{"rendered":"<p>VERDEOASI ANTISTRESS Aloe Gel Mask Hydrating Soothing 200ml Tas nodro\u0161ina mitrin\u0101\u0161anu un svaigumu sausai un saspringtai \u0101dai, kurai nepiecie\u0161ams atbr\u012bvojums no kairin\u0101juma un aps\u0101rtuma. Atjauno \u0101du relaks\u0113jo\u0161u sejas kont\u016bru. \u0100das kr\u0101sa izskat\u0101s vienm\u0113r\u012bga un spilgta. 97,04% dab\u012bgs \u0100das maska \u200b\u200bar svaigu un maigu gela tekst\u016bru, kas pie\u0161\u0137ir \u0101dai nomierin\u0101jumu. Tas ir izstr\u0101d\u0101ts ar sast\u0101vda\u013c\u0101m, kas atjauno \u0101das labsaj\u016btu, nomierina kairin\u0101jumu un padara \u0101du svaigu un samtainu. Regul\u0101ra lieto\u0161ana padara \u0101du viendab\u012bg\u0101ku, bez aps\u0101rtuma un kupl\u0101ku. Alvejas g\u0113la maska \u200b\u200bir indic\u0113ta jebkur\u0101 vecum\u0101 ikvienam, kur\u0161 ir pak\u013cauts noslogotai un kairin\u0101tai \u0101dai&hellip;<\/p>\n","protected":false},"featured_media":830,"template":"","meta":[],"product_brand":[],"product_cat":[63],"product_tag":[],"class_list":{"0":"post-887","1":"product","2":"type-product","3":"status-publish","4":"has-post-thumbnail","6":"product_cat-kosmetologija","8":"first","9":"instock","10":"shipping-taxable","11":"purchasable","12":"product-type-simple"},"_links":{"self":[{"href":"https:\/\/www.happysunday.eu\/index.php?rest_route=\/wp\/v2\/product\/887","targetHints":{"allow":["GET"]}}],"collection":[{"href":"https:\/\/www.happysunday.eu\/index.php?rest_route=\/wp\/v2\/product"}],"about":[{"href":"https:\/\/www.happysunday.eu\/index.php?rest_route=\/wp\/v2\/types\/product"}],"wp:featuredmedia":[{"embeddable":true,"href":"https:\/\/www.happysunday.eu\/index.php?rest_route=\/wp\/v2\/media\/830"}],"wp:attachment":[{"href":"https:\/\/www.happysunday.eu\/index.php?rest_route=%2Fwp%2Fv2%2Fmedia&parent=887"}],"wp:term":[{"taxonomy":"product_brand","embeddable":true,"href":"https:\/\/www.happysunday.eu\/index.php?rest_route=%2Fwp%2Fv2%2Fproduct_brand&post=887"},{"taxonomy":"product_cat","embeddable":true,"href":"https:\/\/www.happysunday.eu\/index.php?rest_route=%2Fwp%2Fv2%2Fproduct_cat&post=887"},{"taxonomy":"product_tag","embeddable":true,"href":"https:\/\/www.happysunday.eu\/index.php?rest_route=%2Fwp%2Fv2%2Fproduct_tag&post=887"}],"curies":[{"name":"wp","href":"https:\/\/api.w.org\/{rel}","templated":true}]}}