{"id":889,"date":"2021-01-25T20:11:38","date_gmt":"2021-01-25T20:11:38","guid":{"rendered":"https:\/\/www.happysunday.eu\/?post_type=product&#038;p=889"},"modified":"2026-04-07T06:55:51","modified_gmt":"2026-04-07T06:55:51","slug":"pure-almond-oil-200ml","status":"publish","type":"product","link":"https:\/\/www.happysunday.eu\/?product=pure-almond-oil-200ml","title":{"rendered":"T\u012aRA MANDE\u013bU E\u013b\u013bA 500ml"},"content":{"rendered":"<div id=\"product-title\">\n<h3><span class=\"s1\">Verdeoasi T\u012bra mande\u013cu e\u013c\u013ca 500 ml<\/span><\/h3>\n<p class=\"p3\"><span class=\"s3\">99,4% dab\u012bgs sast\u0101vs | Auksti spiesta | Bag\u0101tin\u0101ta ar Omega 3 un 6<\/span><\/p>\n<p>&nbsp;<\/p>\n<p class=\"p3\"><span class=\"s3\">Apraksts:<\/span><\/p>\n<p class=\"p3\"><span class=\"s2\">Augst\u0101k\u0101s kvalit\u0101tes mande\u013cu e\u013c\u013ca, ieg\u016bta aukst\u0101s spie\u0161anas ce\u013c\u0101 bez \u0137\u012bmisko \u0161\u0137\u012bdin\u0101t\u0101ju izmanto\u0161anas. Pateicoties r\u016bp\u012bgi saglab\u0101taj\u0101m vitam\u012bnu un lip\u012bdu \u012bpa\u0161\u012bb\u0101m, t\u0101 nodro\u0161ina intens\u012bvu \u0101das baro\u0161anu un aizsardz\u012bbu.<\/span><\/p>\n<p class=\"p3\"><span class=\"s3\">Galven\u0101s priek\u0161roc\u012bbas:<\/span><\/p>\n<ul>\n<li>\n<p class=\"p1\"><span class=\"s1\">Dzi\u013ci mitrina un baro \u0101du<\/span><\/p>\n<ul>\n<li><span class=\"s1\">Ide\u0101li piem\u0113rota mas\u0101\u017eai \u2013 gan \u0137erme\u0146a, gan sejas<\/span><\/li>\n<li><\/li>\n<\/ul>\n<\/li>\n<li>\n<p class=\"p1\"><span class=\"s1\">Pal\u012bdz atjaunot \u0101das elast\u012bbu un tonusu<\/span><\/p>\n<\/li>\n<li>\n<p class=\"p1\"><span class=\"s1\">Nov\u0113r\u0161 sausumu un lob\u012b\u0161anos<\/span><\/p>\n<\/li>\n<li>\n<p class=\"p1\"><span class=\"s1\">Efekt\u012bva pret strij\u0101m \u2013 gan profilaksei, gan \u0101rst\u0113\u0161anai<\/span><\/p>\n<\/li>\n<li><\/li>\n<li>\n<p class=\"p1\"><span class=\"s1\">Ieteicama ar\u012b topo\u0161aj\u0101m m\u0101mi\u0146\u0101m<\/span><\/p>\n<\/li>\n<\/ul>\n<p>&nbsp;<\/p>\n<p class=\"p3\"><span class=\"s3\">\u012apa\u0161\u012bbas:<\/span><\/p>\n<ul>\n<li>\n<p class=\"p1\"><span class=\"s1\">Viegls, netaukains sast\u0101vs<\/span><\/p>\n<\/li>\n<li>\n<p class=\"p1\"><span class=\"s1\">\u0100tri uzs\u016bcas \u0101d\u0101<\/span><\/p>\n<\/li>\n<li>\n<p class=\"p1\"><span class=\"s1\">Maigs, pat\u012bkams arom\u0101ts<\/span><\/p>\n<\/li>\n<li>\n<p class=\"p1\"><span class=\"s1\">Piem\u0113rota visiem \u0101das tipiem, ar\u012b jut\u012bgai \u0101dai<\/span><\/p>\n<\/li>\n<\/ul>\n<p>&nbsp;<\/p>\n<p class=\"p3\"><span class=\"s3\">Akt\u012bv\u0101s sast\u0101vda\u013cas:<\/span><\/p>\n<ul>\n<li>\n<p class=\"p1\"><span class=\"s1\">Sald\u0101 mande\u013cu e\u013c\u013ca:<\/span><span class=\"s2\"> auksti spiesta, bag\u0101ta ar linolsk\u0101bi un D vitam\u012bnu \u2013 pal\u012bdz saglab\u0101t \u0101das elast\u012bbu un mitruma l\u012bmeni.<\/span><\/p>\n<\/li>\n<li>\n<p class=\"p1\"><span class=\"s1\">Omega 3 un Omega 6 tauksk\u0101bes:<\/span><span class=\"s2\"> ieg\u016btas no augu izcelsmes e\u013c\u013c\u0101m, t\u0101s atjauno \u0101das \u0161\u016bnas, nostiprina hidrolip\u012bdu barjeru un aizsarg\u0101 no oksidat\u012bv\u0101 stresa.<\/span><\/p>\n<\/li>\n<\/ul>\n<p>&nbsp;<\/p>\n<p class=\"p3\"><span class=\"s3\">Lieto\u0161ana:<\/span><\/p>\n<p class=\"p3\"><span class=\"s2\">Uzkl\u0101t uz t\u012bras \u0101das vai sejas un iemas\u0113t ar ap\u013cveida kust\u012bb\u0101m l\u012bdz piln\u012bgai uzs\u016bk\u0161anai. Piem\u0113rota ikdienas lieto\u0161anai vai k\u0101 mas\u0101\u017eas e\u013c\u013ca.<\/span><\/p>\n<\/div>\n","protected":false},"excerpt":{"rendered":"<p>Verdeoasi T\u012bra mande\u013cu e\u013c\u013ca 500 ml 99,4% dab\u012bgs sast\u0101vs | Auksti spiesta | Bag\u0101tin\u0101ta ar Omega 3 un 6 &nbsp; Apraksts: Augst\u0101k\u0101s kvalit\u0101tes mande\u013cu e\u013c\u013ca, ieg\u016bta aukst\u0101s spie\u0161anas ce\u013c\u0101 bez \u0137\u012bmisko \u0161\u0137\u012bdin\u0101t\u0101ju izmanto\u0161anas. Pateicoties r\u016bp\u012bgi saglab\u0101taj\u0101m vitam\u012bnu un lip\u012bdu \u012bpa\u0161\u012bb\u0101m, t\u0101 nodro\u0161ina intens\u012bvu \u0101das baro\u0161anu un aizsardz\u012bbu. Galven\u0101s priek\u0161roc\u012bbas: Dzi\u013ci mitrina un baro \u0101du Ide\u0101li piem\u0113rota mas\u0101\u017eai \u2013 gan \u0137erme\u0146a, gan sejas Pal\u012bdz atjaunot \u0101das elast\u012bbu un tonusu Nov\u0113r\u0161 sausumu un lob\u012b\u0161anos Efekt\u012bva pret strij\u0101m \u2013 gan profilaksei, gan \u0101rst\u0113\u0161anai Ieteicama ar\u012b topo\u0161aj\u0101m m\u0101mi\u0146\u0101m &nbsp; \u012apa\u0161\u012bbas: Viegls, netaukains sast\u0101vs \u0100tri&hellip;<\/p>\n","protected":false},"featured_media":8018,"template":"","meta":[],"product_brand":[],"product_cat":[64,73],"product_tag":[],"class_list":{"0":"post-889","1":"product","2":"type-product","3":"status-publish","4":"has-post-thumbnail","6":"product_cat-kermenu-kopsana","7":"product_cat-masaza","9":"first","10":"instock","11":"shipping-taxable","12":"purchasable","13":"product-type-simple"},"_links":{"self":[{"href":"https:\/\/www.happysunday.eu\/index.php?rest_route=\/wp\/v2\/product\/889","targetHints":{"allow":["GET"]}}],"collection":[{"href":"https:\/\/www.happysunday.eu\/index.php?rest_route=\/wp\/v2\/product"}],"about":[{"href":"https:\/\/www.happysunday.eu\/index.php?rest_route=\/wp\/v2\/types\/product"}],"wp:featuredmedia":[{"embeddable":true,"href":"https:\/\/www.happysunday.eu\/index.php?rest_route=\/wp\/v2\/media\/8018"}],"wp:attachment":[{"href":"https:\/\/www.happysunday.eu\/index.php?rest_route=%2Fwp%2Fv2%2Fmedia&parent=889"}],"wp:term":[{"taxonomy":"product_brand","embeddable":true,"href":"https:\/\/www.happysunday.eu\/index.php?rest_route=%2Fwp%2Fv2%2Fproduct_brand&post=889"},{"taxonomy":"product_cat","embeddable":true,"href":"https:\/\/www.happysunday.eu\/index.php?rest_route=%2Fwp%2Fv2%2Fproduct_cat&post=889"},{"taxonomy":"product_tag","embeddable":true,"href":"https:\/\/www.happysunday.eu\/index.php?rest_route=%2Fwp%2Fv2%2Fproduct_tag&post=889"}],"curies":[{"name":"wp","href":"https:\/\/api.w.org\/{rel}","templated":true}]}}