{"id":897,"date":"2021-01-28T14:43:04","date_gmt":"2021-01-28T14:43:04","guid":{"rendered":"https:\/\/www.happysunday.eu\/?post_type=product&#038;p=897"},"modified":"2026-04-07T06:55:51","modified_gmt":"2026-04-07T06:55:51","slug":"sea-salt-scrub-500ml","status":"publish","type":"product","link":"https:\/\/www.happysunday.eu\/?product=sea-salt-scrub-500ml","title":{"rendered":"J\u016aRAS S\u0100LS SKRUBIS AR TIMI\u0100NA \u0112TERISKO E\u013b\u013bU 500GR"},"content":{"rendered":"<div id=\"product-title\">\n<p><strong>DR KRAUT <b>SEA SALT SCRUB WITH THYME ESSENTIAL OIL<\/b><\/strong><\/p>\n<p>J\u016aRAS S\u0100LS SKRUBIS AR TIMI\u0100NA \u0112TERISKO E\u013b\u013bU<\/p>\n<p>Skrubis, kas veicina meh\u0101nisku p\u012blingu, kas atbr\u012bvo \u0101du no atmiru\u0161aj\u0101m \u0161\u016bn\u0101m, padarot to gludu, toniz\u0113tu un gatavu apstr\u0101des procesam. Timi\u0101na \u0113terisk\u0101 e\u013c\u013ca nodro\u0161ina atsvaidzino\u0161u efektu.<br \/>\nVEG\u0100NU FORMULA &#8211; 100% Dab\u012bga<\/p>\n<p>Skrubis, kas izveidots ar j\u016bras s\u0101\u013ciem meh\u0101niskai p\u012blingam, kas atbr\u012bvo \u0101du no atmiru\u0161aj\u0101m \u0161\u016bn\u0101m, padarot to gludu, toniz\u0113tu un gatavu uz\u0146emt akt\u012bv\u0101s sast\u0101vda\u013cas, kas ietvertas p\u0113c tam uzkl\u0101tajos produktos. Timi\u0101na un lavandas \u0113terisk\u0101s e\u013c\u013cas ar att\u012bro\u0161u un atsvaidzino\u0161u iedarb\u012bbu ir sajauktas ar augu e\u013c\u013c\u0101m, kas baro \u0101das hidrolip\u012bdu pl\u0113v\u012bti, padarot \u0101du elast\u012bgu un samtainu. Skrubja svaig\u0101 smar\u017ea atdz\u012bvina \u0137ermeni un pr\u0101tu, sniedzot intens\u012bvu labsaj\u016btas saj\u016btu p\u012blinga laik\u0101.<\/p>\n<p>J\u016bras s\u0101ls skrubis ir piem\u0113rots visiem \u0101das tipiem un to var lietot jebkur\u0101 vecum\u0101. \u0145emot v\u0113r\u0101 t\u0101 p\u012blinga sp\u0113ku, nav ieteicams to lietot uz ievainotas, jut\u012bgas vai neskartas \u0101das.<\/p>\n<p>Lieto\u0161ana:<\/p>\n<p>1. Pirms lieto\u0161anas r\u016bp\u012bgi samaisiet produktu, lai \u0161\u0137\u012bdums b\u016btu viendab\u012bgs un ieg\u016btu viendab\u012bgu savienojumu.<br \/>\n2. Uzkl\u0101jiet uz mitras \u0101das un maigi iemas\u0113jiet ar ap\u013cveida kust\u012bb\u0101m no apak\u0161as uz aug\u0161u 5-10 min\u016btes.<br \/>\n3. P\u0113c izv\u0113les: izmantojiet \u0137erme\u0146a mas\u0101\u017eas otas (V280G vai V281G), lai padar\u012btu p\u012blingu v\u0113l intens\u012bv\u0101ku.<br \/>\n4. R\u016bp\u012bgi noskalojiet ar siltu \u016bdeni un turpiniet ar parast\u0101 \u0137erme\u0146a kr\u0113ma uzkl\u0101\u0161anu.<\/p>\n<\/div>\n","protected":false},"excerpt":{"rendered":"<p>DR KRAUT SEA SALT SCRUB WITH THYME ESSENTIAL OIL J\u016aRAS S\u0100LS SKRUBIS AR TIMI\u0100NA \u0112TERISKO E\u013b\u013bU Skrubis, kas veicina meh\u0101nisku p\u012blingu, kas atbr\u012bvo \u0101du no atmiru\u0161aj\u0101m \u0161\u016bn\u0101m, padarot to gludu, toniz\u0113tu un gatavu apstr\u0101des procesam. Timi\u0101na \u0113terisk\u0101 e\u013c\u013ca nodro\u0161ina atsvaidzino\u0161u efektu. VEG\u0100NU FORMULA &#8211; 100% Dab\u012bga Skrubis, kas izveidots ar j\u016bras s\u0101\u013ciem meh\u0101niskai p\u012blingam, kas atbr\u012bvo \u0101du no atmiru\u0161aj\u0101m \u0161\u016bn\u0101m, padarot to gludu, toniz\u0113tu un gatavu uz\u0146emt akt\u012bv\u0101s sast\u0101vda\u013cas, kas ietvertas p\u0113c tam uzkl\u0101tajos produktos. Timi\u0101na un lavandas \u0113terisk\u0101s e\u013c\u013cas ar att\u012bro\u0161u un atsvaidzino\u0161u iedarb\u012bbu ir sajauktas ar augu e\u013c\u013c\u0101m,&hellip;<\/p>\n","protected":false},"featured_media":916,"template":"","meta":[],"product_brand":[],"product_cat":[64,73],"product_tag":[],"class_list":{"0":"post-897","1":"product","2":"type-product","3":"status-publish","4":"has-post-thumbnail","6":"product_cat-kermenu-kopsana","7":"product_cat-masaza","9":"first","10":"instock","11":"shipping-taxable","12":"purchasable","13":"product-type-simple"},"_links":{"self":[{"href":"https:\/\/www.happysunday.eu\/index.php?rest_route=\/wp\/v2\/product\/897","targetHints":{"allow":["GET"]}}],"collection":[{"href":"https:\/\/www.happysunday.eu\/index.php?rest_route=\/wp\/v2\/product"}],"about":[{"href":"https:\/\/www.happysunday.eu\/index.php?rest_route=\/wp\/v2\/types\/product"}],"wp:featuredmedia":[{"embeddable":true,"href":"https:\/\/www.happysunday.eu\/index.php?rest_route=\/wp\/v2\/media\/916"}],"wp:attachment":[{"href":"https:\/\/www.happysunday.eu\/index.php?rest_route=%2Fwp%2Fv2%2Fmedia&parent=897"}],"wp:term":[{"taxonomy":"product_brand","embeddable":true,"href":"https:\/\/www.happysunday.eu\/index.php?rest_route=%2Fwp%2Fv2%2Fproduct_brand&post=897"},{"taxonomy":"product_cat","embeddable":true,"href":"https:\/\/www.happysunday.eu\/index.php?rest_route=%2Fwp%2Fv2%2Fproduct_cat&post=897"},{"taxonomy":"product_tag","embeddable":true,"href":"https:\/\/www.happysunday.eu\/index.php?rest_route=%2Fwp%2Fv2%2Fproduct_tag&post=897"}],"curies":[{"name":"wp","href":"https:\/\/api.w.org\/{rel}","templated":true}]}}