{"id":9036,"date":"2026-03-01T07:55:54","date_gmt":"2026-03-01T07:55:54","guid":{"rendered":"https:\/\/www.happysunday.eu\/?post_type=product&#038;p=9036"},"modified":"2026-04-07T07:08:07","modified_gmt":"2026-04-07T07:08:07","slug":"glam-sampuns-matu-gludumam-un-mirdzumam-250-ml","status":"publish","type":"product","link":"https:\/\/www.happysunday.eu\/?product=glam-sampuns-matu-gludumam-un-mirdzumam-250-ml","title":{"rendered":"Glam \u0160amp\u016bns matu gludumam un mirdzumam \u2013 250 ml"},"content":{"rendered":"<p class=\"p1\"><span class=\"s1\">Profesion\u0101ls \u0161amp\u016bns no <\/span><span class=\"s2\">Dott.Solari Cosmetics Glam Smooth Hair<\/span><span class=\"s1\"> l\u012bnijas, rad\u012bts sieviet\u0113m un v\u012brie\u0161iem, kuri v\u0113las <\/span><span class=\"s2\">gludus, mirdzo\u0161us un disciplin\u0113tus matus bez p\u016bkain\u012bbas un nepaklaus\u012bbas<\/span><span class=\"s1\">. T\u0101 lielisk\u0101 formula apvieno dzi\u013cu att\u012br\u012b\u0161anu ar intens\u012bvu kop\u0161anu, lai katra mazg\u0101\u0161ana b\u016btu k\u0101 SPA proced\u016bra j\u016bsu matiem.<span class=\"Apple-converted-space\">\u00a0 <\/span><\/span><\/p>\n<p class=\"p1\"><span class=\"s1\">\ud83d\udcab <\/span><span class=\"s2\">Elegants un m\u012bksts rezult\u0101ts:<\/span><\/p>\n<p class=\"p1\"><span class=\"s1\">\u0160amp\u016bns maigi (bet efekt\u012bvi) att\u012bra matus un galvas \u0101du, <\/span><span class=\"s2\">no\u0146emot net\u012brumus un lieko taukain\u012bbu<\/span><span class=\"s1\">, vienlaikus saglab\u0101jot matu dabisko mitrumu un elast\u012bbu. Tas samazina nepaklaus\u012bgu friz\u016bru un padara matus viegli \u0137emm\u0113jamus.<span class=\"Apple-converted-space\">\u00a0 <\/span><\/span><\/p>\n<h3><span class=\"s1\">Ekskluz\u012bvie akt\u012bvie komponenti un to iedarb\u012bba<\/span><\/h3>\n<p class=\"p1\"><span class=\"s1\">\ud83c\udf3f <\/span><span class=\"s2\">Hidroliz\u0113ts kerat\u012bns<\/span><span class=\"s1\"> \u2013 viens no galvenajiem un augsti v\u0113rt\u0113tajiem matu kop\u0161anas komponentiem, kas <\/span><span class=\"s2\">atjauno boj\u0101to matu strukt\u016bru, stiprina matus no iek\u0161ienes<\/span><span class=\"s1\"> un pie\u0161\u0137ir tiem elast\u012bbu un dabisku sp\u012bdumu.<span class=\"Apple-converted-space\">\u00a0 <\/span><\/span><\/p>\n<p class=\"p1\"><span class=\"s1\">\ud83c\udf38 <\/span><span class=\"s2\">Hidroliz\u0113ts Verbascum Thapsus zieda ekstrakts<\/span><span class=\"s1\"> (l\u012b\u0137\u0113des auga ekstrakts) \u2013 dabisks augu izcelsmes elements, kas <\/span><span class=\"s2\">mitrina, nomierina un baro matus<\/span><span class=\"s1\">, padarot tie\u0161\u0101m gludus un mirdzo\u0161us.<span class=\"Apple-converted-space\">\u00a0 <\/span><\/span><\/p>\n<p class=\"p1\"><span class=\"s1\">\ud83d\udca7 <\/span><span class=\"s2\">Glicer\u012bns<\/span><span class=\"s1\"> \u2013 intens\u012bvi mitrina matus, <\/span><span class=\"s2\">uzlabo svaru un solventu l\u012bdzsvaru<\/span><span class=\"s1\"> matos, pal\u012bdzot saglab\u0101t vesel\u012bgu, elast\u012bgu un m\u012bkstu matu saj\u016btu p\u0113c katras lieto\u0161anas reizes.<span class=\"Apple-converted-space\">\u00a0 <\/span><\/span><\/p>\n<p class=\"p1\"><span class=\"s1\">\ud83c\udf1f <\/span><span class=\"s2\">Silkonu b\u0101zes komponenti (PEG\/PPG-20\/6 Dimeticone)<\/span><span class=\"s1\"> \u2013 veido aizsargsl\u0101ni ap matu \u0161\u0137iedru, <\/span><span class=\"s2\">pasarg\u0101jot to no mitruma zuduma un apk\u0101rt\u0113j\u0101s vides ietekmes<\/span><span class=\"s1\">, k\u0101 ar\u012b padarot matus vizu\u0101li sp\u012bd\u012bg\u0101kus un glud\u0101kus.<span class=\"Apple-converted-space\">\u00a0 <\/span><\/span><\/p>\n<p>&nbsp;<\/p>\n<h3><span class=\"s1\">Ieguvumi un \u012bpa\u0161\u012bbas<\/span><\/h3>\n<p class=\"p1\"><span class=\"s1\">\u2728 <\/span><span class=\"s2\">Gludums un sp\u012bdums:<\/span><span class=\"s1\"> \u0161amp\u016bna formula <\/span><span class=\"s2\">saglab\u0101 matu dabisko mirdzumu<\/span><span class=\"s1\">, padarot to vizu\u0101li vesel\u012bg\u0101ku un sp\u012bd\u012bg\u0101ku.<span class=\"Apple-converted-space\">\u00a0 <\/span><\/span><\/p>\n<p class=\"p1\"><span class=\"s1\">\ud83d\udc86\u200d\u2640\ufe0f <\/span><span class=\"s2\">Dzi\u013ca mitrin\u0101\u0161ana:<\/span><span class=\"s1\"> efekt\u012bvi mitrina matus tie\u0161i no sakn\u0113m l\u012bdz galotn\u0113m.<span class=\"Apple-converted-space\">\u00a0 <\/span><\/span><\/p>\n<p class=\"p1\"><span class=\"s1\">\ud83d\udcaa <\/span><span class=\"s2\">Stiprin\u0101\u0161ana un elast\u012bba:<\/span><span class=\"s1\"> kerat\u012bna kl\u0101tb\u016btne padara matus <\/span><span class=\"s2\">stipr\u0101kus un iztur\u012bg\u0101kus pret l\u016b\u0161anu<\/span><span class=\"s1\">.<span class=\"Apple-converted-space\">\u00a0 <\/span><\/span><\/p>\n<p class=\"p1\"><span class=\"s1\">\ud83e\udeae <\/span><span class=\"s2\">Viegla \u0137emm\u0113\u0161ana:<\/span><span class=\"s1\"> p\u0113c mazg\u0101\u0161anas mati vairs net\u016bkst un ir <\/span><span class=\"s2\">viegl\u0101k iz\u0137emm\u0113jami<\/span><span class=\"s1\">, samazinot boj\u0101jumu risku.<span class=\"Apple-converted-space\">\u00a0 <\/span><\/span><\/p>\n<p class=\"p3\">\n<h3><span class=\"s1\">Lieto\u0161anas instrukcija<\/span><\/h3>\n<ol start=\"1\">\n<li>\n<p class=\"p1\"><span class=\"s1\">Lietojiet uz mitriem matiem.<\/span><\/p>\n<\/li>\n<li>\n<p class=\"p1\"><span class=\"s1\">Uzkl\u0101jiet \u0161amp\u016bnu, viegli iemas\u0113jot to galvas \u0101d\u0101 un matos l\u012bdz puto\u0161anai.<\/span><\/p>\n<\/li>\n<li>\n<p class=\"p1\"><span class=\"s1\">R\u016bp\u012bgi izskalojiet.<\/span><\/p>\n<\/li>\n<li>\n<p class=\"p1\"><span class=\"s1\">Vajadz\u012bbas gad\u012bjum\u0101 atk\u0101rtojiet proced\u016bru.<span class=\"Apple-converted-space\">\u00a0 <\/span><\/span><\/p>\n<\/li>\n<\/ol>\n","protected":false},"excerpt":{"rendered":"<p>Profesion\u0101ls \u0161amp\u016bns no Dott.Solari Cosmetics Glam Smooth Hair l\u012bnijas, rad\u012bts sieviet\u0113m un v\u012brie\u0161iem, kuri v\u0113las gludus, mirdzo\u0161us un disciplin\u0113tus matus bez p\u016bkain\u012bbas un nepaklaus\u012bbas. T\u0101 lielisk\u0101 formula apvieno dzi\u013cu att\u012br\u012b\u0161anu ar intens\u012bvu kop\u0161anu, lai katra mazg\u0101\u0161ana b\u016btu k\u0101 SPA proced\u016bra j\u016bsu matiem.\u00a0 \ud83d\udcab Elegants un m\u012bksts rezult\u0101ts: \u0160amp\u016bns maigi (bet efekt\u012bvi) att\u012bra matus un galvas \u0101du, no\u0146emot net\u012brumus un lieko taukain\u012bbu, vienlaikus saglab\u0101jot matu dabisko mitrumu un elast\u012bbu. Tas samazina nepaklaus\u012bgu friz\u016bru un padara matus viegli \u0137emm\u0113jamus.\u00a0 Ekskluz\u012bvie akt\u012bvie komponenti un to iedarb\u012bba \ud83c\udf3f Hidroliz\u0113ts kerat\u012bns \u2013 viens no galvenajiem&hellip;<\/p>\n","protected":false},"featured_media":9037,"template":"","meta":[],"product_brand":[],"product_cat":[69],"product_tag":[],"class_list":{"0":"post-9036","1":"product","2":"type-product","3":"status-publish","4":"has-post-thumbnail","6":"product_cat-matu-kopsana-2","8":"first","9":"instock","10":"shipping-taxable","11":"purchasable","12":"product-type-simple"},"_links":{"self":[{"href":"https:\/\/www.happysunday.eu\/index.php?rest_route=\/wp\/v2\/product\/9036","targetHints":{"allow":["GET"]}}],"collection":[{"href":"https:\/\/www.happysunday.eu\/index.php?rest_route=\/wp\/v2\/product"}],"about":[{"href":"https:\/\/www.happysunday.eu\/index.php?rest_route=\/wp\/v2\/types\/product"}],"wp:featuredmedia":[{"embeddable":true,"href":"https:\/\/www.happysunday.eu\/index.php?rest_route=\/wp\/v2\/media\/9037"}],"wp:attachment":[{"href":"https:\/\/www.happysunday.eu\/index.php?rest_route=%2Fwp%2Fv2%2Fmedia&parent=9036"}],"wp:term":[{"taxonomy":"product_brand","embeddable":true,"href":"https:\/\/www.happysunday.eu\/index.php?rest_route=%2Fwp%2Fv2%2Fproduct_brand&post=9036"},{"taxonomy":"product_cat","embeddable":true,"href":"https:\/\/www.happysunday.eu\/index.php?rest_route=%2Fwp%2Fv2%2Fproduct_cat&post=9036"},{"taxonomy":"product_tag","embeddable":true,"href":"https:\/\/www.happysunday.eu\/index.php?rest_route=%2Fwp%2Fv2%2Fproduct_tag&post=9036"}],"curies":[{"name":"wp","href":"https:\/\/api.w.org\/{rel}","templated":true}]}}