{"id":9038,"date":"2026-03-01T07:59:29","date_gmt":"2026-03-01T07:59:29","guid":{"rendered":"https:\/\/www.happysunday.eu\/?post_type=product&#038;p=9038"},"modified":"2026-04-07T07:08:07","modified_gmt":"2026-04-07T07:08:07","slug":"glam-maska-matu-gludumam-un-mirdzumam-175-ml","status":"publish","type":"product","link":"https:\/\/www.happysunday.eu\/?product=glam-maska-matu-gludumam-un-mirdzumam-175-ml","title":{"rendered":"Glam Maska matu gludumam un mirdzumam \u2013 175 ml"},"content":{"rendered":"<p class=\"p1\"><span class=\"s1\">Izsmalcin\u0101ta un intens\u012bvi kopjo\u0161a <\/span><span class=\"s2\">maska matiem no Dott.Solari Cosmetics Glam Smooth Hair<\/span><span class=\"s1\"> l\u012bnijas \u2014 profesion\u0101ls risin\u0101jums sieviet\u0113m un v\u012brie\u0161iem, kuri v\u0113las <\/span><span class=\"s2\">izcili gludus, sp\u012bd\u012bgus un disciplin\u0113tus matus bez p\u016bkain\u012bbas un nek\u0101rt\u012bbas<\/span><span class=\"s1\">. T\u0101 ir ne tikai parasta maska \u2014 t\u0101s formula ir rad\u012bta t\u0101, lai <\/span><span class=\"s2\">atjaunotu, aizsarg\u0101tu un bag\u0101t\u012bgi barotu matus p\u0113c mazg\u0101\u0161anas<\/span><span class=\"s1\">, padarot tos viegli p\u0101rvald\u0101mus un vesel\u012bgi mirdzo\u0161us.<span class=\"Apple-converted-space\">\u00a0 <\/span><\/span><\/p>\n<p class=\"p2\">\n<h3><span class=\"s1\">Ekskluz\u012bvie akt\u012bvie komponenti un to iedarb\u012bba<\/span><\/h3>\n<p>&nbsp;<\/p>\n<p class=\"p1\"><span class=\"s1\">\ud83c\udf1f <\/span><span class=\"s2\">Hidroliz\u0113ts kerat\u012bns<\/span><span class=\"s1\"> \u2014 profesion\u0101ls kop\u0161anas elements, kas <\/span><span class=\"s2\">atjauno boj\u0101to matu strukt\u016bru, piepilda to ar sp\u0113ku un elast\u012bbu<\/span><span class=\"s1\">, nov\u0113r\u0161 l\u016b\u0161anu un padara matus j\u016btami glud\u0101kus un m\u012bkst\u0101kus.<span class=\"Apple-converted-space\">\u00a0 <\/span><\/span><\/p>\n<p class=\"p1\"><span class=\"s1\">\ud83d\udca7 <\/span><span class=\"s2\">Glicer\u012bns<\/span><span class=\"s1\"> \u2014 intens\u012bvi mitrina un <\/span><span class=\"s2\">notur optim\u0101lu mitruma l\u012bmeni matos<\/span><span class=\"s1\">, lai friz\u016bra saglab\u0101tu m\u012bkstumu un sp\u012bdumu visas dienas garum\u0101.<span class=\"Apple-converted-space\">\u00a0 <\/span><\/span><\/p>\n<p class=\"p1\"><span class=\"s1\">\u2728 <\/span><span class=\"s2\">Luminisc\u0113jo\u0161ie elementi (luminescina \/ Luminescent)<\/span><span class=\"s1\"> \u2014 \u012bpa\u0161a komponente, kas pie\u0161\u0137ir <\/span><span class=\"s2\">dabisku mirdzumu un vizu\u0101lu dz\u012bv\u012bgumu<\/span><span class=\"s1\">, padarot matus v\u0113l sievi\u0161\u0137\u012bg\u0101kus un apburo\u0161\u0101kus.<span class=\"Apple-converted-space\">\u00a0 <\/span><\/span><\/p>\n<p class=\"p1\"><span class=\"s1\">\ud83c\udf3f <\/span><span class=\"s2\">Augu ekstrakti (Hydrolyzed Verbascum Thapsus ziedu ekstrakts)<\/span><span class=\"s1\"> \u2014 maigi baro un <\/span><span class=\"s2\">nomierina matus un galvas \u0101du<\/span><span class=\"s1\">, bag\u0101tinot tos ar der\u012bg\u0101m viel\u0101m un pal\u012bdzot saglab\u0101t vesel\u012bgu izskatu.<span class=\"Apple-converted-space\">\u00a0 <\/span><\/span><\/p>\n<p class=\"p2\">\n<h3><span class=\"s1\">Ieguvumi un \u012bpa\u0161\u012bbas<\/span><\/h3>\n<p>&nbsp;<\/p>\n<p class=\"p1\"><span class=\"s1\">\u2728 <\/span><span class=\"s2\">Gluda, disciplin\u0113ta virsma:<\/span><span class=\"s1\"> maska akt\u012bvi izl\u012bdzina matu kutikulu, kas pal\u012bdz <\/span><span class=\"s2\">samazin\u0101t p\u016bkain\u012bbu un nepaklaus\u012bbu<\/span><span class=\"s1\">, padarot matus viegli vad\u0101mus.<span class=\"Apple-converted-space\">\u00a0 <\/span><\/span><\/p>\n<p class=\"p1\"><span class=\"s1\">\ud83d\udc86\u200d\u2640\ufe0f <\/span><span class=\"s2\">Bag\u0101t\u012bga baro\u0161ana:<\/span><span class=\"s1\"> dzi\u013ci mitrino\u0161a formula pie\u0161\u0137ir <\/span><span class=\"s2\">m\u012bkstumu un elast\u012bbu<\/span><span class=\"s1\">, padarot matus sp\u012bd\u012bgus un vesel\u012bgus no sakn\u0113m l\u012bdz galiem.<span class=\"Apple-converted-space\">\u00a0 <\/span><\/span><\/p>\n<p class=\"p1\"><span class=\"s1\">\ud83d\udee1 <\/span><span class=\"s2\">Aizsardz\u012bba pret \u0101r\u0113j\u0101m iedarb\u012bb\u0101m:<\/span><span class=\"s1\"> maska pal\u012bdz pasarg\u0101t matus no <\/span><span class=\"s2\">karstuma no f\u0113na vai taisnot\u0101ja, UV stariem un nelabv\u0113l\u012bgiem laikapst\u0101k\u013ciem<\/span><span class=\"s1\">, saglab\u0101jot to dabisko skaistumu.<span class=\"Apple-converted-space\">\u00a0 <\/span><\/span><\/p>\n<p class=\"p1\"><span class=\"s1\">\ud83d\udcab <\/span><span class=\"s2\">Nepiecie\u0161amais sp\u012bdums<\/span><span class=\"s1\"> \u2014 pateicoties speci\u0101lajiem luminisc\u0113jo\u0161ajiem elementiem, mati izskat\u0101s <\/span><span class=\"s2\">dz\u012bv\u012bg\u0101ki, mirdzo\u0161\u0101ki un vesel\u012bg\u0101ki<\/span><span class=\"s1\">.<span class=\"Apple-converted-space\">\u00a0 <\/span><\/span><\/p>\n<p class=\"p2\">\n<h3><span class=\"s1\">Lieto\u0161anas instrukcija<\/span><\/h3>\n<ol start=\"1\">\n<li>\n<p class=\"p1\"><span class=\"s1\">P\u0113c \u0161amp\u016bna uzkl\u0101jiet masku uz <\/span><span class=\"s2\">mitriem, not\u012br\u012btiem matiem<\/span><span class=\"s1\">.<\/span><\/p>\n<\/li>\n<li>\n<p class=\"p1\"><span class=\"s1\">Mas\u0113jiet l\u012bdz vienm\u0113r\u012bgai sadalei vis\u0101 garum\u0101.<\/span><\/p>\n<\/li>\n<li>\n<p class=\"p1\"><span class=\"s1\">Atst\u0101jiet iedarboties 5\u201310 min\u016btes<\/span><span class=\"s2\"> (atkar\u012bb\u0101 no matu st\u0101vok\u013ca un vajadz\u012bbas).<\/span><\/p>\n<\/li>\n<li>\n<p class=\"p1\"><span class=\"s1\">R\u016bp\u012bgi izskalojiet ar siltu \u016bdeni.<\/span><\/p>\n<\/li>\n<li>\n<p class=\"p1\"><span class=\"s1\">Lai ieg\u016btu sp\u0113c\u012bg\u0101ku rezult\u0101tu, izmantojiet kop\u0101 ar \u0161amp\u016bnu un citiem Glam Smooth Hair produktiem.<span class=\"Apple-converted-space\">\u00a0 <\/span><\/span><\/p>\n<\/li>\n<\/ol>\n","protected":false},"excerpt":{"rendered":"<p>Izsmalcin\u0101ta un intens\u012bvi kopjo\u0161a maska matiem no Dott.Solari Cosmetics Glam Smooth Hair l\u012bnijas \u2014 profesion\u0101ls risin\u0101jums sieviet\u0113m un v\u012brie\u0161iem, kuri v\u0113las izcili gludus, sp\u012bd\u012bgus un disciplin\u0113tus matus bez p\u016bkain\u012bbas un nek\u0101rt\u012bbas. T\u0101 ir ne tikai parasta maska \u2014 t\u0101s formula ir rad\u012bta t\u0101, lai atjaunotu, aizsarg\u0101tu un bag\u0101t\u012bgi barotu matus p\u0113c mazg\u0101\u0161anas, padarot tos viegli p\u0101rvald\u0101mus un vesel\u012bgi mirdzo\u0161us.\u00a0 Ekskluz\u012bvie akt\u012bvie komponenti un to iedarb\u012bba &nbsp; \ud83c\udf1f Hidroliz\u0113ts kerat\u012bns \u2014 profesion\u0101ls kop\u0161anas elements, kas atjauno boj\u0101to matu strukt\u016bru, piepilda to ar sp\u0113ku un elast\u012bbu, nov\u0113r\u0161 l\u016b\u0161anu un padara matus j\u016btami&hellip;<\/p>\n","protected":false},"featured_media":9039,"template":"","meta":[],"product_brand":[],"product_cat":[69],"product_tag":[],"class_list":{"0":"post-9038","1":"product","2":"type-product","3":"status-publish","4":"has-post-thumbnail","6":"product_cat-matu-kopsana-2","8":"first","9":"instock","10":"shipping-taxable","11":"purchasable","12":"product-type-simple"},"_links":{"self":[{"href":"https:\/\/www.happysunday.eu\/index.php?rest_route=\/wp\/v2\/product\/9038","targetHints":{"allow":["GET"]}}],"collection":[{"href":"https:\/\/www.happysunday.eu\/index.php?rest_route=\/wp\/v2\/product"}],"about":[{"href":"https:\/\/www.happysunday.eu\/index.php?rest_route=\/wp\/v2\/types\/product"}],"wp:featuredmedia":[{"embeddable":true,"href":"https:\/\/www.happysunday.eu\/index.php?rest_route=\/wp\/v2\/media\/9039"}],"wp:attachment":[{"href":"https:\/\/www.happysunday.eu\/index.php?rest_route=%2Fwp%2Fv2%2Fmedia&parent=9038"}],"wp:term":[{"taxonomy":"product_brand","embeddable":true,"href":"https:\/\/www.happysunday.eu\/index.php?rest_route=%2Fwp%2Fv2%2Fproduct_brand&post=9038"},{"taxonomy":"product_cat","embeddable":true,"href":"https:\/\/www.happysunday.eu\/index.php?rest_route=%2Fwp%2Fv2%2Fproduct_cat&post=9038"},{"taxonomy":"product_tag","embeddable":true,"href":"https:\/\/www.happysunday.eu\/index.php?rest_route=%2Fwp%2Fv2%2Fproduct_tag&post=9038"}],"curies":[{"name":"wp","href":"https:\/\/api.w.org\/{rel}","templated":true}]}}