{"id":9042,"date":"2026-03-01T08:04:49","date_gmt":"2026-03-01T08:04:49","guid":{"rendered":"https:\/\/www.happysunday.eu\/?post_type=product&#038;p=9042"},"modified":"2026-04-07T07:08:06","modified_gmt":"2026-04-07T07:08:06","slug":"glam-discipline-krems-disciplinejoss-cirtainiem-matiem-200-ml","status":"publish","type":"product","link":"https:\/\/www.happysunday.eu\/?product=glam-discipline-krems-disciplinejoss-cirtainiem-matiem-200-ml","title":{"rendered":"Glam Discipline Kr\u0113ms disciplin\u0113jo\u0161s cirtainiem matiem \u2013 200\u202fml"},"content":{"rendered":"<p class=\"p1\"><span class=\"s1\">Profesiona\u0304ls <\/span><span class=\"s2\">disciplin\u0113jo\u0161s kr\u0113ms matiem ar cirtainu tekst\u016bru<\/span><span class=\"s1\">, kas izstr\u0101d\u0101ts, lai <\/span><span class=\"s2\">p\u0101rvald\u012btu nepaklaus\u012bgus lokus, padar\u012btu tos elast\u012bg\u0101kus un skaisti defin\u0113tus<\/span><span class=\"s1\">. \u0160is kr\u0113ms no <\/span><span class=\"s3\">Dott.Solari Cosmetics Glam Discipline<\/span><span class=\"s1\"> l\u012bnijas ir ide\u0101ls risin\u0101jums sieviet\u0113m un v\u012brie\u0161iem, kuri v\u0113las <\/span><span class=\"s2\">skaidri struktur\u0113tus, mirdzo\u0161us un vesel\u012bgus lokus<\/span><span class=\"s1\">, nezaud\u0113jot matu dabisko apjomu un m\u012bkstumu.<span class=\"Apple-converted-space\">\u00a0<\/span><\/span><\/p>\n<p>&nbsp;<\/p>\n<h3><span class=\"s1\">Ekskluz\u012bvie akt\u012bvie komponenti un to iedarb\u012bba<\/span><\/h3>\n<p class=\"p1\"><span class=\"s1\">\ud83c\udf3f <\/span><span class=\"s2\">Moringas e\u013c\u013ca (Moringa Oleifera Seed Oil)<\/span><span class=\"s1\"> \u2013 dzi\u013ci baro un <\/span><span class=\"s2\">mitrina katru matu \u0161\u0137iedru<\/span><span class=\"s1\">, pal\u012bdzot kontrol\u0113t p\u016bkain\u012bbu un pie\u0161\u0137irot matiem vesel\u012bgu mirdzumu, nezaud\u0113jot dabisko kust\u012bbu.<span class=\"Apple-converted-space\">\u00a0 <\/span><\/span><\/p>\n<p class=\"p1\"><span class=\"s1\">\ud83d\udd25 <\/span><span class=\"s2\">Ingvera saknes ekstrakts (Zingiber Officinale Root Extract)<\/span><span class=\"s1\"> \u2013 dab\u012bgs antioksidants, kas <\/span><span class=\"s2\">stiprina un atjauno matu strukt\u016bru<\/span><span class=\"s1\">, veicinot elast\u012bbu un padarot lokus <\/span><span class=\"s2\">dz\u012bv\u012bgus un defin\u0113tus<\/span><span class=\"s1\">.<span class=\"Apple-converted-space\">\u00a0 <\/span><\/span><\/p>\n<p class=\"p1\"><span class=\"s1\">\ud83d\udca7 <\/span><span class=\"s2\">Glicer\u012bns un pantenols<\/span><span class=\"s1\"> \u2013 intens\u012bvi mitrina un <\/span><span class=\"s2\">notur mitrumu matu sl\u0113dzen\u0113s<\/span><span class=\"s1\">, atvieglojot \u0137emm\u0113\u0161anu un samazinot saboj\u0101to gali\u0146u ietekmi.<span class=\"Apple-converted-space\">\u00a0 <\/span><\/span><\/p>\n<p class=\"p1\"><span class=\"s1\">\u2728 <\/span><span class=\"s2\">Polyquaternium un elastom\u0113ri<\/span><span class=\"s1\"> \u2013 nodro\u0161ina <\/span><span class=\"s2\">vieglu, elast\u012bgu tur\u0113\u0161anu<\/span><span class=\"s1\">, kas <\/span><span class=\"s2\">nepie\u0161\u0137ir smagumu<\/span><span class=\"s1\"> un saglab\u0101 elegantu matu tekst\u016bru visas dienas garum\u0101.<span class=\"Apple-converted-space\">\u00a0 <\/span><\/span><\/p>\n<h3><\/h3>\n<h3><span class=\"s1\">Ieguvumi un \u012bpa\u0161\u012bbas<\/span><\/h3>\n<p class=\"p1\"><span class=\"s1\">\ud83d\udcab <\/span><span class=\"s2\">Viegla mitrin\u0101\u0161ana un baro\u0161ana:<\/span><span class=\"s1\"> formula <\/span><span class=\"s2\">neuzb\u0101z\u012bgi baro matus<\/span><span class=\"s1\">, lai tie b\u016btu elast\u012bgi un m\u012bksti uz tausti, nezaud\u0113jot apjomu.<span class=\"Apple-converted-space\">\u00a0 <\/span><\/span><\/p>\n<p class=\"p1\"><span class=\"s1\">\u2728 <\/span><span class=\"s2\">Skait\u012btas, sp\u012bd\u012bgas cirtas:<\/span><span class=\"s1\"> kr\u0113ms pal\u012bdz <\/span><span class=\"s2\">izcelt lokus, pie\u0161\u0137irot tiem spo\u017eumu un skaistu formu<\/span><span class=\"s1\">.<span class=\"Apple-converted-space\">\u00a0 <\/span><\/span><\/p>\n<p class=\"p1\"><span class=\"s1\">\ud83c\udf00 <\/span><span class=\"s2\">Samazin\u0101ts p\u016bkain\u012bbas efekts:<\/span><span class=\"s1\"> discipl\u012bna un m\u012bkstums visa garuma matiem \u2014 t\u0101 ir key \u012bpa\u0161\u012bba, ko sagaida \u012bpa\u0161nieces cirtainiem matiem.<span class=\"Apple-converted-space\">\u00a0 <\/span><\/span><\/p>\n<p class=\"p1\"><span class=\"s1\">\ud83e\udeae <\/span><span class=\"s2\">Viegli \u0137emm\u0113t:<\/span><span class=\"s1\"> mati k\u013c\u016bst <\/span><span class=\"s2\">vad\u0101m\u0101ki un maz\u0101k sapinu\u0161ies<\/span><span class=\"s1\">, paildzinot styling efektu.<span class=\"Apple-converted-space\">\u00a0 <\/span><\/span><\/p>\n<p class=\"p2\">\n<h3><span class=\"s1\">Lieto\u0161anas instrukcija<\/span><\/h3>\n<ol start=\"1\">\n<li>\n<p class=\"p1\"><span class=\"s1\">P\u0113c mazg\u0101\u0161anas<\/span><span class=\"s2\"> \u2014 uzkl\u0101jiet kr\u0113mu uz <\/span><span class=\"s1\">mitriem, nosusin\u0101tiem ar dvieli matiem<\/span><span class=\"s2\">.<\/span><\/p>\n<\/li>\n<li>\n<p class=\"p1\"><span class=\"s1\">Vienm\u0113r\u012bgi izkl\u0101jiet<\/span><span class=\"s2\"> no sakn\u0113m l\u012bdz galiem, \u012bpa\u0161u uzman\u012bbu piev\u0113r\u0161ot viet\u0101m ar sp\u0113c\u012bg\u0101kiem lokiem.<\/span><\/p>\n<\/li>\n<li>\n<p class=\"p1\"><span class=\"s1\">Nav j\u0101skalo<\/span><span class=\"s2\"> \u2014 dodiet va\u013cu dabiskai \u017e\u0101v\u0113\u0161anai vai izmantojiet difuzoru, lai paaugstin\u0101tu cirtu defin\u012bciju.<\/span><\/p>\n<\/li>\n<li>\n<p class=\"p1\"><span class=\"s1\">Papildus efekts:<\/span><span class=\"s2\"> ja nepiecie\u0161ams, uzkl\u0101jiet nelielu kr\u0113ma daudzumu uz <\/span><span class=\"s1\">sausiem matiem<\/span><span class=\"s2\">, lai atsvaidzin\u0101tu lokus dienas gait\u0101. <\/span><\/p>\n<\/li>\n<\/ol>\n<p>&nbsp;<\/p>\n","protected":false},"excerpt":{"rendered":"<p>Profesiona\u0304ls disciplin\u0113jo\u0161s kr\u0113ms matiem ar cirtainu tekst\u016bru, kas izstr\u0101d\u0101ts, lai p\u0101rvald\u012btu nepaklaus\u012bgus lokus, padar\u012btu tos elast\u012bg\u0101kus un skaisti defin\u0113tus. \u0160is kr\u0113ms no Dott.Solari Cosmetics Glam Discipline l\u012bnijas ir ide\u0101ls risin\u0101jums sieviet\u0113m un v\u012brie\u0161iem, kuri v\u0113las skaidri struktur\u0113tus, mirdzo\u0161us un vesel\u012bgus lokus, nezaud\u0113jot matu dabisko apjomu un m\u012bkstumu.\u00a0 &nbsp; Ekskluz\u012bvie akt\u012bvie komponenti un to iedarb\u012bba \ud83c\udf3f Moringas e\u013c\u013ca (Moringa Oleifera Seed Oil) \u2013 dzi\u013ci baro un mitrina katru matu \u0161\u0137iedru, pal\u012bdzot kontrol\u0113t p\u016bkain\u012bbu un pie\u0161\u0137irot matiem vesel\u012bgu mirdzumu, nezaud\u0113jot dabisko kust\u012bbu.\u00a0 \ud83d\udd25 Ingvera saknes ekstrakts (Zingiber Officinale Root Extract) \u2013 dab\u012bgs&hellip;<\/p>\n","protected":false},"featured_media":9043,"template":"","meta":[],"product_brand":[],"product_cat":[69],"product_tag":[],"class_list":{"0":"post-9042","1":"product","2":"type-product","3":"status-publish","4":"has-post-thumbnail","6":"product_cat-matu-kopsana-2","8":"first","9":"instock","10":"shipping-taxable","11":"purchasable","12":"product-type-simple"},"_links":{"self":[{"href":"https:\/\/www.happysunday.eu\/index.php?rest_route=\/wp\/v2\/product\/9042","targetHints":{"allow":["GET"]}}],"collection":[{"href":"https:\/\/www.happysunday.eu\/index.php?rest_route=\/wp\/v2\/product"}],"about":[{"href":"https:\/\/www.happysunday.eu\/index.php?rest_route=\/wp\/v2\/types\/product"}],"wp:featuredmedia":[{"embeddable":true,"href":"https:\/\/www.happysunday.eu\/index.php?rest_route=\/wp\/v2\/media\/9043"}],"wp:attachment":[{"href":"https:\/\/www.happysunday.eu\/index.php?rest_route=%2Fwp%2Fv2%2Fmedia&parent=9042"}],"wp:term":[{"taxonomy":"product_brand","embeddable":true,"href":"https:\/\/www.happysunday.eu\/index.php?rest_route=%2Fwp%2Fv2%2Fproduct_brand&post=9042"},{"taxonomy":"product_cat","embeddable":true,"href":"https:\/\/www.happysunday.eu\/index.php?rest_route=%2Fwp%2Fv2%2Fproduct_cat&post=9042"},{"taxonomy":"product_tag","embeddable":true,"href":"https:\/\/www.happysunday.eu\/index.php?rest_route=%2Fwp%2Fv2%2Fproduct_tag&post=9042"}],"curies":[{"name":"wp","href":"https:\/\/api.w.org\/{rel}","templated":true}]}}