{"id":917,"date":"2021-01-28T14:55:40","date_gmt":"2021-01-28T14:55:40","guid":{"rendered":"https:\/\/www.happysunday.eu\/?post_type=product&#038;p=917"},"modified":"2026-04-07T06:55:51","modified_gmt":"2026-04-07T06:55:51","slug":"strong-gelscrub-500ml","status":"publish","type":"product","link":"https:\/\/www.happysunday.eu\/?product=strong-gelscrub-500ml","title":{"rendered":"SP\u0112C\u012aGS GELSKKRUBIS AR DAB\u012aG\u0100M MIKROGRANUL\u0100M UN GLIKOLISK\u0100BI 500ML"},"content":{"rendered":"<p>DR KRAUT\u00a0<b><strong>STRONG GELSCRUB WITH NATURAL MICROGRANULES AND GLYCOLIC ACID<\/strong><\/b><\/p>\n<p>Intens\u012bvs \u017eelejas skrubis ar dab\u012bg\u0101m mikrogranul\u0101m un glikolsk\u0101bi.<\/p>\n<p>\u0136\u012bmiskais p\u012blings, ko veicina glikolsk\u0101be, un meh\u0101nisks p\u012blings, pateicoties dab\u012bgaj\u0101m mikrogranul\u0101m, kas no\u0146em visus net\u012brumus un virspus\u0113j\u0101s atmiru\u0161\u0101s \u0161\u016bnas, stimul\u0113jot \u0161\u016bnu apriti, nodro\u0161inot kompaktumu un gludumu.<br \/>\n95,81% dab\u012bgs<\/p>\n<p>Skrubis ar g\u0113la tekst\u016bru, kas veic dubultu p\u012blinga darb\u012bbu: dabisko mikrogranulu kl\u0101tb\u016btne veicina efekt\u012bvu meh\u0101nisko p\u012blingu, kas sp\u0113j no\u0146emt virspus\u0113jus \u0101das net\u012brumus un stimul\u0113t dabisko \u0161\u016bnu apriti; glu\u017ei pret\u0113ji, glikolsk\u0101be stimul\u0113 \u0137\u012bmisko p\u012blingu, veicinot kolag\u0113na un elast\u012bna ra\u017eo\u0161anu, pie\u0161\u0137irot \u0101dai tvirtumu un gludumu. Formula ir bag\u0101tin\u0101ta ar nomierino\u0161\u0101m sast\u0101vda\u013c\u0101m, lai kontrol\u0113tu un izvair\u012btos no \u0101das kairin\u0101juma un aps\u0101rtuma, ko izraisa skrubja p\u012blinga darb\u012bba.<\/p>\n<p>Strong Gelscrub ir paredz\u0113ts iztur\u012bg\u0101m \u0101d\u0101m, kas nav pak\u013cautas kapil\u0101ru trauslumam, jo veic intens\u012bvu p\u012blinga darb\u012bbu. Produktu nav ieteicams lietot vasar\u0101, jo glikolsk\u0101be ir \u013coti gaismjut\u012bga p\u012blinga sk\u0101be un saules iedarb\u012bba p\u0113c lieto\u0161anas var izrais\u012bt kairin\u0101jumu un \u0101das boj\u0101jumus.<\/p>\n<p>Lieto\u0161ana:<\/p>\n<p>1. Pirms lieto\u0161anas r\u016bp\u012bgi samaisiet produktu, lai \u0161\u0137\u012bdums b\u016btu viendab\u012bgs un ieg\u016btu viendab\u012bgu savienojumu.<br \/>\n2. Uzkl\u0101jiet uz mitras \u0101das un maigi iemas\u0113jiet ar ap\u013cveida kust\u012bb\u0101m no apak\u0161as uz aug\u0161u 5-10 min\u016btes.<br \/>\n3. P\u0113c izv\u0113les: izmantojiet \u0137erme\u0146a mas\u0101\u017eas otas (V280G vai V281G), lai padar\u012btu p\u012blingu v\u0113l intens\u012bv\u0101ku.<br \/>\n4. R\u016bp\u012bgi noskalojiet ar siltu \u016bdeni un turpiniet ar parast\u0101 \u0137erme\u0146a kr\u0113ma uzkl\u0101\u0161anu.<\/p>\n<p>Akt\u012bv\u0101s sast\u0101vda\u013cas:<\/p>\n<p>DAB\u012aG\u0100S MIKROGRANULAS: augu mikrogranulas, kas ieg\u016btas no celulozes, kas ieg\u016bta no kokiem. To dabisk\u0101 izl\u012bdzino\u0161\u0101 darb\u012bba maigi noloba \u0101du.<br \/>\nGLIKOLISK\u0100BE: Glikolsk\u0101be ir dabiski sastopama sk\u0101be, kas ieg\u016bta no cukurniedr\u0113m un citiem augiem, to izmanto \u0101das p\u012blinga proced\u016br\u0101s, jo t\u0101 stimul\u0113 un veicina dabisko \u0101das lob\u012b\u0161anos.<br \/>\nJ\u016aRAS KOLAG\u0112NS: pateicoties iev\u0113rojamajai afinit\u0101tei ar cilv\u0113ka kolag\u0113na strukt\u016bru, j\u016bras kolag\u0113ns saist\u0101s ar \u0101das kerat\u012bna sl\u0101\u0146iem, saglab\u0101jot \u016bdens molekulas un pie\u0161\u0137irot \u0101das virsmai glud\u0101ku un glud\u0101ku.<br \/>\nPANTENOLS: paz\u012bstams ar\u012b k\u0101 B5 vitam\u012bns, kam rakstur\u012bgas re\u0123ener\u0113jo\u0161as un nomierino\u0161as \u012bpa\u0161\u012bbas, saglab\u0101jot \u0101du elast\u012bgu un aizsarg\u0101tu.<br \/>\nHAMAMELIS \u016aDENS: nomierino\u0161s ziedu ekstrakts, kas piem\u0113rots pat visjut\u012bg\u0101kajai \u0101dai, \u0146emot v\u0113r\u0101 t\u0101 izcil\u0101s nomierino\u0161\u0101s \u012bpa\u0161\u012bbas.<br \/>\nALOE VERA: paz\u012bstama ar sav\u0101m nomierino\u0161aj\u0101m, m\u012bkstino\u0161aj\u0101m un mitrino\u0161aj\u0101m \u012bpa\u0161\u012bb\u0101m. M\u012bkstina un atsvaidzina \u0101du.<\/p>\n","protected":false},"excerpt":{"rendered":"<p>DR KRAUT\u00a0STRONG GELSCRUB WITH NATURAL MICROGRANULES AND GLYCOLIC ACID Intens\u012bvs \u017eelejas skrubis ar dab\u012bg\u0101m mikrogranul\u0101m un glikolsk\u0101bi. \u0136\u012bmiskais p\u012blings, ko veicina glikolsk\u0101be, un meh\u0101nisks p\u012blings, pateicoties dab\u012bgaj\u0101m mikrogranul\u0101m, kas no\u0146em visus net\u012brumus un virspus\u0113j\u0101s atmiru\u0161\u0101s \u0161\u016bnas, stimul\u0113jot \u0161\u016bnu apriti, nodro\u0161inot kompaktumu un gludumu. 95,81% dab\u012bgs Skrubis ar g\u0113la tekst\u016bru, kas veic dubultu p\u012blinga darb\u012bbu: dabisko mikrogranulu kl\u0101tb\u016btne veicina efekt\u012bvu meh\u0101nisko p\u012blingu, kas sp\u0113j no\u0146emt virspus\u0113jus \u0101das net\u012brumus un stimul\u0113t dabisko \u0161\u016bnu apriti; glu\u017ei pret\u0113ji, glikolsk\u0101be stimul\u0113 \u0137\u012bmisko p\u012blingu, veicinot kolag\u0113na un elast\u012bna ra\u017eo\u0161anu, pie\u0161\u0137irot \u0101dai tvirtumu un gludumu. Formula ir&hellip;<\/p>\n","protected":false},"featured_media":918,"template":"","meta":[],"product_brand":[],"product_cat":[64,73],"product_tag":[],"class_list":{"0":"post-917","1":"product","2":"type-product","3":"status-publish","4":"has-post-thumbnail","6":"product_cat-kermenu-kopsana","7":"product_cat-masaza","9":"first","10":"instock","11":"shipping-taxable","12":"purchasable","13":"product-type-simple"},"_links":{"self":[{"href":"https:\/\/www.happysunday.eu\/index.php?rest_route=\/wp\/v2\/product\/917","targetHints":{"allow":["GET"]}}],"collection":[{"href":"https:\/\/www.happysunday.eu\/index.php?rest_route=\/wp\/v2\/product"}],"about":[{"href":"https:\/\/www.happysunday.eu\/index.php?rest_route=\/wp\/v2\/types\/product"}],"wp:featuredmedia":[{"embeddable":true,"href":"https:\/\/www.happysunday.eu\/index.php?rest_route=\/wp\/v2\/media\/918"}],"wp:attachment":[{"href":"https:\/\/www.happysunday.eu\/index.php?rest_route=%2Fwp%2Fv2%2Fmedia&parent=917"}],"wp:term":[{"taxonomy":"product_brand","embeddable":true,"href":"https:\/\/www.happysunday.eu\/index.php?rest_route=%2Fwp%2Fv2%2Fproduct_brand&post=917"},{"taxonomy":"product_cat","embeddable":true,"href":"https:\/\/www.happysunday.eu\/index.php?rest_route=%2Fwp%2Fv2%2Fproduct_cat&post=917"},{"taxonomy":"product_tag","embeddable":true,"href":"https:\/\/www.happysunday.eu\/index.php?rest_route=%2Fwp%2Fv2%2Fproduct_tag&post=917"}],"curies":[{"name":"wp","href":"https:\/\/api.w.org\/{rel}","templated":true}]}}